{"id":336,"date":"2015-08-15T22:52:05","date_gmt":"2015-08-16T01:52:05","guid":{"rendered":"https:\/\/wp.ufpel.edu.br\/ib\/?page_id=336"},"modified":"2016-02-07T03:23:09","modified_gmt":"2016-02-07T05:23:09","slug":"rafael-gianella-mondadori","status":"publish","type":"page","link":"https:\/\/wp.ufpel.edu.br\/ib\/rafael-gianella-mondadori\/","title":{"rendered":"Rafael Gianella Mondadori"},"content":{"rendered":"<p><strong>\u00a0Rafael Gianella Mondadori<\/strong>\u00a0<strong>&#8211;<\/strong> Professor\u00a0Adjunto<\/p>\n<p><strong>Pr\u00e9dio:<\/strong>\u00a0Departamento de Morfologia,\u00a0<em>Campus\u00a0<\/em>da Faculdade de Medicina<\/p>\n<p><strong>Sala:\u00a0<\/strong>Identifica\u00e7\u00e3o na porta<\/p>\n<p><strong>Telefone:<\/strong><strong>\u00a0<\/strong>(53)\u00a03221-1044<\/p>\n<p><strong>E-mail:<\/strong>\u00a0rgmondadori@gmail.com<\/p>\n<p><a href=\"http:\/\/lattes.cnpq.br\/8612494494829912\" target=\"_blank\"><strong>Lattes<\/strong><\/a><\/p>\n<p>&nbsp;<\/p>\n<p><strong>Disciplinas:<\/strong><\/p>\n<p><em>Gradua\u00e7\u00e3o<\/em><\/p>\n<p>&#8211; Histologia II &#8211; Curso de Nutri\u00e7\u00e3o<\/p>\n<p>&#8211; Histologia dos animais Dom\u00e9sticos II &#8211; Curso de Zootecnia<\/p>\n<p>&#8211; Histologia &#8211; Curso de Veterin\u00e1ria<\/p>\n<p>&#8211; Histologia II &#8211; Curso de Medicina<\/p>\n<p>&nbsp;<\/p>\n<p><strong>Linhas de pesquisa:<\/strong><\/p>\n<p>&#8211; Criopreserva\u00e7\u00e3o de gametas e insemina\u00e7\u00e3o artificial<\/p>\n<p>&#8211; Efici\u00eancia reprodutiva<\/p>\n<p>&#8211; Influ\u00eancias metab\u00f3licas sobre a fun\u00e7\u00e3o reprodutiva em f\u00eameas su\u00ednas<\/p>\n","protected":false},"excerpt":{"rendered":"<p>\u00a0Rafael Gianella Mondadori\u00a0&#8211; Professor\u00a0Adjunto Pr\u00e9dio:\u00a0Departamento de Morfologia,\u00a0Campus\u00a0da Faculdade de Medicina Sala:\u00a0Identifica\u00e7\u00e3o na porta Telefone:\u00a0(53)\u00a03221-1044 E-mail:\u00a0rgmondadori@gmail.com Lattes &nbsp; Disciplinas: Gradua\u00e7\u00e3o &#8211; Histologia II &#8211; Curso de Nutri\u00e7\u00e3o &#8211; Histologia dos animais Dom\u00e9sticos II &#8211; Curso de Zootecnia &#8211; Histologia &#8211; Curso de Veterin\u00e1ria &#8211; Histologia II &#8211; Curso de Medicina &nbsp; Linhas de pesquisa: &#8211; Criopreserva\u00e7\u00e3o [&hellip;]<\/p>\n","protected":false},"author":488,"featured_media":0,"parent":0,"menu_order":0,"comment_status":"closed","ping_status":"closed","template":"","meta":{"jetpack_post_was_ever_published":false,"footnotes":""},"class_list":["post-336","page","type-page","status-publish","hentry"],"jetpack_sharing_enabled":true,"jetpack_shortlink":"https:\/\/wp.me\/P6S2gY-5q","_links":{"self":[{"href":"https:\/\/wp.ufpel.edu.br\/ib\/wp-json\/wp\/v2\/pages\/336","targetHints":{"allow":["GET"]}}],"collection":[{"href":"https:\/\/wp.ufpel.edu.br\/ib\/wp-json\/wp\/v2\/pages"}],"about":[{"href":"https:\/\/wp.ufpel.edu.br\/ib\/wp-json\/wp\/v2\/types\/page"}],"author":[{"embeddable":true,"href":"https:\/\/wp.ufpel.edu.br\/ib\/wp-json\/wp\/v2\/users\/488"}],"replies":[{"embeddable":true,"href":"https:\/\/wp.ufpel.edu.br\/ib\/wp-json\/wp\/v2\/comments?post=336"}],"version-history":[{"count":4,"href":"https:\/\/wp.ufpel.edu.br\/ib\/wp-json\/wp\/v2\/pages\/336\/revisions"}],"predecessor-version":[{"id":854,"href":"https:\/\/wp.ufpel.edu.br\/ib\/wp-json\/wp\/v2\/pages\/336\/revisions\/854"}],"wp:attachment":[{"href":"https:\/\/wp.ufpel.edu.br\/ib\/wp-json\/wp\/v2\/media?parent=336"}],"curies":[{"name":"wp","href":"https:\/\/api.w.org\/{rel}","templated":true}]}}