{"id":334,"date":"2015-08-15T22:51:44","date_gmt":"2015-08-16T01:51:44","guid":{"rendered":"https:\/\/wp.ufpel.edu.br\/ib\/?page_id=334"},"modified":"2016-02-07T02:19:22","modified_gmt":"2016-02-07T04:19:22","slug":"rafael-bueno-orcy","status":"publish","type":"page","link":"https:\/\/wp.ufpel.edu.br\/ib\/rafael-bueno-orcy\/","title":{"rendered":"Rafael Bueno Orcy"},"content":{"rendered":"<p><strong>Rafael Bueno Orcy\u00a0&#8211;<\/strong>\u00a0Professor\u00a0Adjunto<\/p>\n<p><strong>Pr\u00e9dio:<\/strong>\u00a026 (<em>Campus\u00a0<\/em>Cap\u00e3o do Le\u00e3o)<\/p>\n<p><strong>Sala: <\/strong>Identifica\u00e7\u00e3o na porta<\/p>\n<p><strong>Telefone:<\/strong><strong>\u00a0<\/strong>(53)\u00a03275-7337<\/p>\n<p><strong>E-mail:<\/strong>\u00a0rafaelorcy@gmail.com<\/p>\n<p><a href=\"http:\/\/lattes.cnpq.br\/8989627510282999\"><strong>Lattes<\/strong><\/a><\/p>\n<p>&nbsp;<\/p>\n<p><strong>Disciplinas:<\/strong><\/p>\n<p><em>Gradua\u00e7\u00e3o<\/em><\/p>\n<p>&#8211; Fisiologia Aplicada a Odontologia I &#8211; Curso de Odontologia<\/p>\n<p>&#8211; Fisiologia<\/p>\n<p>&nbsp;<\/p>\n<p><strong>Linhas de pesquisa:<\/strong><\/p>\n<p>-Efeitos do Exerc\u00edcio F\u00edsico nos par\u00e2metros inflamat\u00f3rios e na resist\u00eancia\u00a0\u00e0 insulina<\/p>\n<p>-Reabilita\u00e7\u00e3o do paciente com doen\u00e7a renal cr\u00f4nica<\/p>\n","protected":false},"excerpt":{"rendered":"<p>Rafael Bueno Orcy\u00a0&#8211;\u00a0Professor\u00a0Adjunto Pr\u00e9dio:\u00a026 (Campus\u00a0Cap\u00e3o do Le\u00e3o) Sala: Identifica\u00e7\u00e3o na porta Telefone:\u00a0(53)\u00a03275-7337 E-mail:\u00a0rafaelorcy@gmail.com Lattes &nbsp; Disciplinas: Gradua\u00e7\u00e3o &#8211; Fisiologia Aplicada a Odontologia I &#8211; Curso de Odontologia &#8211; Fisiologia &nbsp; Linhas de pesquisa: -Efeitos do Exerc\u00edcio F\u00edsico nos par\u00e2metros inflamat\u00f3rios e na resist\u00eancia\u00a0\u00e0 insulina -Reabilita\u00e7\u00e3o do paciente com doen\u00e7a renal cr\u00f4nica<\/p>\n","protected":false},"author":488,"featured_media":0,"parent":0,"menu_order":0,"comment_status":"closed","ping_status":"closed","template":"","meta":{"jetpack_post_was_ever_published":false,"footnotes":""},"class_list":["post-334","page","type-page","status-publish","hentry"],"jetpack_sharing_enabled":true,"jetpack_shortlink":"https:\/\/wp.me\/P6S2gY-5o","_links":{"self":[{"href":"https:\/\/wp.ufpel.edu.br\/ib\/wp-json\/wp\/v2\/pages\/334","targetHints":{"allow":["GET"]}}],"collection":[{"href":"https:\/\/wp.ufpel.edu.br\/ib\/wp-json\/wp\/v2\/pages"}],"about":[{"href":"https:\/\/wp.ufpel.edu.br\/ib\/wp-json\/wp\/v2\/types\/page"}],"author":[{"embeddable":true,"href":"https:\/\/wp.ufpel.edu.br\/ib\/wp-json\/wp\/v2\/users\/488"}],"replies":[{"embeddable":true,"href":"https:\/\/wp.ufpel.edu.br\/ib\/wp-json\/wp\/v2\/comments?post=334"}],"version-history":[{"count":4,"href":"https:\/\/wp.ufpel.edu.br\/ib\/wp-json\/wp\/v2\/pages\/334\/revisions"}],"predecessor-version":[{"id":832,"href":"https:\/\/wp.ufpel.edu.br\/ib\/wp-json\/wp\/v2\/pages\/334\/revisions\/832"}],"wp:attachment":[{"href":"https:\/\/wp.ufpel.edu.br\/ib\/wp-json\/wp\/v2\/media?parent=334"}],"curies":[{"name":"wp","href":"https:\/\/api.w.org\/{rel}","templated":true}]}}