{"id":322,"date":"2015-08-15T22:50:00","date_gmt":"2015-08-16T01:50:00","guid":{"rendered":"https:\/\/wp.ufpel.edu.br\/ib\/?page_id=322"},"modified":"2016-05-11T08:32:06","modified_gmt":"2016-05-11T11:32:06","slug":"mateus-casanova-dos-santos","status":"publish","type":"page","link":"https:\/\/wp.ufpel.edu.br\/ib\/mateus-casanova-dos-santos\/","title":{"rendered":"Mateus Casanova dos Santos"},"content":{"rendered":"<p><strong>Mateus Casanova dos Santos\u00a0&#8211;<\/strong>\u00a0Professor\u00a0Adjunto<\/p>\n<p><strong>Pr\u00e9dio:\u00a0<\/strong>Departamento de Morfologia, <em>Campus<\/em>\u00a0da Faculdade de Medicina<\/p>\n<p><strong>Sala:\u00a0<\/strong>Identifica\u00e7\u00e3o na porta<\/p>\n<p><strong>Telefone:<\/strong><strong>\u00a0<\/strong>(53)\u00a03283-1126<\/p>\n<p><strong>E-mail:<\/strong>\u00a0mateuscasasantos@gmail.com<\/p>\n<p><a href=\"http:\/\/lattes.cnpq.br\/4734280097069236\" target=\"_blank\"><strong>Lattes<\/strong><\/a><\/p>\n<p>&nbsp;<\/p>\n<p><strong>Disciplinas:<\/strong><\/p>\n<p>&nbsp;<\/p>\n<p><strong>Linhas de pesquisa:<\/strong><\/p>\n<p>&#8211; Morfologia<\/p>\n<p>&#8211; Gest\u00e3o, Curr\u00edculo e Pr\u00e1ticas Educativas<\/p>\n<p>&#8211; Pedagogia em Anatomia Humana<\/p>\n<p>&#8211; Acupuntura e controle da dor<\/p>\n<p>&#8211; Neuromodula\u00e7\u00e3o<\/p>\n","protected":false},"excerpt":{"rendered":"<p>Mateus Casanova dos Santos\u00a0&#8211;\u00a0Professor\u00a0Adjunto Pr\u00e9dio:\u00a0Departamento de Morfologia, Campus\u00a0da Faculdade de Medicina Sala:\u00a0Identifica\u00e7\u00e3o na porta Telefone:\u00a0(53)\u00a03283-1126 E-mail:\u00a0mateuscasasantos@gmail.com Lattes &nbsp; Disciplinas: &nbsp; Linhas de pesquisa: &#8211; Morfologia &#8211; Gest\u00e3o, Curr\u00edculo e Pr\u00e1ticas Educativas &#8211; Pedagogia em Anatomia Humana &#8211; Acupuntura e controle da dor &#8211; Neuromodula\u00e7\u00e3o<\/p>\n","protected":false},"author":488,"featured_media":0,"parent":0,"menu_order":0,"comment_status":"closed","ping_status":"closed","template":"","meta":{"jetpack_post_was_ever_published":false,"footnotes":""},"class_list":["post-322","page","type-page","status-publish","hentry"],"jetpack_sharing_enabled":true,"jetpack_shortlink":"https:\/\/wp.me\/P6S2gY-5c","_links":{"self":[{"href":"https:\/\/wp.ufpel.edu.br\/ib\/wp-json\/wp\/v2\/pages\/322","targetHints":{"allow":["GET"]}}],"collection":[{"href":"https:\/\/wp.ufpel.edu.br\/ib\/wp-json\/wp\/v2\/pages"}],"about":[{"href":"https:\/\/wp.ufpel.edu.br\/ib\/wp-json\/wp\/v2\/types\/page"}],"author":[{"embeddable":true,"href":"https:\/\/wp.ufpel.edu.br\/ib\/wp-json\/wp\/v2\/users\/488"}],"replies":[{"embeddable":true,"href":"https:\/\/wp.ufpel.edu.br\/ib\/wp-json\/wp\/v2\/comments?post=322"}],"version-history":[{"count":5,"href":"https:\/\/wp.ufpel.edu.br\/ib\/wp-json\/wp\/v2\/pages\/322\/revisions"}],"predecessor-version":[{"id":950,"href":"https:\/\/wp.ufpel.edu.br\/ib\/wp-json\/wp\/v2\/pages\/322\/revisions\/950"}],"wp:attachment":[{"href":"https:\/\/wp.ufpel.edu.br\/ib\/wp-json\/wp\/v2\/media?parent=322"}],"curies":[{"name":"wp","href":"https:\/\/api.w.org\/{rel}","templated":true}]}}