{"id":320,"date":"2015-08-15T22:49:47","date_gmt":"2015-08-16T01:49:47","guid":{"rendered":"https:\/\/wp.ufpel.edu.br\/ib\/?page_id=320"},"modified":"2016-02-07T02:17:23","modified_gmt":"2016-02-07T04:17:23","slug":"marysabel-pinto-telis-silveira","status":"publish","type":"page","link":"https:\/\/wp.ufpel.edu.br\/ib\/marysabel-pinto-telis-silveira\/","title":{"rendered":"Marysabel Pinto Telis Silveira"},"content":{"rendered":"<p><strong>Marysabel Pinto Telis Silveira\u00a0&#8211;<\/strong>\u00a0Professor\u00a0Adjunto<\/p>\n<p><strong>Pr\u00e9dio:<\/strong><\/p>\n<p><strong>Sala:<\/strong><\/p>\n<p><strong>Telefone:<\/strong><strong>\u00a0<\/strong><\/p>\n<p><strong>E-mail:<\/strong><strong>\u00a0<\/strong>marysabelfarmacologia@yahoo.com.br<\/p>\n<p><a href=\"http:\/\/buscatextual.cnpq.br\/buscatextual\/visualizacv.do?id=K4772501A0\"><strong>Lattes<\/strong><\/a><\/p>\n<p>&nbsp;<\/p>\n<p><strong>Disciplinas:<\/strong><\/p>\n<p>&nbsp;<\/p>\n<p><strong>Linhas de pesquisa:<\/strong><\/p>\n<p>&#8211; Farmacoepidemiologia<\/p>\n<p>&#8211; Aten\u00e7\u00e3o Farmac\u00eautica<\/p>\n<p>&#8211; Assist\u00eancia Farmac\u00eautica<\/p>\n<p>&#8211; Efic\u00e1cia e Efetividade dos Tratamentos<\/p>\n<p>&#8211; Acesso e Uso Racional de Medicamentos<\/p>\n","protected":false},"excerpt":{"rendered":"<p>Marysabel Pinto Telis Silveira\u00a0&#8211;\u00a0Professor\u00a0Adjunto Pr\u00e9dio: Sala: Telefone:\u00a0 E-mail:\u00a0marysabelfarmacologia@yahoo.com.br Lattes &nbsp; Disciplinas: &nbsp; Linhas de pesquisa: &#8211; Farmacoepidemiologia &#8211; Aten\u00e7\u00e3o Farmac\u00eautica &#8211; Assist\u00eancia Farmac\u00eautica &#8211; Efic\u00e1cia e Efetividade dos Tratamentos &#8211; Acesso e Uso Racional de Medicamentos<\/p>\n","protected":false},"author":488,"featured_media":0,"parent":0,"menu_order":0,"comment_status":"closed","ping_status":"closed","template":"","meta":{"jetpack_post_was_ever_published":false,"footnotes":""},"class_list":["post-320","page","type-page","status-publish","hentry"],"jetpack_sharing_enabled":true,"jetpack_shortlink":"https:\/\/wp.me\/P6S2gY-5a","_links":{"self":[{"href":"https:\/\/wp.ufpel.edu.br\/ib\/wp-json\/wp\/v2\/pages\/320","targetHints":{"allow":["GET"]}}],"collection":[{"href":"https:\/\/wp.ufpel.edu.br\/ib\/wp-json\/wp\/v2\/pages"}],"about":[{"href":"https:\/\/wp.ufpel.edu.br\/ib\/wp-json\/wp\/v2\/types\/page"}],"author":[{"embeddable":true,"href":"https:\/\/wp.ufpel.edu.br\/ib\/wp-json\/wp\/v2\/users\/488"}],"replies":[{"embeddable":true,"href":"https:\/\/wp.ufpel.edu.br\/ib\/wp-json\/wp\/v2\/comments?post=320"}],"version-history":[{"count":6,"href":"https:\/\/wp.ufpel.edu.br\/ib\/wp-json\/wp\/v2\/pages\/320\/revisions"}],"predecessor-version":[{"id":831,"href":"https:\/\/wp.ufpel.edu.br\/ib\/wp-json\/wp\/v2\/pages\/320\/revisions\/831"}],"wp:attachment":[{"href":"https:\/\/wp.ufpel.edu.br\/ib\/wp-json\/wp\/v2\/media?parent=320"}],"curies":[{"name":"wp","href":"https:\/\/api.w.org\/{rel}","templated":true}]}}