{"id":314,"date":"2015-08-15T22:38:40","date_gmt":"2015-08-16T01:38:40","guid":{"rendered":"https:\/\/wp.ufpel.edu.br\/ib\/?page_id=314"},"modified":"2016-02-07T02:15:51","modified_gmt":"2016-02-07T04:15:51","slug":"mariangela-heppe-lopes","status":"publish","type":"page","link":"https:\/\/wp.ufpel.edu.br\/ib\/mariangela-heppe-lopes\/","title":{"rendered":"Mariangela Heppe Lopes"},"content":{"rendered":"<p><strong>\u00a0Mariangela Heppe Lopes &#8211;<\/strong>\u00a0Professor Adjunto<\/p>\n<p><strong>Pr\u00e9dio:<\/strong>\u00a026 (<em>Campus<\/em> Cap\u00e3o do Le\u00e3o)<\/p>\n<p><strong>Sala: <\/strong>Identifica\u00e7\u00e3o na porta<\/p>\n<p><strong>Telefone:<\/strong><strong>\u00a0<\/strong><\/p>\n<p><strong>E-mail:<\/strong>\u00a0mariangelals@hotmail.com<\/p>\n<p><a href=\"http:\/\/buscatextual.cnpq.br\/buscatextual\/visualizacv.do?id=K4773930E2\"><strong>Lattes<\/strong><\/a><\/p>\n<p>&nbsp;<\/p>\n<p><strong>Disciplinas:<\/strong><\/p>\n<p>&nbsp;<\/p>\n<p><strong>Linhas de pesquisa:<\/strong><\/p>\n<p>&#8211; Avalia\u00e7\u00e3o citot\u00f3xica<\/p>\n<p>&#8211; Toxicologia reprodutiva<\/p>\n","protected":false},"excerpt":{"rendered":"<p>\u00a0Mariangela Heppe Lopes &#8211;\u00a0Professor Adjunto Pr\u00e9dio:\u00a026 (Campus Cap\u00e3o do Le\u00e3o) Sala: Identifica\u00e7\u00e3o na porta Telefone:\u00a0 E-mail:\u00a0mariangelals@hotmail.com Lattes &nbsp; Disciplinas: &nbsp; Linhas de pesquisa: &#8211; Avalia\u00e7\u00e3o citot\u00f3xica &#8211; Toxicologia reprodutiva<\/p>\n","protected":false},"author":488,"featured_media":0,"parent":0,"menu_order":0,"comment_status":"closed","ping_status":"closed","template":"","meta":{"jetpack_post_was_ever_published":false,"footnotes":""},"class_list":["post-314","page","type-page","status-publish","hentry"],"jetpack_sharing_enabled":true,"jetpack_shortlink":"https:\/\/wp.me\/P6S2gY-54","_links":{"self":[{"href":"https:\/\/wp.ufpel.edu.br\/ib\/wp-json\/wp\/v2\/pages\/314","targetHints":{"allow":["GET"]}}],"collection":[{"href":"https:\/\/wp.ufpel.edu.br\/ib\/wp-json\/wp\/v2\/pages"}],"about":[{"href":"https:\/\/wp.ufpel.edu.br\/ib\/wp-json\/wp\/v2\/types\/page"}],"author":[{"embeddable":true,"href":"https:\/\/wp.ufpel.edu.br\/ib\/wp-json\/wp\/v2\/users\/488"}],"replies":[{"embeddable":true,"href":"https:\/\/wp.ufpel.edu.br\/ib\/wp-json\/wp\/v2\/comments?post=314"}],"version-history":[{"count":5,"href":"https:\/\/wp.ufpel.edu.br\/ib\/wp-json\/wp\/v2\/pages\/314\/revisions"}],"predecessor-version":[{"id":830,"href":"https:\/\/wp.ufpel.edu.br\/ib\/wp-json\/wp\/v2\/pages\/314\/revisions\/830"}],"wp:attachment":[{"href":"https:\/\/wp.ufpel.edu.br\/ib\/wp-json\/wp\/v2\/media?parent=314"}],"curies":[{"name":"wp","href":"https:\/\/api.w.org\/{rel}","templated":true}]}}