{"id":312,"date":"2015-08-15T22:38:24","date_gmt":"2015-08-16T01:38:24","guid":{"rendered":"https:\/\/wp.ufpel.edu.br\/ib\/?page_id=312"},"modified":"2016-02-07T03:13:27","modified_gmt":"2016-02-07T05:13:27","slug":"maria-gabriela-tavares-rheingantz","status":"publish","type":"page","link":"https:\/\/wp.ufpel.edu.br\/ib\/maria-gabriela-tavares-rheingantz\/","title":{"rendered":"Maria Gabriela Tavares Rheingantz"},"content":{"rendered":"<p><strong>\u00a0Maria Gabriela Tavares Rheingantz &#8211;<\/strong>\u00a0Professor Associado<\/p>\n<p><strong>Pr\u00e9dio: <\/strong>Departamento de\u00a0Morfologia, <em>Campus\u00a0<\/em>da Faculdade de Medicina<\/p>\n<p><strong>Sala:\u00a0<\/strong>Indentifica\u00e7\u00e3o na porta<\/p>\n<p><strong>Telefone:<\/strong><strong>\u00a0<\/strong><\/p>\n<p><strong>E-mail:<\/strong><strong>\u00a0<\/strong>mgrheing@yahoo.com.br<\/p>\n<p><a href=\"http:\/\/buscatextual.cnpq.br\/buscatextual\/visualizacv.do?id=K4787559J6\" target=\"_blank\"><strong>Lattes<\/strong><\/a><\/p>\n<p>&nbsp;<\/p>\n<p><strong>Disciplinas:<\/strong><\/p>\n<p><em>Gradua\u00e7\u00e3o<\/em><\/p>\n<p>&#8211; Histologia I &#8211; Curso de Medicina Veterin\u00e1ria<\/p>\n<p>&#8211; Histologia I &#8211; Curso de Medicina<\/p>\n<p>-Histologia I &#8211; Curso de Nutri\u00e7\u00e3o<\/p>\n<p>-Histologia II &#8211; Curso de Nutri\u00e7\u00e3o<\/p>\n<p>&nbsp;<\/p>\n<p><strong>Linhas de pesquisa:<\/strong><\/p>\n<p>&#8211; Histopatologia da Reprodu\u00e7\u00e3o<\/p>\n<p>&#8211; Biologia tecidual e carcinog\u00eanese<\/p>\n<p>&#8211; Biologia Molecular<\/p>\n<p>&#8211; Produ\u00e7\u00e3o in vitro de embri\u00f5es bovinos<\/p>\n<p>&#8211; Criopreserva\u00e7\u00e3o e micromanipula\u00e7\u00e3o de gametas e embri\u00f5es de mam\u00edferos dom\u00e9sticos<\/p>\n","protected":false},"excerpt":{"rendered":"<p>\u00a0Maria Gabriela Tavares Rheingantz &#8211;\u00a0Professor Associado Pr\u00e9dio: Departamento de\u00a0Morfologia, Campus\u00a0da Faculdade de Medicina Sala:\u00a0Indentifica\u00e7\u00e3o na porta Telefone:\u00a0 E-mail:\u00a0mgrheing@yahoo.com.br Lattes &nbsp; Disciplinas: Gradua\u00e7\u00e3o &#8211; Histologia I &#8211; Curso de Medicina Veterin\u00e1ria &#8211; Histologia I &#8211; Curso de Medicina -Histologia I &#8211; Curso de Nutri\u00e7\u00e3o -Histologia II &#8211; Curso de Nutri\u00e7\u00e3o &nbsp; Linhas de pesquisa: &#8211; Histopatologia [&hellip;]<\/p>\n","protected":false},"author":488,"featured_media":0,"parent":0,"menu_order":0,"comment_status":"closed","ping_status":"closed","template":"","meta":{"jetpack_post_was_ever_published":false,"footnotes":""},"class_list":["post-312","page","type-page","status-publish","hentry"],"jetpack_sharing_enabled":true,"jetpack_shortlink":"https:\/\/wp.me\/P6S2gY-52","_links":{"self":[{"href":"https:\/\/wp.ufpel.edu.br\/ib\/wp-json\/wp\/v2\/pages\/312","targetHints":{"allow":["GET"]}}],"collection":[{"href":"https:\/\/wp.ufpel.edu.br\/ib\/wp-json\/wp\/v2\/pages"}],"about":[{"href":"https:\/\/wp.ufpel.edu.br\/ib\/wp-json\/wp\/v2\/types\/page"}],"author":[{"embeddable":true,"href":"https:\/\/wp.ufpel.edu.br\/ib\/wp-json\/wp\/v2\/users\/488"}],"replies":[{"embeddable":true,"href":"https:\/\/wp.ufpel.edu.br\/ib\/wp-json\/wp\/v2\/comments?post=312"}],"version-history":[{"count":5,"href":"https:\/\/wp.ufpel.edu.br\/ib\/wp-json\/wp\/v2\/pages\/312\/revisions"}],"predecessor-version":[{"id":850,"href":"https:\/\/wp.ufpel.edu.br\/ib\/wp-json\/wp\/v2\/pages\/312\/revisions\/850"}],"wp:attachment":[{"href":"https:\/\/wp.ufpel.edu.br\/ib\/wp-json\/wp\/v2\/media?parent=312"}],"curies":[{"name":"wp","href":"https:\/\/api.w.org\/{rel}","templated":true}]}}