{"id":302,"date":"2015-08-15T22:36:57","date_gmt":"2015-08-16T01:36:57","guid":{"rendered":"https:\/\/wp.ufpel.edu.br\/ib\/?page_id=302"},"modified":"2016-02-07T03:10:27","modified_gmt":"2016-02-07T05:10:27","slug":"marcio-osorio-guerreiro","status":"publish","type":"page","link":"https:\/\/wp.ufpel.edu.br\/ib\/marcio-osorio-guerreiro\/","title":{"rendered":"M\u00e1rcio Os\u00f3rio Guerreiro"},"content":{"rendered":"<p><strong>M\u00e1rcio Os\u00f3rio Guerreiro\u00a0&#8211;<\/strong>\u00a0Professor\u00a0Adjunto<\/p>\n<p><strong>Pr\u00e9dio:<\/strong>\u00a0Departamento de Morfologia,\u00a0<em>Campus\u00a0<\/em>da Faculdade de Medicina<\/p>\n<p><strong>Sala: <\/strong>Identifica\u00e7\u00e3o na porta<\/p>\n<p><strong>Telefone:<\/strong><strong>\u00a0<\/strong><\/p>\n<p><strong>E-mail:<\/strong><strong>\u00a0<\/strong>moguerreiro@yahoo.com.br<\/p>\n<p><a href=\"http:\/\/lattes.cnpq.br\/6623029308533734\" target=\"_blank\"><strong>Lattes<\/strong><\/a><\/p>\n<p>&nbsp;<\/p>\n<p><strong>Disciplinas:<\/strong><\/p>\n<p><em>Gradua\u00e7\u00e3o<\/em><\/p>\n<p>&#8211; Anatomia &#8211; Curso de Terapia Ocupacional<\/p>\n<p>&#8211; Anatomia M\u00e9dica I &#8211; Curso de Medicina<\/p>\n<p>&#8211; Anatomia M\u00e9dica II &#8211; Curso de Medicina<\/p>\n<p>&#8211; Anatomia &#8211; Curso de Enfermagem<\/p>\n<p>&#8211; Anatomia &#8211; Curso de Educa\u00e7\u00e3o F\u00edsica<\/p>\n<p>&#8211; Anatomia para Farmacologia<\/p>\n<p>&#8211; Anatomia &#8211; Curso de Dan\u00e7a<\/p>\n<p>&#8211; Neuroanatomia &#8211; Curso de Psicologia<\/p>\n<p>&nbsp;<\/p>\n<p><strong>Linhas de pesquisa:<\/strong><\/p>\n<p>&#8211; Radicais Livres em Sepse<\/p>\n<p>&#8211; Neurotrauma<\/p>\n<p>&#8211; S\u00edndrome da Disfun\u00e7\u00e3o Respirat\u00f3ria Aguda<\/p>\n","protected":false},"excerpt":{"rendered":"<p>M\u00e1rcio Os\u00f3rio Guerreiro\u00a0&#8211;\u00a0Professor\u00a0Adjunto Pr\u00e9dio:\u00a0Departamento de Morfologia,\u00a0Campus\u00a0da Faculdade de Medicina Sala: Identifica\u00e7\u00e3o na porta Telefone:\u00a0 E-mail:\u00a0moguerreiro@yahoo.com.br Lattes &nbsp; Disciplinas: Gradua\u00e7\u00e3o &#8211; Anatomia &#8211; Curso de Terapia Ocupacional &#8211; Anatomia M\u00e9dica I &#8211; Curso de Medicina &#8211; Anatomia M\u00e9dica II &#8211; Curso de Medicina &#8211; Anatomia &#8211; Curso de Enfermagem &#8211; Anatomia &#8211; Curso de Educa\u00e7\u00e3o F\u00edsica [&hellip;]<\/p>\n","protected":false},"author":488,"featured_media":0,"parent":0,"menu_order":0,"comment_status":"closed","ping_status":"closed","template":"","meta":{"jetpack_post_was_ever_published":false,"footnotes":""},"class_list":["post-302","page","type-page","status-publish","hentry"],"jetpack_sharing_enabled":true,"jetpack_shortlink":"https:\/\/wp.me\/P6S2gY-4S","_links":{"self":[{"href":"https:\/\/wp.ufpel.edu.br\/ib\/wp-json\/wp\/v2\/pages\/302","targetHints":{"allow":["GET"]}}],"collection":[{"href":"https:\/\/wp.ufpel.edu.br\/ib\/wp-json\/wp\/v2\/pages"}],"about":[{"href":"https:\/\/wp.ufpel.edu.br\/ib\/wp-json\/wp\/v2\/types\/page"}],"author":[{"embeddable":true,"href":"https:\/\/wp.ufpel.edu.br\/ib\/wp-json\/wp\/v2\/users\/488"}],"replies":[{"embeddable":true,"href":"https:\/\/wp.ufpel.edu.br\/ib\/wp-json\/wp\/v2\/comments?post=302"}],"version-history":[{"count":6,"href":"https:\/\/wp.ufpel.edu.br\/ib\/wp-json\/wp\/v2\/pages\/302\/revisions"}],"predecessor-version":[{"id":849,"href":"https:\/\/wp.ufpel.edu.br\/ib\/wp-json\/wp\/v2\/pages\/302\/revisions\/849"}],"wp:attachment":[{"href":"https:\/\/wp.ufpel.edu.br\/ib\/wp-json\/wp\/v2\/media?parent=302"}],"curies":[{"name":"wp","href":"https:\/\/api.w.org\/{rel}","templated":true}]}}