{"id":290,"date":"2015-08-15T22:34:49","date_gmt":"2015-08-16T01:34:49","guid":{"rendered":"https:\/\/wp.ufpel.edu.br\/ib\/?page_id=290"},"modified":"2016-02-07T01:41:25","modified_gmt":"2016-02-07T03:41:25","slug":"juliana-cordeiro","status":"publish","type":"page","link":"https:\/\/wp.ufpel.edu.br\/ib\/juliana-cordeiro\/","title":{"rendered":"Juliana Cordeiro"},"content":{"rendered":"<p style=\"line-height: 18.0pt\"><strong><span style=\"font-family: 'Georgia',serif;color: #333333\">Juliana Cordeiro &#8211;<\/span><\/strong><span class=\"apple-converted-space\"><span style=\"font-family: 'Georgia',serif;color: #333333\">\u00a0<\/span><\/span><span style=\"font-family: 'Georgia',serif;color: #333333\">Professor Adjunto<\/span><\/p>\n<p style=\"line-height: 18.0pt;text-align: start\"><strong>Pr\u00e9dio:\u00a0<\/strong><span class=\"apple-converted-space\">pr\u00e9dio 23 (<em>Campus\u00a0<\/em>Cap\u00e3o do Le\u00e3o)<\/span><\/p>\n<p style=\"line-height: 18.0pt;text-align: start\"><strong><span style=\"font-family: 'Georgia',serif;color: #333333\">Sala:<\/span><\/strong><span class=\"apple-converted-space\"><span style=\"font-family: 'Georgia',serif;color: #333333\">\u00a0Laborat\u00f3rio de Diversidade Gen\u00e9tica<\/span><\/span><\/p>\n<p style=\"line-height: 18.0pt;text-align: start\"><strong><span style=\"font-family: 'Georgia',serif;color: #333333\">Endere\u00e7os eletr\u00f4nicos:\u00a0<\/span><\/strong><span style=\"font-family: 'Georgia',serif;color: #333333\">juliana.cordeiro@ufpel.edu.br,\u00a0<\/span><span style=\"font-family: 'Georgia',serif;color: #333333\">jlncdr@gmail.com.br<\/span><\/p>\n<p style=\"line-height: 18.0pt;text-align: start\"><strong><span style=\"font-family: 'Georgia',serif;color: #333333\"><a href=\"http:\/\/lattes.cnpq.br\/7801464080743088\" target=\"_blank\">Lattes<\/a><\/span><\/strong><\/p>\n<p style=\"line-height: 18.0pt;text-align: start\">\n<p style=\"line-height: 18.0pt;text-align: start\"><strong><span style=\"font-family: 'Georgia',serif;color: #333333\">Disciplinas:<\/span><\/strong><span style=\"font-family: 'Georgia',serif;color: #333333\"><br \/>\n<\/span><\/p>\n<p style=\"line-height: 18.0pt;text-align: start\"><span style=\"font-family: 'Georgia',serif;color: #333333\"><em>Gradua\u00e7\u00e3o<\/em><br \/>\n<\/span><\/p>\n<p style=\"line-height: 18.0pt;text-align: start\"><span style=\"font-family: 'Georgia',serif;color: #333333\">&#8211; Biologia Molecular \u2013 Curso de Ci\u00eancias Biol\u00f3gicas<br \/>\n<\/span><\/p>\n<p style=\"line-height: 18.0pt;text-align: start\"><span style=\"font-family: 'Georgia',serif;color: #333333\">&#8211; Gen\u00e9tica M\u00e9dica &#8211; Curso de\u00a0Medicina<br \/>\n<\/span><\/p>\n<p style=\"line-height: 18.0pt;text-align: start\"><span style=\"font-family: 'Georgia',serif;color: #333333\">&#8211; Citogen\u00e9tica Geral &#8211; Curso de Ci\u00eancias Biol\u00f3gicas<br \/>\n<\/span><\/p>\n<p style=\"line-height: 18.0pt;text-align: start\"><span style=\"font-family: 'Georgia',serif;color: #333333\">&#8211; Evolu\u00e7\u00e3o Molecular &#8211; Curso de Ci\u00eancias Biol\u00f3gicas<br \/>\n<\/span><\/p>\n<p style=\"line-height: 18.0pt;text-align: start\"><span style=\"font-family: 'Georgia',serif;color: #333333\">&#8211; Gen\u00e9tica e Evolu\u00e7\u00e3o\u00a0 &#8211; Curso de Ci\u00eancias Biol\u00f3gicas<\/span><\/p>\n<p style=\"line-height: 18.0pt;text-align: start\"><span style=\"font-family: 'Georgia',serif;color: #333333\"><em>P\u00f3s-gradua\u00e7\u00e3o<\/em><br \/>\n<\/span><\/p>\n<p style=\"line-height: 18.0pt;text-align: start\"><span style=\"font-family: 'Georgia',serif;color: #333333\">&#8211; Ferramentas para an\u00e1lise da diversidade gen\u00e9tica &#8211; PPG\u00a0Parasitologia<br \/>\n<\/span><\/p>\n<p style=\"line-height: 18.0pt;text-align: start\"><span style=\"font-family: 'Georgia',serif;color: #333333\">&#8211; Evolu\u00e7\u00e3o e Diversidade de Metazoa &#8211; PPG Biologia Animal<\/span><\/p>\n<p style=\"line-height: 18.0pt;text-align: start\"><span style=\"font-family: 'Georgia',serif;color: #333333\">&#8211; An\u00e1lise de Diversidade Animal &#8211; PPG Biologia Animal<\/span><\/p>\n<p style=\"line-height: 18.0pt;text-align: start\">\n<p style=\"line-height: 18.0pt;text-align: start\"><strong><span style=\"font-family: 'Georgia',serif;color: #333333\">Linhas de pesquisa:<\/span><\/strong><\/p>\n<p style=\"line-height: 18.0pt;text-align: start\"><span style=\"font-family: 'Georgia',serif;color: #333333\">&#8211; Evolu\u00e7\u00e3o e diversidade gen\u00e9tica animal<\/span><\/p>\n","protected":false},"excerpt":{"rendered":"<p>Juliana Cordeiro &#8211;\u00a0Professor Adjunto Pr\u00e9dio:\u00a0pr\u00e9dio 23 (Campus\u00a0Cap\u00e3o do Le\u00e3o) Sala:\u00a0Laborat\u00f3rio de Diversidade Gen\u00e9tica Endere\u00e7os eletr\u00f4nicos:\u00a0juliana.cordeiro@ufpel.edu.br,\u00a0jlncdr@gmail.com.br Lattes Disciplinas: Gradua\u00e7\u00e3o &#8211; Biologia Molecular \u2013 Curso de Ci\u00eancias Biol\u00f3gicas &#8211; Gen\u00e9tica M\u00e9dica &#8211; Curso de\u00a0Medicina &#8211; Citogen\u00e9tica Geral &#8211; Curso de Ci\u00eancias Biol\u00f3gicas &#8211; Evolu\u00e7\u00e3o Molecular &#8211; Curso de Ci\u00eancias Biol\u00f3gicas &#8211; Gen\u00e9tica e Evolu\u00e7\u00e3o\u00a0 &#8211; Curso de [&hellip;]<\/p>\n","protected":false},"author":488,"featured_media":0,"parent":0,"menu_order":0,"comment_status":"closed","ping_status":"closed","template":"","meta":{"jetpack_post_was_ever_published":false,"footnotes":""},"class_list":["post-290","page","type-page","status-publish","hentry"],"jetpack_sharing_enabled":true,"jetpack_shortlink":"https:\/\/wp.me\/P6S2gY-4G","_links":{"self":[{"href":"https:\/\/wp.ufpel.edu.br\/ib\/wp-json\/wp\/v2\/pages\/290","targetHints":{"allow":["GET"]}}],"collection":[{"href":"https:\/\/wp.ufpel.edu.br\/ib\/wp-json\/wp\/v2\/pages"}],"about":[{"href":"https:\/\/wp.ufpel.edu.br\/ib\/wp-json\/wp\/v2\/types\/page"}],"author":[{"embeddable":true,"href":"https:\/\/wp.ufpel.edu.br\/ib\/wp-json\/wp\/v2\/users\/488"}],"replies":[{"embeddable":true,"href":"https:\/\/wp.ufpel.edu.br\/ib\/wp-json\/wp\/v2\/comments?post=290"}],"version-history":[{"count":4,"href":"https:\/\/wp.ufpel.edu.br\/ib\/wp-json\/wp\/v2\/pages\/290\/revisions"}],"predecessor-version":[{"id":816,"href":"https:\/\/wp.ufpel.edu.br\/ib\/wp-json\/wp\/v2\/pages\/290\/revisions\/816"}],"wp:attachment":[{"href":"https:\/\/wp.ufpel.edu.br\/ib\/wp-json\/wp\/v2\/media?parent=290"}],"curies":[{"name":"wp","href":"https:\/\/api.w.org\/{rel}","templated":true}]}}