{"id":288,"date":"2015-08-15T22:34:35","date_gmt":"2015-08-16T01:34:35","guid":{"rendered":"https:\/\/wp.ufpel.edu.br\/ib\/?page_id=288"},"modified":"2016-02-07T01:09:22","modified_gmt":"2016-02-07T03:09:22","slug":"juliana-aparecida-fernando","status":"publish","type":"page","link":"https:\/\/wp.ufpel.edu.br\/ib\/juliana-aparecida-fernando\/","title":{"rendered":"Juliana Aparecida Fernando"},"content":{"rendered":"<p><strong>Juliana Aparecida Fernando &#8211;<\/strong>\u00a0Professor\u00a0Adjunto<\/p>\n<p><strong>Pr\u00e9dio:<\/strong>\u00a022 (Campus Cap\u00e3o do Le\u00e3o)<\/p>\n<p><strong>Sala: <\/strong>Identifica\u00e7\u00e3o na porta<\/p>\n<p><strong>Telefone:<\/strong> (53) 3275-7646<\/p>\n<p><strong>E-mail:<\/strong> juli_fernando@yahoo.com.br<\/p>\n<p><strong><a href=\"http:\/\/lattes.cnpq.br\/0140537014480582\" target=\"_blank\">Lattes<\/a><\/strong><\/p>\n<p>&nbsp;<\/p>\n<p><strong>Disciplinas:<\/strong><\/p>\n<p><em>Gradua\u00e7\u00e3o<\/em><\/p>\n<p>&#8211; Anatomia Vegetal &#8211; Curso de Ci\u00eancias Biol\u00f3gicas<\/p>\n<p>&#8211; Est\u00e1gio Supervisionado IV &#8211; Curso de Ci\u00eancias Biol\u00f3gicas<\/p>\n<p>&#8211; Anatomia Vegetal &#8211;\u00a0Curso de Agronomia<\/p>\n<p>&#8211; Trabalho de Conclus\u00e3o de Curso &#8211; Curso de Ci\u00eancias Biol\u00f3gicas<\/p>\n<p>&#8211; Bot\u00e2nica &#8211;\u00a0Curso de Farm\u00e1cia<\/p>\n<p><em>P\u00f3s-gradua\u00e7\u00e3o<\/em><\/p>\n<p>&#8211; Anatomia Vegetal &#8211; PPG\u00a0Fisiologia Vegetal<\/p>\n<p>&nbsp;<\/p>\n<p><strong>Linhas de pesquisa:<\/strong><\/p>\n<p>&#8211; Anatomia vegetal e ultraestrutura<\/p>\n","protected":false},"excerpt":{"rendered":"<p>Juliana Aparecida Fernando &#8211;\u00a0Professor\u00a0Adjunto Pr\u00e9dio:\u00a022 (Campus Cap\u00e3o do Le\u00e3o) Sala: Identifica\u00e7\u00e3o na porta Telefone: (53) 3275-7646 E-mail: juli_fernando@yahoo.com.br Lattes &nbsp; Disciplinas: Gradua\u00e7\u00e3o &#8211; Anatomia Vegetal &#8211; Curso de Ci\u00eancias Biol\u00f3gicas &#8211; Est\u00e1gio Supervisionado IV &#8211; Curso de Ci\u00eancias Biol\u00f3gicas &#8211; Anatomia Vegetal &#8211;\u00a0Curso de Agronomia &#8211; Trabalho de Conclus\u00e3o de Curso &#8211; Curso de Ci\u00eancias [&hellip;]<\/p>\n","protected":false},"author":488,"featured_media":0,"parent":0,"menu_order":0,"comment_status":"closed","ping_status":"closed","template":"","meta":{"jetpack_post_was_ever_published":false,"footnotes":""},"class_list":["post-288","page","type-page","status-publish","hentry"],"jetpack_sharing_enabled":true,"jetpack_shortlink":"https:\/\/wp.me\/P6S2gY-4E","_links":{"self":[{"href":"https:\/\/wp.ufpel.edu.br\/ib\/wp-json\/wp\/v2\/pages\/288","targetHints":{"allow":["GET"]}}],"collection":[{"href":"https:\/\/wp.ufpel.edu.br\/ib\/wp-json\/wp\/v2\/pages"}],"about":[{"href":"https:\/\/wp.ufpel.edu.br\/ib\/wp-json\/wp\/v2\/types\/page"}],"author":[{"embeddable":true,"href":"https:\/\/wp.ufpel.edu.br\/ib\/wp-json\/wp\/v2\/users\/488"}],"replies":[{"embeddable":true,"href":"https:\/\/wp.ufpel.edu.br\/ib\/wp-json\/wp\/v2\/comments?post=288"}],"version-history":[{"count":6,"href":"https:\/\/wp.ufpel.edu.br\/ib\/wp-json\/wp\/v2\/pages\/288\/revisions"}],"predecessor-version":[{"id":800,"href":"https:\/\/wp.ufpel.edu.br\/ib\/wp-json\/wp\/v2\/pages\/288\/revisions\/800"}],"wp:attachment":[{"href":"https:\/\/wp.ufpel.edu.br\/ib\/wp-json\/wp\/v2\/media?parent=288"}],"curies":[{"name":"wp","href":"https:\/\/api.w.org\/{rel}","templated":true}]}}