{"id":286,"date":"2015-08-15T22:34:21","date_gmt":"2015-08-16T01:34:21","guid":{"rendered":"https:\/\/wp.ufpel.edu.br\/ib\/?page_id=286"},"modified":"2016-02-15T08:47:41","modified_gmt":"2016-02-15T10:47:41","slug":"jose-eduardo-figueiredo-dornelles","status":"publish","type":"page","link":"https:\/\/wp.ufpel.edu.br\/ib\/jose-eduardo-figueiredo-dornelles\/","title":{"rendered":"Jos\u00e9 Eduardo Figueiredo Dornelles"},"content":{"rendered":"<p><strong>Jos\u00e9 Eduardo Figueiredo Dornelles\u00a0&#8211;<\/strong>\u00a0Professor\u00a0Associado<\/p>\n<p><strong>Pr\u00e9dio:<\/strong>\u00a023 (Campus Cap\u00e3o do Le\u00e3o)<\/p>\n<p><strong>Sala:<\/strong><\/p>\n<p><strong>Telefone:<\/strong><strong>\u00a0<\/strong>(53)\u00a03275-7326<\/p>\n<p><strong>E-mail:<\/strong><strong>\u00a0<\/strong>jefdornelles@gmail.com<\/p>\n<p><a href=\"http:\/\/lattes.cnpq.br\/5836141436413803\"><strong>Lattes<\/strong><\/a><\/p>\n<p><strong>Disciplinas que ministra como regente:<\/strong><br \/>\nGradua\u00e7\u00e3o<br \/>\n-Zoologia,<\/p>\n<p>-Zoologia III,<\/p>\n<p>-Elementos de Paleontologia,<\/p>\n<p>-Zoologia IV.<\/p>\n<p>P\u00f3s-gradua\u00e7\u00e3o<br \/>\n\u2013 Teoria e Pr\u00e1tica da Ilustra\u00e7\u00e3o Cient\u00edfica<\/p>\n<p><strong>Linhas de pesquisa:<\/strong><br \/>\n-Morfologia de Vertebrados F\u00f3sseis e Recentes;<\/p>\n<p>-Museologia.<\/p>\n","protected":false},"excerpt":{"rendered":"<p>Jos\u00e9 Eduardo Figueiredo Dornelles\u00a0&#8211;\u00a0Professor\u00a0Associado Pr\u00e9dio:\u00a023 (Campus Cap\u00e3o do Le\u00e3o) Sala: Telefone:\u00a0(53)\u00a03275-7326 E-mail:\u00a0jefdornelles@gmail.com Lattes Disciplinas que ministra como regente: Gradua\u00e7\u00e3o -Zoologia, -Zoologia III, -Elementos de Paleontologia, -Zoologia IV. P\u00f3s-gradua\u00e7\u00e3o \u2013 Teoria e Pr\u00e1tica da Ilustra\u00e7\u00e3o Cient\u00edfica Linhas de pesquisa: -Morfologia de Vertebrados F\u00f3sseis e Recentes; -Museologia.<\/p>\n","protected":false},"author":488,"featured_media":0,"parent":0,"menu_order":0,"comment_status":"closed","ping_status":"closed","template":"","meta":{"jetpack_post_was_ever_published":false,"footnotes":""},"class_list":["post-286","page","type-page","status-publish","hentry"],"jetpack_sharing_enabled":true,"jetpack_shortlink":"https:\/\/wp.me\/P6S2gY-4C","_links":{"self":[{"href":"https:\/\/wp.ufpel.edu.br\/ib\/wp-json\/wp\/v2\/pages\/286","targetHints":{"allow":["GET"]}}],"collection":[{"href":"https:\/\/wp.ufpel.edu.br\/ib\/wp-json\/wp\/v2\/pages"}],"about":[{"href":"https:\/\/wp.ufpel.edu.br\/ib\/wp-json\/wp\/v2\/types\/page"}],"author":[{"embeddable":true,"href":"https:\/\/wp.ufpel.edu.br\/ib\/wp-json\/wp\/v2\/users\/488"}],"replies":[{"embeddable":true,"href":"https:\/\/wp.ufpel.edu.br\/ib\/wp-json\/wp\/v2\/comments?post=286"}],"version-history":[{"count":3,"href":"https:\/\/wp.ufpel.edu.br\/ib\/wp-json\/wp\/v2\/pages\/286\/revisions"}],"predecessor-version":[{"id":879,"href":"https:\/\/wp.ufpel.edu.br\/ib\/wp-json\/wp\/v2\/pages\/286\/revisions\/879"}],"wp:attachment":[{"href":"https:\/\/wp.ufpel.edu.br\/ib\/wp-json\/wp\/v2\/media?parent=286"}],"curies":[{"name":"wp","href":"https:\/\/api.w.org\/{rel}","templated":true}]}}