{"id":284,"date":"2015-08-15T22:33:49","date_gmt":"2015-08-16T01:33:49","guid":{"rendered":"https:\/\/wp.ufpel.edu.br\/ib\/?page_id=284"},"modified":"2016-02-07T03:04:01","modified_gmt":"2016-02-07T05:04:01","slug":"izabel-cristina-custodio-de-souza","status":"publish","type":"page","link":"https:\/\/wp.ufpel.edu.br\/ib\/izabel-cristina-custodio-de-souza\/","title":{"rendered":"Izabel Cristina Cust\u00f3dio de Souza"},"content":{"rendered":"<p><strong>\u00a0Izabel Cristina Cust\u00f3dio de Souza &#8211;<\/strong>\u00a0Professor\u00a0Adjunto<\/p>\n<p><strong>Pr\u00e9dio:\u00a0<\/strong>Departamento de Morfologia,\u00a0<em>Campus\u00a0<\/em>da Faculdade de Medicina<\/p>\n<p><strong>Sala: <\/strong>Identifica\u00e7\u00e3o na porta<\/p>\n<p><strong>Telefone:<\/strong><\/p>\n<p><strong>E-mail: <\/strong>belcustodio20@yahoo.com.br<\/p>\n<p><a href=\"http:\/\/lattes.cnpq.br\/9351614587557334\"><strong>Lattes<\/strong><\/a><\/p>\n<p>&nbsp;<\/p>\n<p><strong>Disciplinas:<\/strong><\/p>\n<p><em>Gradua\u00e7\u00e3o<\/em><\/p>\n<p>&#8211; Histologia e Embriologia &#8211; Curso de Enfermagem<\/p>\n<p>&#8211; Histologia Geral<\/p>\n<p>&#8211; Histologia Bucal e Embriologia<\/p>\n<p>&#8211; Histologia I<\/p>\n<p>&#8211; Morfologia Humana B\u00e1sica<\/p>\n<p>&#8211; Histologia Especial Comparada<\/p>\n<p>&#8211; Biologia Celular<\/p>\n<p>&nbsp;<\/p>\n<p><strong>Linhas de pesquisa:<\/strong><\/p>\n<p>&#8211; Aspectos Morfofuncionais de Plasticidade Celular e Tecidual em Respostas a Diferentes Insultos (Grupo: Neuromodula\u00e7\u00e3o Celular\/IB-UFPel Coordenador: Izabel Cristina Custodio de Souza)<\/p>\n<p>&#8211; Bioensaios (PPGBBIO\/UFPel)<\/p>\n<p>&#8211; Neuromodula\u00e7\u00e3o: fisiologia e modulacao farmacol\u00f3gica (Grupo: Dor &amp; Neuromodula\u00e7\u00e3o\/HCPA \u2013Coordenador: Prof. Wolnei Caumo)<\/p>\n<p>&#8211; Cronofarmacologia e Cronobiologia Experimental , Dor, Neuromodula\u00e7\u00e3o, terapias n\u00e3o-farmacol\u00f3gicas, Efeitos comportamentais e neuroqu\u00edmicos da Acupuntura Estresse cr\u00f4nico e obesidade, Farmacologia da dor em ratos jovens<\/p>\n<p>&#8211; Farmacologia da dor: aspectos neuroqu\u00edmicos, moleculares e comportamentais, Dor, Neuromodula\u00e7\u00e3o, terapias n\u00e3o-farmacol\u00f3gicas (Grupo: Farmacologia da Dor e Neuromodula\u00e7\u00e3o: Investiga\u00e7\u00e3o Pr\u00e9-Cl\u00ednicas\/ UFRGS- Coordenador: Profa. Iraci Torres)<\/p>\n<p>&#8211; Desenvolvimento de instrumenta\u00e7\u00e3o para aplica\u00e7\u00e3o de estimula\u00e7\u00e3o magn\u00e9tica e el\u00e9trica em cultura cellular, Desenvolvimento de instrumenta\u00e7\u00e3o para aplica\u00e7\u00e3o de t\u00e9cnicas de neuromodula\u00e7\u00e3o em humanos e animais (Grupo: Engenharia Biom\u00e9dica\/ HCPA- Coordenador: Paulo Roberto S. Sanches)<\/p>\n","protected":false},"excerpt":{"rendered":"<p>\u00a0Izabel Cristina Cust\u00f3dio de Souza &#8211;\u00a0Professor\u00a0Adjunto Pr\u00e9dio:\u00a0Departamento de Morfologia,\u00a0Campus\u00a0da Faculdade de Medicina Sala: Identifica\u00e7\u00e3o na porta Telefone: E-mail: belcustodio20@yahoo.com.br Lattes &nbsp; Disciplinas: Gradua\u00e7\u00e3o &#8211; Histologia e Embriologia &#8211; Curso de Enfermagem &#8211; Histologia Geral &#8211; Histologia Bucal e Embriologia &#8211; Histologia I &#8211; Morfologia Humana B\u00e1sica &#8211; Histologia Especial Comparada &#8211; Biologia Celular &nbsp; Linhas [&hellip;]<\/p>\n","protected":false},"author":488,"featured_media":0,"parent":0,"menu_order":0,"comment_status":"closed","ping_status":"closed","template":"","meta":{"jetpack_post_was_ever_published":false,"footnotes":""},"class_list":["post-284","page","type-page","status-publish","hentry"],"jetpack_sharing_enabled":true,"jetpack_shortlink":"https:\/\/wp.me\/P6S2gY-4A","_links":{"self":[{"href":"https:\/\/wp.ufpel.edu.br\/ib\/wp-json\/wp\/v2\/pages\/284","targetHints":{"allow":["GET"]}}],"collection":[{"href":"https:\/\/wp.ufpel.edu.br\/ib\/wp-json\/wp\/v2\/pages"}],"about":[{"href":"https:\/\/wp.ufpel.edu.br\/ib\/wp-json\/wp\/v2\/types\/page"}],"author":[{"embeddable":true,"href":"https:\/\/wp.ufpel.edu.br\/ib\/wp-json\/wp\/v2\/users\/488"}],"replies":[{"embeddable":true,"href":"https:\/\/wp.ufpel.edu.br\/ib\/wp-json\/wp\/v2\/comments?post=284"}],"version-history":[{"count":5,"href":"https:\/\/wp.ufpel.edu.br\/ib\/wp-json\/wp\/v2\/pages\/284\/revisions"}],"predecessor-version":[{"id":847,"href":"https:\/\/wp.ufpel.edu.br\/ib\/wp-json\/wp\/v2\/pages\/284\/revisions\/847"}],"wp:attachment":[{"href":"https:\/\/wp.ufpel.edu.br\/ib\/wp-json\/wp\/v2\/media?parent=284"}],"curies":[{"name":"wp","href":"https:\/\/api.w.org\/{rel}","templated":true}]}}