{"id":282,"date":"2015-08-15T22:33:23","date_gmt":"2015-08-16T01:33:23","guid":{"rendered":"https:\/\/wp.ufpel.edu.br\/ib\/?page_id=282"},"modified":"2016-02-07T02:13:14","modified_gmt":"2016-02-07T04:13:14","slug":"isabel-oliveira-de-oliveira","status":"publish","type":"page","link":"https:\/\/wp.ufpel.edu.br\/ib\/isabel-oliveira-de-oliveira\/","title":{"rendered":"Isabel Oliveira de Oliveira"},"content":{"rendered":"<p><strong>Isabel Oliveira de Oliveira\u00a0&#8211;<\/strong>\u00a0Professor\u00a0Associado<\/p>\n<p><strong>Pr\u00e9dio:<\/strong>\u00a026 (<em>Campus<\/em> Cap\u00e3o do Le\u00e3o)<\/p>\n<p><strong>Sala:<\/strong>\u00a0Identifica\u00e7\u00e3o na porta<\/p>\n<p><strong>Telefone:<\/strong><strong>\u00a0<\/strong>(53)\u00a03275-7639<\/p>\n<p><strong>E-mail:<\/strong><strong>\u00a0<\/strong>Isabel.ufpel@gmail.com<\/p>\n<p><a href=\"http:\/\/buscatextual.cnpq.br\/buscatextual\/visualizacv.do?id=K4769724U4\"><strong>Lattes<\/strong><\/a><\/p>\n<p>&nbsp;<\/p>\n<p><strong>Disciplinas que ministra como regente:<\/strong><\/p>\n<p><em>Gradua\u00e7\u00e3o<\/em><\/p>\n<p>&#8211; Fisiologia II<\/p>\n<p>&#8211; Fisiologia Geral e Aplicada II<\/p>\n<p>&nbsp;<\/p>\n<p><strong>Linhas de pesquisa:<\/strong><\/p>\n<p>&#8211; Marcadores bioqu\u00edmicos e gen\u00e9ticos associados a doen\u00e7as cr\u00f4nicas<\/p>\n<p>&#8211; Fisiologia end\u00f3crina<\/p>\n","protected":false},"excerpt":{"rendered":"<p>Isabel Oliveira de Oliveira\u00a0&#8211;\u00a0Professor\u00a0Associado Pr\u00e9dio:\u00a026 (Campus Cap\u00e3o do Le\u00e3o) Sala:\u00a0Identifica\u00e7\u00e3o na porta Telefone:\u00a0(53)\u00a03275-7639 E-mail:\u00a0Isabel.ufpel@gmail.com Lattes &nbsp; Disciplinas que ministra como regente: Gradua\u00e7\u00e3o &#8211; Fisiologia II &#8211; Fisiologia Geral e Aplicada II &nbsp; Linhas de pesquisa: &#8211; Marcadores bioqu\u00edmicos e gen\u00e9ticos associados a doen\u00e7as cr\u00f4nicas &#8211; Fisiologia end\u00f3crina<\/p>\n","protected":false},"author":488,"featured_media":0,"parent":0,"menu_order":0,"comment_status":"closed","ping_status":"closed","template":"","meta":{"jetpack_post_was_ever_published":false,"footnotes":""},"class_list":["post-282","page","type-page","status-publish","hentry"],"jetpack_sharing_enabled":true,"jetpack_shortlink":"https:\/\/wp.me\/P6S2gY-4y","_links":{"self":[{"href":"https:\/\/wp.ufpel.edu.br\/ib\/wp-json\/wp\/v2\/pages\/282","targetHints":{"allow":["GET"]}}],"collection":[{"href":"https:\/\/wp.ufpel.edu.br\/ib\/wp-json\/wp\/v2\/pages"}],"about":[{"href":"https:\/\/wp.ufpel.edu.br\/ib\/wp-json\/wp\/v2\/types\/page"}],"author":[{"embeddable":true,"href":"https:\/\/wp.ufpel.edu.br\/ib\/wp-json\/wp\/v2\/users\/488"}],"replies":[{"embeddable":true,"href":"https:\/\/wp.ufpel.edu.br\/ib\/wp-json\/wp\/v2\/comments?post=282"}],"version-history":[{"count":5,"href":"https:\/\/wp.ufpel.edu.br\/ib\/wp-json\/wp\/v2\/pages\/282\/revisions"}],"predecessor-version":[{"id":829,"href":"https:\/\/wp.ufpel.edu.br\/ib\/wp-json\/wp\/v2\/pages\/282\/revisions\/829"}],"wp:attachment":[{"href":"https:\/\/wp.ufpel.edu.br\/ib\/wp-json\/wp\/v2\/media?parent=282"}],"curies":[{"name":"wp","href":"https:\/\/api.w.org\/{rel}","templated":true}]}}