{"id":280,"date":"2015-08-15T22:33:06","date_gmt":"2015-08-16T01:33:06","guid":{"rendered":"https:\/\/wp.ufpel.edu.br\/ib\/?page_id=280"},"modified":"2016-02-15T08:33:06","modified_gmt":"2016-02-15T10:33:06","slug":"heden-luiz-marques-moreira","status":"publish","type":"page","link":"https:\/\/wp.ufpel.edu.br\/ib\/heden-luiz-marques-moreira\/","title":{"rendered":"H\u00e9den Luiz Marques Moreira"},"content":{"rendered":"<p><strong>H\u00e9den Luiz Marques Moreira\u00a0&#8211;<\/strong>\u00a0Professor\u00a0Associado<\/p>\n<p><strong>Pr\u00e9dio:<\/strong>\u00a023 (Campus Cap\u00e3o do Le\u00e3o)<\/p>\n<p><strong>Sala:<\/strong><\/p>\n<p><strong>Telefone:<\/strong><strong>\u00a0<\/strong>(53)\u00a03275-7340<\/p>\n<p><strong>E-mail:<\/strong><strong>\u00a0<\/strong>Heden.luiz@gmail.com<\/p>\n<p><a href=\"http:\/\/buscatextual.cnpq.br\/buscatextual\/visualizacv.do?id=K4761853J6\"><strong>Lattes<\/strong><\/a><\/p>\n<p><strong>Disciplinas que ministra como regente:<\/strong><br \/>\nGradua\u00e7\u00e3o<\/p>\n<p>-Gen\u00e9tica Animal<\/p>\n<p>-Biologia Molecular Forence<\/p>\n<p>&nbsp;<\/p>\n<p>P\u00f3s-gradua\u00e7\u00e3o<\/p>\n<p>-Gen\u00e9tica de popula\u00e7\u00f5es e quantitativa<\/p>\n<p>&nbsp;<\/p>\n<p><strong>Linhas de pesquisa:<\/strong><\/p>\n<p>&nbsp;<\/p>\n","protected":false},"excerpt":{"rendered":"<p>H\u00e9den Luiz Marques Moreira\u00a0&#8211;\u00a0Professor\u00a0Associado Pr\u00e9dio:\u00a023 (Campus Cap\u00e3o do Le\u00e3o) Sala: Telefone:\u00a0(53)\u00a03275-7340 E-mail:\u00a0Heden.luiz@gmail.com Lattes Disciplinas que ministra como regente: Gradua\u00e7\u00e3o -Gen\u00e9tica Animal -Biologia Molecular Forence &nbsp; P\u00f3s-gradua\u00e7\u00e3o -Gen\u00e9tica de popula\u00e7\u00f5es e quantitativa &nbsp; Linhas de pesquisa: &nbsp;<\/p>\n","protected":false},"author":488,"featured_media":0,"parent":0,"menu_order":0,"comment_status":"closed","ping_status":"closed","template":"","meta":{"jetpack_post_was_ever_published":false,"footnotes":""},"class_list":["post-280","page","type-page","status-publish","hentry"],"jetpack_sharing_enabled":true,"jetpack_shortlink":"https:\/\/wp.me\/P6S2gY-4w","_links":{"self":[{"href":"https:\/\/wp.ufpel.edu.br\/ib\/wp-json\/wp\/v2\/pages\/280","targetHints":{"allow":["GET"]}}],"collection":[{"href":"https:\/\/wp.ufpel.edu.br\/ib\/wp-json\/wp\/v2\/pages"}],"about":[{"href":"https:\/\/wp.ufpel.edu.br\/ib\/wp-json\/wp\/v2\/types\/page"}],"author":[{"embeddable":true,"href":"https:\/\/wp.ufpel.edu.br\/ib\/wp-json\/wp\/v2\/users\/488"}],"replies":[{"embeddable":true,"href":"https:\/\/wp.ufpel.edu.br\/ib\/wp-json\/wp\/v2\/comments?post=280"}],"version-history":[{"count":3,"href":"https:\/\/wp.ufpel.edu.br\/ib\/wp-json\/wp\/v2\/pages\/280\/revisions"}],"predecessor-version":[{"id":875,"href":"https:\/\/wp.ufpel.edu.br\/ib\/wp-json\/wp\/v2\/pages\/280\/revisions\/875"}],"wp:attachment":[{"href":"https:\/\/wp.ufpel.edu.br\/ib\/wp-json\/wp\/v2\/media?parent=280"}],"curies":[{"name":"wp","href":"https:\/\/api.w.org\/{rel}","templated":true}]}}