{"id":278,"date":"2015-08-15T22:32:49","date_gmt":"2015-08-16T01:32:49","guid":{"rendered":"https:\/\/wp.ufpel.edu.br\/ib\/?page_id=278"},"modified":"2020-03-03T16:44:43","modified_gmt":"2020-03-03T19:44:43","slug":"gladis-aver-ribeiro","status":"publish","type":"page","link":"https:\/\/wp.ufpel.edu.br\/ib\/gladis-aver-ribeiro\/","title":{"rendered":"Gladis Aver Ribeiro"},"content":{"rendered":"<p><strong>Gladis Aver Ribeiro\u00a0&#8211;<\/strong> Professor Titular (Aposentada PORTARIA N\u00ba 379, DE 26 DE FEVEREIRO DE 2020)<\/p>\n<p><strong>Pr\u00e9dio:<\/strong>\u00a018 (<em>Campus<\/em> Cap\u00e3o do Le\u00e3o)<\/p>\n<p><strong>Sala:<\/strong>\u00a015<\/p>\n<p><strong>Telefone:<\/strong><strong>\u00a0<\/strong>(53)\u00a03275-7616<\/p>\n<p><strong>E-mail:<\/strong><strong>\u00a0<\/strong>gladisaver@hotmail.com<\/p>\n<p><a href=\"http:\/\/lattes.cnpq.br\/7676726209886189\"><strong>Lattes<\/strong><\/a><\/p>\n<p>&nbsp;<\/p>\n<p><strong>Disciplinas:<\/strong><\/p>\n<p><em>Gradua\u00e7\u00e3o<\/em><\/p>\n<p>&#8211; Microbiologia Geral &#8211; Curso de Farm\u00e1cia<\/p>\n<p>&#8211; Imunologia B\u00e1sica &#8211; Curso de Farm\u00e1cia<\/p>\n<p>&#8211; Microbiologia Geral &#8211; Curso de Ci\u00eancias Biol\u00f3gicas<\/p>\n<p>&#8211; Imunologia &#8211; Curso de Ci\u00eancias Biol\u00f3gicas<\/p>\n<p>&#8211; Sa\u00fade P\u00fablica &#8211; Curso de Farm\u00e1cia<\/p>\n<p>&#8211; Microbiologia de Alimentos<\/p>\n<p>&#8211; Bacteriologia<\/p>\n<p>&#8211; Virologia<\/p>\n<p>&nbsp;<\/p>\n<p><strong>Linha de Pesquisa:<\/strong><\/p>\n<p>&#8211; Microbiologia de alimentos<\/p>\n<p>&#8211; A\u00e7\u00e3o biol\u00f3gica de fitof\u00e1rmacos<\/p>\n<p>&#8211; Microbiologia aplicada<\/p>\n","protected":false},"excerpt":{"rendered":"<p>Gladis Aver Ribeiro\u00a0&#8211; Professor Titular (Aposentada PORTARIA N\u00ba 379, DE 26 DE FEVEREIRO DE 2020) Pr\u00e9dio:\u00a018 (Campus Cap\u00e3o do Le\u00e3o) Sala:\u00a015 Telefone:\u00a0(53)\u00a03275-7616 E-mail:\u00a0gladisaver@hotmail.com Lattes &nbsp; Disciplinas: Gradua\u00e7\u00e3o &#8211; Microbiologia Geral &#8211; Curso de Farm\u00e1cia &#8211; Imunologia B\u00e1sica &#8211; Curso de Farm\u00e1cia &#8211; Microbiologia Geral &#8211; Curso de Ci\u00eancias Biol\u00f3gicas &#8211; Imunologia &#8211; Curso de Ci\u00eancias [&hellip;]<\/p>\n","protected":false},"author":488,"featured_media":0,"parent":0,"menu_order":0,"comment_status":"closed","ping_status":"closed","template":"","meta":{"jetpack_post_was_ever_published":false,"footnotes":""},"class_list":["post-278","page","type-page","status-publish","hentry"],"jetpack_sharing_enabled":true,"jetpack_shortlink":"https:\/\/wp.me\/P6S2gY-4u","_links":{"self":[{"href":"https:\/\/wp.ufpel.edu.br\/ib\/wp-json\/wp\/v2\/pages\/278","targetHints":{"allow":["GET"]}}],"collection":[{"href":"https:\/\/wp.ufpel.edu.br\/ib\/wp-json\/wp\/v2\/pages"}],"about":[{"href":"https:\/\/wp.ufpel.edu.br\/ib\/wp-json\/wp\/v2\/types\/page"}],"author":[{"embeddable":true,"href":"https:\/\/wp.ufpel.edu.br\/ib\/wp-json\/wp\/v2\/users\/488"}],"replies":[{"embeddable":true,"href":"https:\/\/wp.ufpel.edu.br\/ib\/wp-json\/wp\/v2\/comments?post=278"}],"version-history":[{"count":6,"href":"https:\/\/wp.ufpel.edu.br\/ib\/wp-json\/wp\/v2\/pages\/278\/revisions"}],"predecessor-version":[{"id":2238,"href":"https:\/\/wp.ufpel.edu.br\/ib\/wp-json\/wp\/v2\/pages\/278\/revisions\/2238"}],"wp:attachment":[{"href":"https:\/\/wp.ufpel.edu.br\/ib\/wp-json\/wp\/v2\/media?parent=278"}],"curies":[{"name":"wp","href":"https:\/\/api.w.org\/{rel}","templated":true}]}}