{"id":265,"date":"2015-08-15T22:29:17","date_gmt":"2015-08-16T01:29:17","guid":{"rendered":"https:\/\/wp.ufpel.edu.br\/ib\/?page_id=265"},"modified":"2016-02-07T02:11:07","modified_gmt":"2016-02-07T04:11:07","slug":"gilson-de-mendonca","status":"publish","type":"page","link":"https:\/\/wp.ufpel.edu.br\/ib\/gilson-de-mendonca\/","title":{"rendered":"Gilson de Mendon\u00e7a"},"content":{"rendered":"<p><strong>Gilson de Mendon\u00e7a &#8211;<\/strong>\u00a0Professor\u00a0Associado<\/p>\n<p><strong>Pr\u00e9dio:<\/strong> 26 (<em>Campus\u00a0<\/em>Cap\u00e3o do Le\u00e3o)<\/p>\n<p><strong>Sala:<\/strong>\u00a0Identifica\u00e7\u00e3o na porta<\/p>\n<p><strong>Telefone:<\/strong>\u00a0(53) 3275-7337<\/p>\n<p><strong>Endere\u00e7os eletr\u00f4nicos:\u00a0<\/strong>gilsondemendonca@gmail.com<\/p>\n<p><a href=\"http:\/\/lattes.cnpq.br\/6921427427201791\"><strong>Lattes<\/strong><\/a><\/p>\n<p>&nbsp;<\/p>\n<p><strong>Disciplinas:<\/strong><\/p>\n<p><em>Gradua\u00e7\u00e3o<\/em><\/p>\n<p>&#8211; Fisiologia Geral e Aplicada a Zootecnia I \u2013 Curso de\u00a0Zootecnia<\/p>\n<p>&#8211; Fisiologia Geral e Aplicada a Zootecnia II \u2013 Curso de\u00a0Zootecnia<\/p>\n<p>&#8211; Fisiologia do Crescimento em Ruminantes<\/p>\n<p>&#8211; Fisiologia Humana &#8211; Curso de Farm\u00e1cia<\/p>\n<p>&#8211; Fisiologia &#8211;\u00a0Curso de Enfermagem<\/p>\n<p>&nbsp;<\/p>\n<p><strong>Linhas de pesquisa:<\/strong><\/p>\n<p>&#8211; Fisiologia aplicada \u00e0 produ\u00e7\u00e3o animal (ovinocultura)<\/p>\n","protected":false},"excerpt":{"rendered":"<p>Gilson de Mendon\u00e7a &#8211;\u00a0Professor\u00a0Associado Pr\u00e9dio: 26 (Campus\u00a0Cap\u00e3o do Le\u00e3o) Sala:\u00a0Identifica\u00e7\u00e3o na porta Telefone:\u00a0(53) 3275-7337 Endere\u00e7os eletr\u00f4nicos:\u00a0gilsondemendonca@gmail.com Lattes &nbsp; Disciplinas: Gradua\u00e7\u00e3o &#8211; Fisiologia Geral e Aplicada a Zootecnia I \u2013 Curso de\u00a0Zootecnia &#8211; Fisiologia Geral e Aplicada a Zootecnia II \u2013 Curso de\u00a0Zootecnia &#8211; Fisiologia do Crescimento em Ruminantes &#8211; Fisiologia Humana &#8211; Curso de Farm\u00e1cia [&hellip;]<\/p>\n","protected":false},"author":488,"featured_media":0,"parent":0,"menu_order":0,"comment_status":"closed","ping_status":"closed","template":"","meta":{"jetpack_post_was_ever_published":false,"footnotes":""},"class_list":["post-265","page","type-page","status-publish","hentry"],"jetpack_sharing_enabled":true,"jetpack_shortlink":"https:\/\/wp.me\/P6S2gY-4h","_links":{"self":[{"href":"https:\/\/wp.ufpel.edu.br\/ib\/wp-json\/wp\/v2\/pages\/265","targetHints":{"allow":["GET"]}}],"collection":[{"href":"https:\/\/wp.ufpel.edu.br\/ib\/wp-json\/wp\/v2\/pages"}],"about":[{"href":"https:\/\/wp.ufpel.edu.br\/ib\/wp-json\/wp\/v2\/types\/page"}],"author":[{"embeddable":true,"href":"https:\/\/wp.ufpel.edu.br\/ib\/wp-json\/wp\/v2\/users\/488"}],"replies":[{"embeddable":true,"href":"https:\/\/wp.ufpel.edu.br\/ib\/wp-json\/wp\/v2\/comments?post=265"}],"version-history":[{"count":4,"href":"https:\/\/wp.ufpel.edu.br\/ib\/wp-json\/wp\/v2\/pages\/265\/revisions"}],"predecessor-version":[{"id":828,"href":"https:\/\/wp.ufpel.edu.br\/ib\/wp-json\/wp\/v2\/pages\/265\/revisions\/828"}],"wp:attachment":[{"href":"https:\/\/wp.ufpel.edu.br\/ib\/wp-json\/wp\/v2\/media?parent=265"}],"curies":[{"name":"wp","href":"https:\/\/api.w.org\/{rel}","templated":true}]}}