{"id":261,"date":"2015-08-15T22:28:34","date_gmt":"2015-08-16T01:28:34","guid":{"rendered":"https:\/\/wp.ufpel.edu.br\/ib\/?page_id=261"},"modified":"2016-02-07T02:39:14","modified_gmt":"2016-02-07T04:39:14","slug":"francele-de-abreu-carlan","status":"publish","type":"page","link":"https:\/\/wp.ufpel.edu.br\/ib\/francele-de-abreu-carlan\/","title":{"rendered":"Francele de Abreu Carlan"},"content":{"rendered":"<p><strong>\u00a0Francele de Abreu Carlan &#8211;<\/strong>\u00a0Professor\u00a0Auxiliar<\/p>\n<p><strong>Pr\u00e9dio:<\/strong>\u00a025 (<em>Campus<\/em> Cap\u00e3o do Le\u00e3o)<\/p>\n<p><strong>Sala:<\/strong>\u00a0LIFE<\/p>\n<p><strong>Telefone:<\/strong><\/p>\n<p><strong>E-mail<\/strong><strong>:<\/strong> francelecarlan@gmail.com<\/p>\n<p><a href=\"http:\/\/buscatextual.cnpq.br\/buscatextual\/visualizacv.do?id=K4253523U0\"><strong>Lattes<\/strong><\/a><\/p>\n<p>&nbsp;<\/p>\n<p><strong>Disciplinas:<\/strong><\/p>\n<p><em>Gradua\u00e7\u00e3o<\/em><\/p>\n<p>&#8211; Est\u00e1gios Supervisionados I,II, III e\u00a0IV &#8211; Curso de Ci\u00eancias Biol\u00f3gicas<\/p>\n<p>&#8211; Produ\u00e7\u00e3o e Desenvolvimento de Material Did\u00e1tico para o Ensino de Ci\u00eancias e Biologia &#8211; Curso de Ci\u00eancias Biol\u00f3gicas<\/p>\n<p>&#8211; T\u00f3picos Ensino de Biologia<\/p>\n<p>&#8211; Estrat\u00e9gias pedag\u00f3gicos e recursos did\u00e1ticos adaptados<\/p>\n<p>&nbsp;<\/p>\n<p><strong>Linhas de pesquisa:<\/strong><\/p>\n<p>&#8211; Recursos Did\u00e1ticos para o ensino de Ci\u00eancias e Biologia<\/p>\n<p>&#8211; Forma\u00e7\u00e3o Inicial e Continuada de Professores<\/p>\n<p>&#8211; Ensino de Ci\u00eancias e Biologia<\/p>\n","protected":false},"excerpt":{"rendered":"<p>\u00a0Francele de Abreu Carlan &#8211;\u00a0Professor\u00a0Auxiliar Pr\u00e9dio:\u00a025 (Campus Cap\u00e3o do Le\u00e3o) Sala:\u00a0LIFE Telefone: E-mail: francelecarlan@gmail.com Lattes &nbsp; Disciplinas: Gradua\u00e7\u00e3o &#8211; Est\u00e1gios Supervisionados I,II, III e\u00a0IV &#8211; Curso de Ci\u00eancias Biol\u00f3gicas &#8211; Produ\u00e7\u00e3o e Desenvolvimento de Material Did\u00e1tico para o Ensino de Ci\u00eancias e Biologia &#8211; Curso de Ci\u00eancias Biol\u00f3gicas &#8211; T\u00f3picos Ensino de Biologia &#8211; Estrat\u00e9gias [&hellip;]<\/p>\n","protected":false},"author":488,"featured_media":0,"parent":0,"menu_order":0,"comment_status":"closed","ping_status":"closed","template":"","meta":{"jetpack_post_was_ever_published":false,"footnotes":""},"class_list":["post-261","page","type-page","status-publish","hentry"],"jetpack_sharing_enabled":true,"jetpack_shortlink":"https:\/\/wp.me\/P6S2gY-4d","_links":{"self":[{"href":"https:\/\/wp.ufpel.edu.br\/ib\/wp-json\/wp\/v2\/pages\/261","targetHints":{"allow":["GET"]}}],"collection":[{"href":"https:\/\/wp.ufpel.edu.br\/ib\/wp-json\/wp\/v2\/pages"}],"about":[{"href":"https:\/\/wp.ufpel.edu.br\/ib\/wp-json\/wp\/v2\/types\/page"}],"author":[{"embeddable":true,"href":"https:\/\/wp.ufpel.edu.br\/ib\/wp-json\/wp\/v2\/users\/488"}],"replies":[{"embeddable":true,"href":"https:\/\/wp.ufpel.edu.br\/ib\/wp-json\/wp\/v2\/comments?post=261"}],"version-history":[{"count":4,"href":"https:\/\/wp.ufpel.edu.br\/ib\/wp-json\/wp\/v2\/pages\/261\/revisions"}],"predecessor-version":[{"id":839,"href":"https:\/\/wp.ufpel.edu.br\/ib\/wp-json\/wp\/v2\/pages\/261\/revisions\/839"}],"wp:attachment":[{"href":"https:\/\/wp.ufpel.edu.br\/ib\/wp-json\/wp\/v2\/media?parent=261"}],"curies":[{"name":"wp","href":"https:\/\/api.w.org\/{rel}","templated":true}]}}