{"id":259,"date":"2015-08-15T22:28:20","date_gmt":"2015-08-16T01:28:20","guid":{"rendered":"https:\/\/wp.ufpel.edu.br\/ib\/?page_id=259"},"modified":"2016-10-17T10:33:22","modified_gmt":"2016-10-17T12:33:22","slug":"flavio-roberto-mello-garcia","status":"publish","type":"page","link":"https:\/\/wp.ufpel.edu.br\/ib\/flavio-roberto-mello-garcia\/","title":{"rendered":"Fl\u00e1vio Roberto Mello Garcia"},"content":{"rendered":"<p><strong>Fl\u00e1vio Roberto Mello Garcia &#8211;<\/strong>\u00a0Professor\u00a0Associado<\/p>\n<p><strong>Pr\u00e9dio:<\/strong>\u00a023 (Campus Cap\u00e3o do Le\u00e3o)<\/p>\n<p><strong>Sala: <\/strong>Identifica\u00e7\u00e3o na porta<\/p>\n<p><strong>Telefone:<\/strong><strong>\u00a0<\/strong><\/p>\n<p><strong>E-mail:<\/strong><strong>\u00a0<\/strong>flaviormg@hotmail.com<\/p>\n<p><a href=\"http:\/\/buscatextual.cnpq.br\/buscatextual\/visualizacv.do?id=K4790149P1\"><strong>Lattes<\/strong><\/a><\/p>\n<p>&nbsp;<\/p>\n<p><strong>Disciplinas:<\/strong><\/p>\n<p><em>Gradua\u00e7\u00e3o<\/em><\/p>\n<p>&#8211; Ecologia &#8211; Curso de Agronomia;<\/p>\n<p>&#8211; Entomologia &#8211; Curso de Ci\u00eancias Biol\u00f3gicas;<\/p>\n<p><em>P\u00f3s-Gradua\u00e7\u00e3o<\/em><\/p>\n<p>&#8211; Entomologia I &#8211; PPG em Entomologia;<\/p>\n<p>&#8211; Ecologia dos Insetos &#8211; PPG em Fitossanidade;<\/p>\n<p>&#8211; Manejo de Moscas-das-frutas &#8211; PPG em Entomologia;<\/p>\n<p>&#8211; Entomologia Florestal &#8211; PPG em Fitossanidade.<\/p>\n<p>&nbsp;<\/p>\n<p><strong>Linhas de pesquisa:<\/strong><\/p>\n<p>&#8211; Ecologia de Insetos;<\/p>\n<p>&#8211; Intera\u00e7\u00f5es tritr\u00f3ficas;<\/p>\n<p>&#8211; Controle Biol\u00f3gico de Insetos.<\/p>\n","protected":false},"excerpt":{"rendered":"<p>Fl\u00e1vio Roberto Mello Garcia &#8211;\u00a0Professor\u00a0Associado Pr\u00e9dio:\u00a023 (Campus Cap\u00e3o do Le\u00e3o) Sala: Identifica\u00e7\u00e3o na porta Telefone:\u00a0 E-mail:\u00a0flaviormg@hotmail.com Lattes &nbsp; Disciplinas: Gradua\u00e7\u00e3o &#8211; Ecologia &#8211; Curso de Agronomia; &#8211; Entomologia &#8211; Curso de Ci\u00eancias Biol\u00f3gicas; P\u00f3s-Gradua\u00e7\u00e3o &#8211; Entomologia I &#8211; PPG em Entomologia; &#8211; Ecologia dos Insetos &#8211; PPG em Fitossanidade; &#8211; Manejo de Moscas-das-frutas &#8211; PPG [&hellip;]<\/p>\n","protected":false},"author":488,"featured_media":0,"parent":0,"menu_order":0,"comment_status":"closed","ping_status":"closed","template":"","meta":{"jetpack_post_was_ever_published":false,"footnotes":""},"class_list":["post-259","page","type-page","status-publish","hentry"],"jetpack_sharing_enabled":true,"jetpack_shortlink":"https:\/\/wp.me\/P6S2gY-4b","_links":{"self":[{"href":"https:\/\/wp.ufpel.edu.br\/ib\/wp-json\/wp\/v2\/pages\/259","targetHints":{"allow":["GET"]}}],"collection":[{"href":"https:\/\/wp.ufpel.edu.br\/ib\/wp-json\/wp\/v2\/pages"}],"about":[{"href":"https:\/\/wp.ufpel.edu.br\/ib\/wp-json\/wp\/v2\/types\/page"}],"author":[{"embeddable":true,"href":"https:\/\/wp.ufpel.edu.br\/ib\/wp-json\/wp\/v2\/users\/488"}],"replies":[{"embeddable":true,"href":"https:\/\/wp.ufpel.edu.br\/ib\/wp-json\/wp\/v2\/comments?post=259"}],"version-history":[{"count":9,"href":"https:\/\/wp.ufpel.edu.br\/ib\/wp-json\/wp\/v2\/pages\/259\/revisions"}],"predecessor-version":[{"id":1030,"href":"https:\/\/wp.ufpel.edu.br\/ib\/wp-json\/wp\/v2\/pages\/259\/revisions\/1030"}],"wp:attachment":[{"href":"https:\/\/wp.ufpel.edu.br\/ib\/wp-json\/wp\/v2\/media?parent=259"}],"curies":[{"name":"wp","href":"https:\/\/api.w.org\/{rel}","templated":true}]}}