{"id":245,"date":"2015-08-15T22:26:07","date_gmt":"2015-08-16T01:26:07","guid":{"rendered":"https:\/\/wp.ufpel.edu.br\/ib\/?page_id=245"},"modified":"2016-02-07T01:31:50","modified_gmt":"2016-02-07T03:31:50","slug":"edison-zefa","status":"publish","type":"page","link":"https:\/\/wp.ufpel.edu.br\/ib\/edison-zefa\/","title":{"rendered":"Edison Zefa"},"content":{"rendered":"<p style=\"line-height: 18.0pt\"><span style=\"color: #000000\"><strong><span style=\"font-family: Georgia, serif\">Edison Zefa &#8211;<\/span><\/strong><span class=\"apple-converted-space\"><span style=\"font-family: Georgia, serif\">\u00a0<\/span><\/span><span style=\"font-family: Georgia, serif\">Professor\u00a0Associado<\/span><\/span><\/p>\n<p style=\"line-height: 18.0pt;text-align: start\"><span style=\"color: #000000\"><strong>Pr\u00e9dio<span style=\"font-family: Georgia, serif\">:<\/span><\/strong>\u00a023 (Campus Cap\u00e3o do Le\u00e3o)<\/span><\/p>\n<p style=\"line-height: 18.0pt;text-align: start\"><span style=\"color: #000000\"><strong><span style=\"font-family: Georgia, serif\">Sala:<\/span><\/strong><span class=\"apple-converted-space\"><span style=\"font-family: Georgia, serif\">\u00a0<\/span><\/span><span style=\"font-family: Georgia, serif\">Laborat\u00f3rio de Invertebrados<\/span><\/span><\/p>\n<p style=\"line-height: 18.0pt;text-align: start\"><span style=\"color: #000000\"><strong>Telefone<span style=\"font-family: Georgia, serif\">: <\/span><\/strong><span style=\"font-family: Georgia, serif\">(53)\u00a0<\/span><span style=\"font-family: Georgia, serif\">3275-7340<\/span><\/span><\/p>\n<p style=\"line-height: 18.0pt;text-align: start\"><span style=\"color: #000000\"><strong><span style=\"font-family: Georgia, serif\">E-mail: <\/span><\/strong><span style=\"font-family: Georgia, serif\">edzefa@gmail.com<\/span><\/span><\/p>\n<p style=\"line-height: 18.0pt;text-align: start\"><strong><span style=\"font-family: 'Georgia',serif;color: #333333\"><a href=\"http:\/\/lattes.cnpq.br\/7398906470318595\" target=\"_blank\">Lattes<\/a><\/span><\/strong><\/p>\n<p style=\"line-height: 18.0pt;text-align: start\">\n<p style=\"line-height: 18.0pt;text-align: start\"><strong><span style=\"font-family: 'Georgia',serif;color: #333333\">Disciplinas:<\/span><\/strong><\/p>\n<p style=\"line-height: 18.0pt;text-align: start\"><span style=\"font-family: 'Georgia',serif;color: #333333\"><em>Gradua\u00e7\u00e3o<\/em><\/span><\/p>\n<p style=\"line-height: 18.0pt;text-align: start\"><span style=\"font-family: 'Georgia',serif;color: #333333\">&#8211; Zoologia I &#8211; Ci\u00eancias Biol\u00f3gicas<\/span><\/p>\n<p style=\"line-height: 18.0pt;text-align: start\"><span style=\"font-family: 'Georgia',serif;color: #333333\">&#8211;\u00a0Zoologia II &#8211; Ci\u00eancias Biol\u00f3gicas<\/span><\/p>\n<p style=\"line-height: 18.0pt;text-align: start\"><span style=\"font-family: 'Georgia',serif;color: #333333\">&#8211; Hist\u00f3ria Biol\u00f3gica da Terra &#8211;\u00a0Diversos cursos<br \/>\n<\/span><\/p>\n<p style=\"line-height: 18.0pt;text-align: start\"><span style=\"font-family: 'Georgia',serif;color: #333333\"><em>P\u00f3s-gradua\u00e7\u00e3o<\/em><\/span><\/p>\n<p style=\"line-height: 18.0pt;text-align: start\"><span style=\"font-family: 'Georgia',serif;color: #333333\">&#8211; Comportamento dos Insetos &#8211; PPG Entomologia<\/span><\/p>\n<p style=\"line-height: 18.0pt;text-align: start\"><span style=\"font-family: 'Georgia',serif;color: #333333\">&#8211; M\u00e9todos de Coleta, Preserva\u00e7\u00e3o e Manuten\u00e7\u00e3o de Insetos &#8211; PPG Entomologia<\/span><\/p>\n<p style=\"line-height: 18.0pt;text-align: start\"><span style=\"font-family: 'Georgia',serif;color: #333333\">&#8211; Evolu\u00e7\u00e3o e Diversidade de Metazoa &#8211; PPG Biologia Animal<\/span><\/p>\n<p style=\"line-height: 18.0pt;text-align: start\"><span style=\"font-family: 'Georgia',serif;color: #333333\">&#8211; Biologia de Grilos &#8211; PPG Biologia Animal<\/span><\/p>\n<p style=\"line-height: 18.0pt;text-align: start\"><span style=\"font-family: 'Georgia',serif;color: #333333\">&#8211; Entomologia I &#8211; PPG Entomologia<\/span><\/p>\n<p style=\"line-height: 18.0pt;text-align: start\"><span style=\"font-family: 'Georgia',serif;color: #333333\">&#8211;\u00a0Taxonomia dos Insetos &#8211; PPG Entomologia<\/span><\/p>\n<p style=\"line-height: 18.0pt;text-align: start\"><strong><span style=\"font-family: 'Georgia',serif;color: #333333\">Linhas de pesquisa:<\/span><\/strong><\/p>\n<p style=\"line-height: 18.0pt;text-align: start\"><span style=\"font-family: 'Georgia',serif;color: #333333\">&#8211; Taxonomia, Bioac\u00fastica e Citogen\u00e9tica de Insetos, com \u00eanfase em Orthoptera<\/span><\/p>\n<p style=\"line-height: 18.0pt;text-align: start\"><span style=\"font-family: 'Georgia',serif;color: #333333\">&#8211; Comportamento Reprodutivo de Grylloidea<\/span><\/p>\n<p style=\"line-height: 18.0pt;text-align: start\"><span style=\"font-family: 'Georgia',serif;color: #333333\">&#8211; Biologia geral de Orthoptera<\/span><\/p>\n","protected":false},"excerpt":{"rendered":"<p>Edison Zefa &#8211;\u00a0Professor\u00a0Associado Pr\u00e9dio:\u00a023 (Campus Cap\u00e3o do Le\u00e3o) Sala:\u00a0Laborat\u00f3rio de Invertebrados Telefone: (53)\u00a03275-7340 E-mail: edzefa@gmail.com Lattes Disciplinas: Gradua\u00e7\u00e3o &#8211; Zoologia I &#8211; Ci\u00eancias Biol\u00f3gicas &#8211;\u00a0Zoologia II &#8211; Ci\u00eancias Biol\u00f3gicas &#8211; Hist\u00f3ria Biol\u00f3gica da Terra &#8211;\u00a0Diversos cursos P\u00f3s-gradua\u00e7\u00e3o &#8211; Comportamento dos Insetos &#8211; PPG Entomologia &#8211; M\u00e9todos de Coleta, Preserva\u00e7\u00e3o e Manuten\u00e7\u00e3o de Insetos &#8211; PPG [&hellip;]<\/p>\n","protected":false},"author":488,"featured_media":0,"parent":0,"menu_order":0,"comment_status":"closed","ping_status":"closed","template":"","meta":{"jetpack_post_was_ever_published":false,"footnotes":""},"class_list":["post-245","page","type-page","status-publish","hentry"],"jetpack_sharing_enabled":true,"jetpack_shortlink":"https:\/\/wp.me\/P6S2gY-3X","_links":{"self":[{"href":"https:\/\/wp.ufpel.edu.br\/ib\/wp-json\/wp\/v2\/pages\/245","targetHints":{"allow":["GET"]}}],"collection":[{"href":"https:\/\/wp.ufpel.edu.br\/ib\/wp-json\/wp\/v2\/pages"}],"about":[{"href":"https:\/\/wp.ufpel.edu.br\/ib\/wp-json\/wp\/v2\/types\/page"}],"author":[{"embeddable":true,"href":"https:\/\/wp.ufpel.edu.br\/ib\/wp-json\/wp\/v2\/users\/488"}],"replies":[{"embeddable":true,"href":"https:\/\/wp.ufpel.edu.br\/ib\/wp-json\/wp\/v2\/comments?post=245"}],"version-history":[{"count":7,"href":"https:\/\/wp.ufpel.edu.br\/ib\/wp-json\/wp\/v2\/pages\/245\/revisions"}],"predecessor-version":[{"id":811,"href":"https:\/\/wp.ufpel.edu.br\/ib\/wp-json\/wp\/v2\/pages\/245\/revisions\/811"}],"wp:attachment":[{"href":"https:\/\/wp.ufpel.edu.br\/ib\/wp-json\/wp\/v2\/media?parent=245"}],"curies":[{"name":"wp","href":"https:\/\/api.w.org\/{rel}","templated":true}]}}