{"id":241,"date":"2015-08-15T22:25:43","date_gmt":"2015-08-16T01:25:43","guid":{"rendered":"https:\/\/wp.ufpel.edu.br\/ib\/?page_id=241"},"modified":"2016-02-07T02:08:45","modified_gmt":"2016-02-07T04:08:45","slug":"denise-calisto-bongalhardo","status":"publish","type":"page","link":"https:\/\/wp.ufpel.edu.br\/ib\/denise-calisto-bongalhardo\/","title":{"rendered":"Denise Calisto Bongalhardo"},"content":{"rendered":"<p><strong>Denise Calisto Bongalhardo &#8211;<\/strong>\u00a0Professor\u00a0Associado<\/p>\n<p><strong>Pr\u00e9dio:<\/strong>\u00a026 (<em>Campus<\/em> Cap\u00e3o do Le\u00e3o)<\/p>\n<p><strong>Sala: <\/strong>Identifica\u00e7\u00e3o na porta<\/p>\n<p><strong>Telefone:<\/strong><strong>\u00a0<\/strong>(53)\u00a03275-7639<\/p>\n<p><strong>E-mail:<\/strong><strong>\u00a0<\/strong>denisecb@ufpel.edu.br<\/p>\n<p><a href=\"http:\/\/lattes.cnpq.br\/6174948621407173\"><strong>Lattes<\/strong><\/a><\/p>\n<p>&nbsp;<\/p>\n<p><strong>Disciplinas:<\/strong><\/p>\n<p><em>Gradua\u00e7\u00e3o<\/em><\/p>\n<p>&#8211; Fisiologia I &#8211; Curso de Nutri\u00e7\u00e3o<\/p>\n<p>&#8211; Fisiologia II &#8211; Curso de Nutri\u00e7\u00e3o<\/p>\n<p>&#8211; Fisiologia dos Animais Dom\u00e9sticos II &#8211; Curso de Medicina Veterin\u00e1ria<\/p>\n<p>&#8211; Psicofisiologia &#8211; Curso de Psicologia<\/p>\n<p>&nbsp;<\/p>\n<p><strong>Linhas de pesquisa:<\/strong><\/p>\n<p>&#8211; Reprodu\u00e7\u00e3o de Aves<\/p>\n<p>&#8211; Preserva\u00e7\u00e3o de Gametas<\/p>\n","protected":false},"excerpt":{"rendered":"<p>Denise Calisto Bongalhardo &#8211;\u00a0Professor\u00a0Associado Pr\u00e9dio:\u00a026 (Campus Cap\u00e3o do Le\u00e3o) Sala: Identifica\u00e7\u00e3o na porta Telefone:\u00a0(53)\u00a03275-7639 E-mail:\u00a0denisecb@ufpel.edu.br Lattes &nbsp; Disciplinas: Gradua\u00e7\u00e3o &#8211; Fisiologia I &#8211; Curso de Nutri\u00e7\u00e3o &#8211; Fisiologia II &#8211; Curso de Nutri\u00e7\u00e3o &#8211; Fisiologia dos Animais Dom\u00e9sticos II &#8211; Curso de Medicina Veterin\u00e1ria &#8211; Psicofisiologia &#8211; Curso de Psicologia &nbsp; Linhas de pesquisa: &#8211; [&hellip;]<\/p>\n","protected":false},"author":488,"featured_media":0,"parent":0,"menu_order":0,"comment_status":"closed","ping_status":"closed","template":"","meta":{"jetpack_post_was_ever_published":false,"footnotes":""},"class_list":["post-241","page","type-page","status-publish","hentry"],"jetpack_sharing_enabled":true,"jetpack_shortlink":"https:\/\/wp.me\/P6S2gY-3T","_links":{"self":[{"href":"https:\/\/wp.ufpel.edu.br\/ib\/wp-json\/wp\/v2\/pages\/241","targetHints":{"allow":["GET"]}}],"collection":[{"href":"https:\/\/wp.ufpel.edu.br\/ib\/wp-json\/wp\/v2\/pages"}],"about":[{"href":"https:\/\/wp.ufpel.edu.br\/ib\/wp-json\/wp\/v2\/types\/page"}],"author":[{"embeddable":true,"href":"https:\/\/wp.ufpel.edu.br\/ib\/wp-json\/wp\/v2\/users\/488"}],"replies":[{"embeddable":true,"href":"https:\/\/wp.ufpel.edu.br\/ib\/wp-json\/wp\/v2\/comments?post=241"}],"version-history":[{"count":6,"href":"https:\/\/wp.ufpel.edu.br\/ib\/wp-json\/wp\/v2\/pages\/241\/revisions"}],"predecessor-version":[{"id":827,"href":"https:\/\/wp.ufpel.edu.br\/ib\/wp-json\/wp\/v2\/pages\/241\/revisions\/827"}],"wp:attachment":[{"href":"https:\/\/wp.ufpel.edu.br\/ib\/wp-json\/wp\/v2\/media?parent=241"}],"curies":[{"name":"wp","href":"https:\/\/api.w.org\/{rel}","templated":true}]}}