{"id":2407,"date":"2020-06-19T11:09:53","date_gmt":"2020-06-19T14:09:53","guid":{"rendered":"https:\/\/wp.ufpel.edu.br\/ib\/?page_id=2407"},"modified":"2025-10-17T20:00:31","modified_gmt":"2025-10-17T23:00:31","slug":"links-livros-apostilas-resumos-e-similares","status":"publish","type":"page","link":"https:\/\/wp.ufpel.edu.br\/ib\/links-livros-apostilas-resumos-e-similares\/","title":{"rendered":"PDI\/UFPEL; PDU\/IB, links livros, apostilas, resumos e similares"},"content":{"rendered":"<p><a href=\"https:\/\/wp.ufpel.edu.br\/ib\/files\/2015\/12\/IMG_7630-e1451268479153-984x220.jpg\"><img class=\"size-medium wp-image-573 aligncenter\" src=\"https:\/\/wp.ufpel.edu.br\/ib\/files\/2015\/12\/IMG_7630-e1451268479153-984x220-424x95.jpg\" alt=\"\" width=\"400\" height=\"90\" srcset=\"https:\/\/wp.ufpel.edu.br\/ib\/files\/2015\/12\/IMG_7630-e1451268479153-984x220-424x95.jpg 424w, https:\/\/wp.ufpel.edu.br\/ib\/files\/2015\/12\/IMG_7630-e1451268479153-984x220-212x47.jpg 212w, https:\/\/wp.ufpel.edu.br\/ib\/files\/2015\/12\/IMG_7630-e1451268479153-984x220-768x172.jpg 768w, https:\/\/wp.ufpel.edu.br\/ib\/files\/2015\/12\/IMG_7630-e1451268479153-984x220.jpg 984w\" sizes=\"(max-width: 400px) 100vw, 400px\" \/><\/a><\/p>\n<p>&nbsp;<\/p>\n<p style=\"text-align: center;\"><strong><span style=\"font-size: 18pt;\">PLANO DE DESENVOLVIMENTO INSTITUCIONAL &#8211; PDI UFPEL<\/span><\/strong><\/p>\n<p><a href=\"https:\/\/wp.ufpel.edu.br\/planejamentoufpel\/pdi-vigente-2022-2026\/\" target=\"_blank\" rel=\"noopener\">Plano de Desenvolvimento Institucional UFPel 2022-2026<\/a><\/p>\n<p><a href=\"https:\/\/wp.ufpel.edu.br\/scs\/files\/2015\/12\/PDI-UFPel_13-2015_rev03.pdf\" target=\"_blank\" rel=\"noopener\">Plano de Desenvolvimento Institucional UFPel 2015-2020 (prorrogado em 2021)<\/a><\/p>\n<p>&nbsp;<\/p>\n<p style=\"text-align: center;\"><span style=\"font-size: 18pt;\"><strong>PLANO DE DESENVOLVIMENTO DO\u00a0<\/strong><strong>INSTITUTO DE BIOLOGIA &#8211; PDU\/IB<\/strong><\/span><\/p>\n<p>&nbsp;<\/p>\n<p><span style=\"font-size: 18pt;\"><a href=\"https:\/\/docs.ufpel.edu.br\/index.php\/s\/Ee5L2I9lLnJK3Un\" target=\"_blank\" rel=\"noopener\">Vers\u00e3o PDU\/IB 2025\/2 a 2027\/1<\/a><\/span> (<a href=\"https:\/\/drive.google.com\/file\/d\/1qT5uPCYJ_KiRaLzu-WLAtOmc3m3f0mZ-\/view?usp=sharing\" target=\"_blank\" rel=\"noopener\">Portaria 59, de 15 de agosto de 2024 \u2013<\/a>\u00a0<strong>REVOGA\u00a0<\/strong>a\u00a0Portaria\u00a0Interna\u00a047\/2023\u00a0(<span contenteditable=\"false\"><a class=\"ancoraSei\" href=\"https:\/\/sei.ufpel.edu.br\/sei\/controlador.php?acao=protocolo_visualizar&amp;id_protocolo=2551592&amp;infra_sistema=100000100&amp;infra_unidade_atual=110000218&amp;infra_hash=2397e102eab2231025ddea9d299be21c2dc5255bc33491e67b19d87bacab1e29\" target=\"_blank\" rel=\"noopener\">2269029<\/a><\/span>);\u00a0\u00a0<strong>RECOMP\u00d5EM<\/strong>\u00a0as Comiss\u00f5es Permanentes e Tempor\u00e1rias do Conselho Departamental do Instituto de Biologia. Revogada pela\u00a0<a href=\"https:\/\/drive.google.com\/file\/d\/1DCWvSYsM6CRIBYKJ9-1E7PpazyLicgl5\/view?usp=sharing\" target=\"_blank\" rel=\"noopener\">Portaria 68, de 30 de outubro de 2024<\/a> ) Presidente Gustavo Maia Souza<\/p>\n<p><span style=\"font-size: 18pt;\"><a href=\"https:\/\/docs.ufpel.edu.br\/index.php\/s\/LXeDAi1cNYWj4Vo\" target=\"_blank\" rel=\"noopener\">Vers\u00e3o PDU\/IB 2023 a 2024<\/a> <\/span>prorrogado at\u00e9 2025\/1 (<a href=\"https:\/\/drive.google.com\/file\/d\/1dbXrcq9dnQkSGJQRCDuI8T5s9mkE8X7R\/view?usp=sharing\" target=\"_blank\" rel=\"noopener\">Portaria 62, de 15 de setembro de 2022 \u2013<\/a>\u00a0<strong>REVOGA\u00a0<\/strong>\u00a0as Portarias Internas 47\/2022, de 23 de junho de 2022 (<span contenteditable=\"false\"><a class=\"ancoraSei\" href=\"https:\/\/sei.ufpel.edu.br\/sei\/controlador.php?acao=protocolo_visualizar&amp;id_protocolo=1975714&amp;infra_sistema=100000100&amp;infra_unidade_atual=110000218&amp;infra_hash=0818ebad8c1a44c669c39c4004bcd927cda6d9a87cb6f83d5885767eec770dc4\" target=\"_blank\" rel=\"noopener\">1750775<\/a><\/span>) e\u00a0\u00a056\/2022, de 14 de setembro de 2022 (<span contenteditable=\"false\"><a class=\"ancoraSei\" href=\"https:\/\/sei.ufpel.edu.br\/sei\/controlador.php?acao=protocolo_visualizar&amp;id_protocolo=2102820&amp;infra_sistema=100000100&amp;infra_unidade_atual=110000218&amp;infra_hash=d56a2ff22a66d6bfc83021d265eff4ddcd80332fb4859736b66534064ea1d674\" target=\"_blank\" rel=\"noopener\">1864881<\/a><\/span>) e\u00a0<strong>RECOMP\u00d5EM<\/strong>\u00a0a\u00a0<strong>Comiss\u00e3o Tempor\u00e1ria do Plano de Desenvolvimento Institucional (CPDU) <\/strong>Presidente Gilson de Mendon\u00e7a<\/p>\n<p><strong><a href=\"https:\/\/docs.ufpel.edu.br\/index.php\/s\/oYpL13Rk5cs4TS8\" target=\"_blank\" rel=\"noopener\">Vers\u00e3o PDU\/IB 2020 a 2022 &#8211;<\/a> INSTITUTO DE BIOLOGIA &#8211;<\/strong> PORTARIA N\u00ba 1, DE 11 DE janeiro DE 2019 (<a id=\"anchor480263\" class=\"infraArvoreNo\" href=\"https:\/\/sei.ufpel.edu.br\/sei\/controlador.php?acao=arvore_visualizar&amp;acao_origem=procedimento_visualizar&amp;id_procedimento=480262&amp;id_documento=480263&amp;infra_sistema=100000100&amp;infra_unidade_atual=110000218&amp;infra_hash=77e00d5256ceebbf85f57073da02ce738d99a6094f6ac13a12ef09b44ce5d388\" target=\"ifrConteudoVisualizacao\"><span id=\"span480263\" class=\"infraArvoreNoSelecionado\">0410858<\/span><\/a>) &#8211; CONSTITUI Comiss\u00e3o para elaborar o PDU (fase propositiva) do Instituto de Biologia e PORTARIA N\u00ba 36, DE 18 DE abril DE 2019 (<a id=\"anchor595029\" class=\"infraArvoreNo\" href=\"https:\/\/sei.ufpel.edu.br\/sei\/controlador.php?acao=arvore_visualizar&amp;acao_origem=procedimento_visualizar&amp;id_procedimento=480262&amp;id_documento=595029&amp;infra_sistema=100000100&amp;infra_unidade_atual=110000218&amp;infra_hash=9346d73faac00943a21fb79058d7a4b6d838ef8a827edbf7d38246da25677a42\" target=\"ifrConteudoVisualizacao\"><span id=\"span595029\" class=\"noVisitado\">0511173)<\/span><\/a>&#8211; <strong>RETIFICA<\/strong> a PORTARIA N\u00ba. 1, DE 11 DE JANEIRO DE 2019 referente a Comiss\u00e3o para elaborar o PDU (fase propositiva) do Instituto de Biologia. Processos <a id=\"anchor482021\" class=\"infraArvoreNo\" title=\"Administra\u00e7\u00e3o Geral: Comunicados e Informes\" href=\"https:\/\/sei.ufpel.edu.br\/sei\/controlador.php?acao=arvore_visualizar&amp;acao_origem=procedimento_visualizar&amp;id_procedimento=482021&amp;infra_sistema=100000100&amp;infra_unidade_atual=110000218&amp;infra_hash=8a111befa19887f211569f5d30da9fbfc3289231b754a1007bb53a87c9e69f53\" target=\"ifrVisualizacao\"><span id=\"span482021\" class=\"noVisitado\">23110.001282\/2019-39<\/span><\/a>, <a class=\"ancoraVisualizacaoArvore\" href=\"https:\/\/sei.ufpel.edu.br\/sei\/controlador.php?acao=procedimento_trabalhar&amp;acao_origem=arvore_visualizar&amp;id_procedimento=480262&amp;infra_sistema=100000100&amp;infra_unidade_atual=110000218&amp;infra_hash=f530eb7950430a0ed121dee7c48fe74f25e14e3b257e103c245737a2edc2e393\" target=\"_blank\" rel=\"noopener\">23110.001067\/2019-38<\/a>\u00a0 e <a id=\"anchor561360\" class=\"infraArvoreNo\" title=\"Organiza\u00e7\u00e3o e Funcionamento: Comiss\u00f5es. Conselhos. Grupos de Trabalho - Atos de Cria\u00e7\u00e3o, Atas e Rela\" href=\"https:\/\/sei.ufpel.edu.br\/sei\/controlador.php?acao=arvore_visualizar&amp;acao_origem=procedimento_visualizar&amp;id_procedimento=561360&amp;infra_sistema=100000100&amp;infra_unidade_atual=110000218&amp;infra_hash=89e19ba40de37f44c6ecdce981196f122d4c3fc942a9df52e1991aee4f470e66\" target=\"ifrVisualizacao\"><span id=\"span561360\" class=\"noVisitado\">23110.011414\/2019-31<\/span><\/a>.<\/p>\n<p><a href=\"https:\/\/docs.ufpel.edu.br\/index.php\/s\/zSecQWbauOhIBu3\" target=\"_blank\" rel=\"noopener\">Relat\u00f3rio de acompanhamento da execu\u00e7\u00e3o de metas do PDU 2019-2022<\/a> &#8211; Instituto de Biologia<\/p>\n<p style=\"text-align: center;\"><strong><span style=\"font-size: 24pt;\">Outros documentos<\/span><\/strong><\/p>\n<p>&nbsp;<\/p>\n<p><a href=\"https:\/\/wp.ufpel.edu.br\/historep\/inicio\/\"><span style=\"font-size: 18pt;\">Historep &#8211;<\/span><\/a>\u00a0<strong>Profa. Dra. Sandra Mara da Encarna\u00e7\u00e3o Fiala Rechsteiner<\/strong><\/p>\n<p><span style=\"font-size: 18pt;\"><a href=\"http:\/\/guaiaca.ufpel.edu.br:8080\/bitstream\/prefix\/5729\/1\/Anais_do_I_Congresso_sobre_Bioma_Pampa.pdf\">Anais do I Congresso sobre o Bioma Pampa Reunindo Saberes<\/a> &#8211;<\/span> Althen Teixeira Filho, Lilian Terezinha Winckler<\/p>\n<p><span style=\"font-size: 18pt;\"><a href=\"https:\/\/guaiaca.ufpel.edu.br\/handle\/123456789\/1\" target=\"_blank\" rel=\"noopener\">Produ\u00e7\u00e3o Cient\u00edficas GUAICA &#8211; Instituto de Biologia<\/a><\/span><\/p>\n","protected":false},"excerpt":{"rendered":"<p>&nbsp; PLANO DE DESENVOLVIMENTO INSTITUCIONAL &#8211; PDI UFPEL Plano de Desenvolvimento Institucional UFPel 2022-2026 Plano de Desenvolvimento Institucional UFPel 2015-2020 (prorrogado em 2021) &nbsp; PLANO DE DESENVOLVIMENTO DO\u00a0INSTITUTO DE BIOLOGIA &#8211; PDU\/IB &nbsp; Vers\u00e3o PDU\/IB 2025\/2 a 2027\/1 (Portaria 59, de 15 de agosto de 2024 \u2013\u00a0REVOGA\u00a0a\u00a0Portaria\u00a0Interna\u00a047\/2023\u00a0(2269029);\u00a0\u00a0RECOMP\u00d5EM\u00a0as Comiss\u00f5es Permanentes e Tempor\u00e1rias do Conselho Departamental do [&hellip;]<\/p>\n","protected":false},"author":488,"featured_media":573,"parent":0,"menu_order":0,"comment_status":"closed","ping_status":"closed","template":"","meta":{"jetpack_post_was_ever_published":false,"footnotes":""},"class_list":["post-2407","page","type-page","status-publish","has-post-thumbnail","hentry"],"jetpack_sharing_enabled":true,"jetpack_shortlink":"https:\/\/wp.me\/P6S2gY-CP","_links":{"self":[{"href":"https:\/\/wp.ufpel.edu.br\/ib\/wp-json\/wp\/v2\/pages\/2407","targetHints":{"allow":["GET"]}}],"collection":[{"href":"https:\/\/wp.ufpel.edu.br\/ib\/wp-json\/wp\/v2\/pages"}],"about":[{"href":"https:\/\/wp.ufpel.edu.br\/ib\/wp-json\/wp\/v2\/types\/page"}],"author":[{"embeddable":true,"href":"https:\/\/wp.ufpel.edu.br\/ib\/wp-json\/wp\/v2\/users\/488"}],"replies":[{"embeddable":true,"href":"https:\/\/wp.ufpel.edu.br\/ib\/wp-json\/wp\/v2\/comments?post=2407"}],"version-history":[{"count":4,"href":"https:\/\/wp.ufpel.edu.br\/ib\/wp-json\/wp\/v2\/pages\/2407\/revisions"}],"predecessor-version":[{"id":5857,"href":"https:\/\/wp.ufpel.edu.br\/ib\/wp-json\/wp\/v2\/pages\/2407\/revisions\/5857"}],"wp:featuredmedia":[{"embeddable":true,"href":"https:\/\/wp.ufpel.edu.br\/ib\/wp-json\/wp\/v2\/media\/573"}],"wp:attachment":[{"href":"https:\/\/wp.ufpel.edu.br\/ib\/wp-json\/wp\/v2\/media?parent=2407"}],"curies":[{"name":"wp","href":"https:\/\/api.w.org\/{rel}","templated":true}]}}