{"id":237,"date":"2015-08-15T22:25:17","date_gmt":"2015-08-16T01:25:17","guid":{"rendered":"https:\/\/wp.ufpel.edu.br\/ib\/?page_id=237"},"modified":"2016-02-07T02:34:46","modified_gmt":"2016-02-07T04:34:46","slug":"daniela-isabel-brayer-pereira","status":"publish","type":"page","link":"https:\/\/wp.ufpel.edu.br\/ib\/daniela-isabel-brayer-pereira\/","title":{"rendered":"Daniela Isabel Brayer Pereira"},"content":{"rendered":"<p style=\"line-height: 18.0pt\"><strong><span style=\"font-family: 'Georgia',serif;color: #333333\">Daniela Isabel Brayer Pereira &#8211;<\/span><\/strong><span class=\"apple-converted-space\"><span style=\"font-family: 'Georgia',serif;color: #333333\">\u00a0<\/span><\/span><span style=\"font-family: 'Georgia',serif;color: #333333\">Professor Adjunto<\/span><\/p>\n<p><strong>Pr\u00e9dio:<\/strong> 18 (<em>Campus<\/em> Cap\u00e3o do Le\u00e3o)<\/p>\n<p style=\"line-height: 18.0pt;text-align: start\"><strong><span style=\"font-family: 'Georgia',serif;color: #333333\">Sala:<\/span><\/strong><span class=\"apple-converted-space\"><span style=\"font-family: 'Georgia',serif;color: #333333\">\u00a014<\/span><\/span><\/p>\n<p style=\"line-height: 18.0pt;text-align: start\"><strong><span style=\"font-family: 'Georgia',serif;color: #333333\">Telefone:<\/span><\/strong><span style=\"font-family: 'Georgia',serif;color: #333333\">\u00a0(53) 3275-7338<\/span><\/p>\n<p style=\"line-height: 18.0pt;text-align: start\"><strong><span style=\"font-family: 'Georgia',serif;color: #333333\">Endere\u00e7os eletr\u00f4nicos:\u00a0<\/span><\/strong><span style=\"font-family: 'Georgia',serif;color: #333333\">danielabrayer@gmail.com<\/span><\/p>\n<p style=\"line-height: 18.0pt;text-align: start\"><strong><span style=\"font-family: 'Georgia',serif;color: #333333\"><a href=\"http:\/\/lattes.cnpq.br\/3382450720179401\" target=\"_blank\">Lattes<\/a><\/span><\/strong><\/p>\n<p style=\"line-height: 18.0pt;text-align: start\">\n<p style=\"line-height: 18.0pt;text-align: start\"><strong><span style=\"font-family: 'Georgia',serif;color: #333333\">Disciplinas:<\/span><\/strong><span style=\"font-family: 'Georgia',serif;color: #333333\"><br \/>\n<\/span><\/p>\n<p style=\"line-height: 18.0pt;text-align: start\"><span style=\"font-family: 'Georgia',serif;color: #333333\"><em>Gradua\u00e7\u00e3o<\/em><br \/>\n<\/span><\/p>\n<p style=\"line-height: 18.0pt;text-align: start\"><span style=\"font-family: 'Georgia',serif;color: #333333\">&#8211; Microbiologia e Imunologia B\u00e1sicas &#8211; Cursos de Medicina Veterin\u00e1ria e Odontologia<\/span><\/p>\n<p style=\"line-height: 18.0pt;text-align: start\"><span style=\"font-family: 'Georgia',serif;color: #333333\"><em>P\u00f3s-gradua\u00e7\u00e3o<\/em><br \/>\n<\/span><\/p>\n<p style=\"line-height: 18.0pt;text-align: start\"><span style=\"font-family: 'Georgia',serif;color: #333333\">&#8211; Metodologia da Pesquisa &#8211; PPG Parasitologia<br \/>\n<\/span><\/p>\n<p style=\"line-height: 18.0pt;text-align: start\"><span style=\"font-family: 'Georgia',serif;color: #333333\">&#8211; Aplicabilidade de Fungos no Controle Biol\u00f3gico de Endo e Ectoparasitos &#8211; PPG Parasitologia<br \/>\n<\/span><\/p>\n<p style=\"line-height: 18.0pt;text-align: start\"><span style=\"font-family: 'Georgia',serif;color: #333333\">&#8211; Doen\u00e7a F\u00fangicas e Oomicetos de Import\u00e2ncia M\u00e9dica e Veterin\u00e1ria &#8211; PPG Parasitologia<br \/>\n<\/span><\/p>\n<p style=\"line-height: 18.0pt;text-align: start\"><span style=\"font-family: 'Georgia',serif;color: #333333\">&#8211; Fundamentos de Micologia &#8211; PPG Parasitologia<\/span><\/p>\n<p style=\"line-height: 18.0pt;text-align: start\">\n<p style=\"line-height: 18.0pt;text-align: start\"><strong><span style=\"font-family: 'Georgia',serif;color: #333333\">Linhas de pesquisa:<\/span><\/strong><span style=\"font-family: 'Georgia',serif;color: #333333\"><br \/>\n<\/span><\/p>\n<p style=\"line-height: 18.0pt;text-align: start\"><span style=\"font-family: 'Georgia',serif;color: #333333\">&#8211; Fungos patog\u00eanicos de import\u00e2ncia m\u00e9dica e veterin\u00e1ria<br \/>\n<\/span><\/p>\n<p style=\"line-height: 18.0pt;text-align: start\"><span style=\"font-family: 'Georgia',serif;color: #333333\">&#8211; Fungos aplicados ao controle biol\u00f3gico de parasitos<br \/>\n<\/span><\/p>\n","protected":false},"excerpt":{"rendered":"<p>Daniela Isabel Brayer Pereira &#8211;\u00a0Professor Adjunto Pr\u00e9dio: 18 (Campus Cap\u00e3o do Le\u00e3o) Sala:\u00a014 Telefone:\u00a0(53) 3275-7338 Endere\u00e7os eletr\u00f4nicos:\u00a0danielabrayer@gmail.com Lattes Disciplinas: Gradua\u00e7\u00e3o &#8211; Microbiologia e Imunologia B\u00e1sicas &#8211; Cursos de Medicina Veterin\u00e1ria e Odontologia P\u00f3s-gradua\u00e7\u00e3o &#8211; Metodologia da Pesquisa &#8211; PPG Parasitologia &#8211; Aplicabilidade de Fungos no Controle Biol\u00f3gico de Endo e Ectoparasitos &#8211; PPG Parasitologia &#8211; [&hellip;]<\/p>\n","protected":false},"author":488,"featured_media":0,"parent":0,"menu_order":0,"comment_status":"closed","ping_status":"closed","template":"","meta":{"jetpack_post_was_ever_published":false,"footnotes":""},"class_list":["post-237","page","type-page","status-publish","hentry"],"jetpack_sharing_enabled":true,"jetpack_shortlink":"https:\/\/wp.me\/P6S2gY-3P","_links":{"self":[{"href":"https:\/\/wp.ufpel.edu.br\/ib\/wp-json\/wp\/v2\/pages\/237","targetHints":{"allow":["GET"]}}],"collection":[{"href":"https:\/\/wp.ufpel.edu.br\/ib\/wp-json\/wp\/v2\/pages"}],"about":[{"href":"https:\/\/wp.ufpel.edu.br\/ib\/wp-json\/wp\/v2\/types\/page"}],"author":[{"embeddable":true,"href":"https:\/\/wp.ufpel.edu.br\/ib\/wp-json\/wp\/v2\/users\/488"}],"replies":[{"embeddable":true,"href":"https:\/\/wp.ufpel.edu.br\/ib\/wp-json\/wp\/v2\/comments?post=237"}],"version-history":[{"count":8,"href":"https:\/\/wp.ufpel.edu.br\/ib\/wp-json\/wp\/v2\/pages\/237\/revisions"}],"predecessor-version":[{"id":838,"href":"https:\/\/wp.ufpel.edu.br\/ib\/wp-json\/wp\/v2\/pages\/237\/revisions\/838"}],"wp:attachment":[{"href":"https:\/\/wp.ufpel.edu.br\/ib\/wp-json\/wp\/v2\/media?parent=237"}],"curies":[{"name":"wp","href":"https:\/\/api.w.org\/{rel}","templated":true}]}}