{"id":235,"date":"2015-08-15T22:25:09","date_gmt":"2015-08-16T01:25:09","guid":{"rendered":"https:\/\/wp.ufpel.edu.br\/ib\/?page_id=235"},"modified":"2016-02-07T02:30:24","modified_gmt":"2016-02-07T04:30:24","slug":"daiane-drawanz-hartwig","status":"publish","type":"page","link":"https:\/\/wp.ufpel.edu.br\/ib\/daiane-drawanz-hartwig\/","title":{"rendered":"Daiane Drawanz Hartwig"},"content":{"rendered":"<p style=\"line-height: 18.0pt\"><strong><span style=\"font-family: 'Georgia',serif;color: #333333\">Daiane Drawanz Hartwig &#8211;<\/span><\/strong><span class=\"apple-converted-space\"><span style=\"font-family: 'Georgia',serif;color: #333333\">\u00a0<\/span><\/span><span style=\"font-family: 'Georgia',serif;color: #333333\">Professor Adjunto<\/span><\/p>\n<p style=\"line-height: 18.0pt;text-align: start\"><strong>Pr\u00e9dio:<\/strong> 18 (<em>Campus\u00a0<\/em>Cap\u00e3o do Le\u00e3o)<\/p>\n<p style=\"line-height: 18.0pt;text-align: start\"><strong><span style=\"font-family: 'Georgia',serif;color: #333333\">Sala:<\/span><\/strong><span class=\"apple-converted-space\"><span style=\"font-family: 'Georgia',serif;color: #333333\">\u00a015<\/span><\/span><\/p>\n<p style=\"line-height: 18.0pt;text-align: start\"><strong><span style=\"font-family: 'Georgia',serif;color: #333333\">Telefone:<\/span><\/strong><span style=\"font-family: 'Georgia',serif;color: #333333\">\u00a0(53) 3275-7616<\/span><\/p>\n<p style=\"line-height: 18.0pt;text-align: start\"><strong><span style=\"font-family: 'Georgia',serif;color: #333333\">Endere\u00e7os eletr\u00f4nicos:\u00a0<\/span><\/strong><span style=\"font-family: 'Georgia',serif;color: #333333\">daianehartwig@gmail.com<\/span><\/p>\n<p style=\"line-height: 18.0pt;text-align: start\"><strong><span style=\"font-family: 'Georgia',serif;color: #333333\"><a href=\"http:\/\/lattes.cnpq.br\/0131111340559161\" target=\"_blank\">Lattes<\/a><\/span><\/strong><\/p>\n<p style=\"line-height: 18.0pt;text-align: start\">\n<p style=\"line-height: 18.0pt;text-align: start\"><strong><span style=\"font-family: 'Georgia',serif;color: #333333\">Disciplinas:<\/span><\/strong><span style=\"font-family: 'Georgia',serif;color: #333333\"><br \/>\n<\/span><\/p>\n<p style=\"line-height: 18.0pt;text-align: start\"><span style=\"font-family: 'Georgia',serif;color: #333333\"><em>Gradua\u00e7\u00e3o<\/em><br \/>\n<\/span><\/p>\n<p style=\"line-height: 18.0pt;text-align: start\"><span style=\"font-family: 'Georgia',serif;color: #333333\">&#8211; Microbiologia e Imunologia<br \/>\n<\/span><\/p>\n<p style=\"line-height: 18.0pt;text-align: start\"><span style=\"font-family: 'Georgia',serif;color: #333333\">&#8211; Epidemiologia e Sa\u00fade P\u00fablica<br \/>\n<\/span><\/p>\n<p style=\"line-height: 18.0pt;text-align: start\"><span style=\"font-family: 'Georgia',serif;color: #333333\">&#8211; Biologia Molecular<br \/>\n<\/span><\/p>\n<p style=\"line-height: 18.0pt;text-align: start\"><span style=\"font-family: 'Georgia',serif;color: #333333\">&#8211; Biosseguran\u00e7a<\/span><\/p>\n<p style=\"line-height: 18.0pt;text-align: start\">\n<p style=\"line-height: 18.0pt;text-align: start\"><strong><span style=\"font-family: 'Georgia',serif;color: #333333\">Linhas de pesquisa:<\/span><\/strong><span style=\"font-family: 'Georgia',serif;color: #333333\"><br \/>\n<\/span><\/p>\n<p style=\"line-height: 18.0pt;text-align: start\"><span style=\"font-family: 'Georgia',serif;color: #333333\">&#8211; Desenvolvimento de vacinas recombinantes<br \/>\n<\/span><\/p>\n<p style=\"line-height: 18.0pt;text-align: start\"><span style=\"font-family: 'Georgia',serif;color: #333333\">&#8211; Avalia\u00e7\u00e3o de resposta imunol\u00f3gica<br \/>\n<\/span><\/p>\n<p style=\"line-height: 18.0pt;text-align: start\"><span style=\"font-family: 'Georgia',serif;color: #333333\">&#8211; Teste de novos antimicrobianos<br \/>\n<\/span><\/p>\n<p style=\"line-height: 18.0pt;text-align: start\"><span style=\"font-family: 'Georgia',serif;color: #333333\">&#8211; Biologia Molecular de Microrganismos<\/span><\/p>\n","protected":false},"excerpt":{"rendered":"<p>Daiane Drawanz Hartwig &#8211;\u00a0Professor Adjunto Pr\u00e9dio: 18 (Campus\u00a0Cap\u00e3o do Le\u00e3o) Sala:\u00a015 Telefone:\u00a0(53) 3275-7616 Endere\u00e7os eletr\u00f4nicos:\u00a0daianehartwig@gmail.com Lattes Disciplinas: Gradua\u00e7\u00e3o &#8211; Microbiologia e Imunologia &#8211; Epidemiologia e Sa\u00fade P\u00fablica &#8211; Biologia Molecular &#8211; Biosseguran\u00e7a Linhas de pesquisa: &#8211; Desenvolvimento de vacinas recombinantes &#8211; Avalia\u00e7\u00e3o de resposta imunol\u00f3gica &#8211; Teste de novos antimicrobianos &#8211; Biologia Molecular de Microrganismos<\/p>\n","protected":false},"author":488,"featured_media":0,"parent":0,"menu_order":0,"comment_status":"closed","ping_status":"closed","template":"","meta":{"jetpack_post_was_ever_published":false,"footnotes":""},"class_list":["post-235","page","type-page","status-publish","hentry"],"jetpack_sharing_enabled":true,"jetpack_shortlink":"https:\/\/wp.me\/P6S2gY-3N","_links":{"self":[{"href":"https:\/\/wp.ufpel.edu.br\/ib\/wp-json\/wp\/v2\/pages\/235","targetHints":{"allow":["GET"]}}],"collection":[{"href":"https:\/\/wp.ufpel.edu.br\/ib\/wp-json\/wp\/v2\/pages"}],"about":[{"href":"https:\/\/wp.ufpel.edu.br\/ib\/wp-json\/wp\/v2\/types\/page"}],"author":[{"embeddable":true,"href":"https:\/\/wp.ufpel.edu.br\/ib\/wp-json\/wp\/v2\/users\/488"}],"replies":[{"embeddable":true,"href":"https:\/\/wp.ufpel.edu.br\/ib\/wp-json\/wp\/v2\/comments?post=235"}],"version-history":[{"count":4,"href":"https:\/\/wp.ufpel.edu.br\/ib\/wp-json\/wp\/v2\/pages\/235\/revisions"}],"predecessor-version":[{"id":835,"href":"https:\/\/wp.ufpel.edu.br\/ib\/wp-json\/wp\/v2\/pages\/235\/revisions\/835"}],"wp:attachment":[{"href":"https:\/\/wp.ufpel.edu.br\/ib\/wp-json\/wp\/v2\/media?parent=235"}],"curies":[{"name":"wp","href":"https:\/\/api.w.org\/{rel}","templated":true}]}}