{"id":223,"date":"2015-08-15T22:21:19","date_gmt":"2015-08-16T01:21:19","guid":{"rendered":"https:\/\/wp.ufpel.edu.br\/ib\/?page_id=223"},"modified":"2016-02-07T01:56:13","modified_gmt":"2016-02-07T03:56:13","slug":"caroline-scherer","status":"publish","type":"page","link":"https:\/\/wp.ufpel.edu.br\/ib\/caroline-scherer\/","title":{"rendered":"Caroline Scherer"},"content":{"rendered":"<p><strong>Caroline Scherer\u00a0&#8211;<\/strong>\u00a0Professor\u00a0Adjunto<\/p>\n<p><strong>Pr\u00e9dio:<\/strong>\u00a022 (Campus Cap\u00e3o do Le\u00e3o)<\/p>\n<p><strong>Sala: <\/strong>Identifica\u00e7\u00e3o na porta<\/p>\n<p><strong>Telefone:<\/strong><strong>\u00a0<\/strong>(53) 3275-7646<\/p>\n<p><strong>E-mail: <\/strong>cacabio@yahoo.com.br<\/p>\n<p><a href=\"http:\/\/buscatextual.cnpq.br\/buscatextual\/visualizacv.do?id=K4760576E2\"><strong>Lattes<\/strong><\/a><\/p>\n<p>&nbsp;<\/p>\n<p><strong>Disciplinas:<\/strong><\/p>\n<p><em>Gradua\u00e7\u00e3o<\/em><\/p>\n<p>&#8211; Morfologia de Faner\u00f3gamas &#8211; Curso de Ci\u00eancias Biol\u00f3gicas<\/p>\n<p>&#8211; Sistem\u00e1tica de Faner\u00f3gamas &#8211; Curso de Ci\u00eancias Biol\u00f3gicas<\/p>\n<p>&#8211; Bot\u00e2nica<\/p>\n<p>&#8211; Trabalho de Conclus\u00e3o de Curso III &#8211; Curso de Ci\u00eancias Biol\u00f3gicas<\/p>\n<p>&#8211; Morfologia \u00a0e Sistem\u00e1tica Vegetal<\/p>\n<p>&#8211; Est\u00e1gio Supervisionado IV &#8211; Curso de Ci\u00eancias Biol\u00f3gicas<\/p>\n<p>&nbsp;<\/p>\n<p><strong>Linhas de pesquisa:<\/strong><\/p>\n<p>&#8211; Morfologia Vegetal<\/p>\n","protected":false},"excerpt":{"rendered":"<p>Caroline Scherer\u00a0&#8211;\u00a0Professor\u00a0Adjunto Pr\u00e9dio:\u00a022 (Campus Cap\u00e3o do Le\u00e3o) Sala: Identifica\u00e7\u00e3o na porta Telefone:\u00a0(53) 3275-7646 E-mail: cacabio@yahoo.com.br Lattes &nbsp; Disciplinas: Gradua\u00e7\u00e3o &#8211; Morfologia de Faner\u00f3gamas &#8211; Curso de Ci\u00eancias Biol\u00f3gicas &#8211; Sistem\u00e1tica de Faner\u00f3gamas &#8211; Curso de Ci\u00eancias Biol\u00f3gicas &#8211; Bot\u00e2nica &#8211; Trabalho de Conclus\u00e3o de Curso III &#8211; Curso de Ci\u00eancias Biol\u00f3gicas &#8211; Morfologia \u00a0e Sistem\u00e1tica [&hellip;]<\/p>\n","protected":false},"author":488,"featured_media":0,"parent":0,"menu_order":0,"comment_status":"closed","ping_status":"closed","template":"","meta":{"jetpack_post_was_ever_published":false,"footnotes":""},"class_list":["post-223","page","type-page","status-publish","hentry"],"jetpack_sharing_enabled":true,"jetpack_shortlink":"https:\/\/wp.me\/P6S2gY-3B","_links":{"self":[{"href":"https:\/\/wp.ufpel.edu.br\/ib\/wp-json\/wp\/v2\/pages\/223","targetHints":{"allow":["GET"]}}],"collection":[{"href":"https:\/\/wp.ufpel.edu.br\/ib\/wp-json\/wp\/v2\/pages"}],"about":[{"href":"https:\/\/wp.ufpel.edu.br\/ib\/wp-json\/wp\/v2\/types\/page"}],"author":[{"embeddable":true,"href":"https:\/\/wp.ufpel.edu.br\/ib\/wp-json\/wp\/v2\/users\/488"}],"replies":[{"embeddable":true,"href":"https:\/\/wp.ufpel.edu.br\/ib\/wp-json\/wp\/v2\/comments?post=223"}],"version-history":[{"count":7,"href":"https:\/\/wp.ufpel.edu.br\/ib\/wp-json\/wp\/v2\/pages\/223\/revisions"}],"predecessor-version":[{"id":822,"href":"https:\/\/wp.ufpel.edu.br\/ib\/wp-json\/wp\/v2\/pages\/223\/revisions\/822"}],"wp:attachment":[{"href":"https:\/\/wp.ufpel.edu.br\/ib\/wp-json\/wp\/v2\/media?parent=223"}],"curies":[{"name":"wp","href":"https:\/\/api.w.org\/{rel}","templated":true}]}}