{"id":205,"date":"2015-08-15T22:19:46","date_gmt":"2015-08-16T01:19:46","guid":{"rendered":"https:\/\/wp.ufpel.edu.br\/ib\/?page_id=205"},"modified":"2016-02-07T02:53:39","modified_gmt":"2016-02-07T04:53:39","slug":"ana-paula-nunes","status":"publish","type":"page","link":"https:\/\/wp.ufpel.edu.br\/ib\/ana-paula-nunes\/","title":{"rendered":"Ana Paula Nunes"},"content":{"rendered":"<p><strong>\u00a0Ana Paula Nunes &#8211;<\/strong>\u00a0Professor\u00a0Adjunto<\/p>\n<p><strong>Pr\u00e9dio:<\/strong>\u00a0Departamento de Morfologia &#8211;\u00a0<em>Campus\u00a0<\/em>Faculdade de Medicina<\/p>\n<p><strong>Sala: <\/strong>Identifica\u00e7\u00e3o na porta<\/p>\n<p><strong>Telefone:<\/strong><strong>\u00a0<\/strong><\/p>\n<p><strong>E-mail:<\/strong><strong>\u00a0\u00a0<\/strong>anapaula.epi@gmail.com<\/p>\n<p><a href=\"http:\/\/lattes.cnpq.br\/6567059436768963\"><strong>Lattes<\/strong><\/a><\/p>\n<p>&nbsp;<\/p>\n<p><strong>Disciplinas:<\/strong><\/p>\n<p><em>Gradua\u00e7\u00e3o<\/em><\/p>\n<p>&#8211; Histologia Bucal e Embriologia<\/p>\n<p>&nbsp;<\/p>\n<p><strong>Linhas de pesquisa:<\/strong><\/p>\n<p>&#8211; Epigen\u00e9tica<\/p>\n<p>&#8211; Histologia Funcional<\/p>\n<p>&#8211; Melhoramento Gen\u00e9tico<\/p>\n","protected":false},"excerpt":{"rendered":"<p>\u00a0Ana Paula Nunes &#8211;\u00a0Professor\u00a0Adjunto Pr\u00e9dio:\u00a0Departamento de Morfologia &#8211;\u00a0Campus\u00a0Faculdade de Medicina Sala: Identifica\u00e7\u00e3o na porta Telefone:\u00a0 E-mail:\u00a0\u00a0anapaula.epi@gmail.com Lattes &nbsp; Disciplinas: Gradua\u00e7\u00e3o &#8211; Histologia Bucal e Embriologia &nbsp; Linhas de pesquisa: &#8211; Epigen\u00e9tica &#8211; Histologia Funcional &#8211; Melhoramento Gen\u00e9tico<\/p>\n","protected":false},"author":488,"featured_media":0,"parent":0,"menu_order":0,"comment_status":"closed","ping_status":"closed","template":"","meta":{"jetpack_post_was_ever_published":false,"footnotes":""},"class_list":["post-205","page","type-page","status-publish","hentry"],"jetpack_sharing_enabled":true,"jetpack_shortlink":"https:\/\/wp.me\/P6S2gY-3j","_links":{"self":[{"href":"https:\/\/wp.ufpel.edu.br\/ib\/wp-json\/wp\/v2\/pages\/205","targetHints":{"allow":["GET"]}}],"collection":[{"href":"https:\/\/wp.ufpel.edu.br\/ib\/wp-json\/wp\/v2\/pages"}],"about":[{"href":"https:\/\/wp.ufpel.edu.br\/ib\/wp-json\/wp\/v2\/types\/page"}],"author":[{"embeddable":true,"href":"https:\/\/wp.ufpel.edu.br\/ib\/wp-json\/wp\/v2\/users\/488"}],"replies":[{"embeddable":true,"href":"https:\/\/wp.ufpel.edu.br\/ib\/wp-json\/wp\/v2\/comments?post=205"}],"version-history":[{"count":5,"href":"https:\/\/wp.ufpel.edu.br\/ib\/wp-json\/wp\/v2\/pages\/205\/revisions"}],"predecessor-version":[{"id":845,"href":"https:\/\/wp.ufpel.edu.br\/ib\/wp-json\/wp\/v2\/pages\/205\/revisions\/845"}],"wp:attachment":[{"href":"https:\/\/wp.ufpel.edu.br\/ib\/wp-json\/wp\/v2\/media?parent=205"}],"curies":[{"name":"wp","href":"https:\/\/api.w.org\/{rel}","templated":true}]}}