{"id":199,"date":"2015-08-15T22:19:08","date_gmt":"2015-08-16T01:19:08","guid":{"rendered":"https:\/\/wp.ufpel.edu.br\/ib\/?page_id=199"},"modified":"2016-03-30T11:10:26","modified_gmt":"2016-03-30T14:10:26","slug":"althen-teixeira-filho","status":"publish","type":"page","link":"https:\/\/wp.ufpel.edu.br\/ib\/althen-teixeira-filho\/","title":{"rendered":"Althen Teixeira Filho"},"content":{"rendered":"<p><strong>Althen Teixeira Filho\u00a0&#8211;<\/strong>\u00a0Professor Titular<\/p>\n<p><strong>Pr\u00e9dio:<\/strong>\u00a024 (<em>Campus<\/em> Cap\u00e3o do Le\u00e3o)<\/p>\n<p><strong>Sala:<\/strong>04<\/p>\n<p><strong>Telefone:<\/strong><strong>\u00a0<\/strong>(53)\u00a03275-7339<\/p>\n<p><strong>E-mail:\u00a0<\/strong>althent@gmail.com<\/p>\n<p><a href=\"http:\/\/lattes.cnpq.br\/0072597586528754\"><strong>Lattes<\/strong><\/a><\/p>\n<p>&nbsp;<\/p>\n<p><strong>Disciplinas:<\/strong><\/p>\n<p><em>Gradua\u00e7\u00e3o<\/em><\/p>\n<p>&#8211; Anatomia dos Animais Dom\u00e9sticos II &#8211; Curso de Veterin\u00e1ria<\/p>\n<p>&nbsp;<\/p>\n<p><strong>Linhas de pesquisa:<\/strong><\/p>\n<p>&#8211; Sistema Nervoso Ent\u00e9rico nos Animais Dom\u00e9sticos<\/p>\n<p>&#8211; Vasculariza\u00e7\u00e3o do cora\u00e7\u00e3o<\/p>\n<p>&#8211; Estudos das c\u00e9lulas nervosas do est\u00f4mago dos ruminantes<\/p>\n","protected":false},"excerpt":{"rendered":"<p>Althen Teixeira Filho\u00a0&#8211;\u00a0Professor Titular Pr\u00e9dio:\u00a024 (Campus Cap\u00e3o do Le\u00e3o) Sala:04 Telefone:\u00a0(53)\u00a03275-7339 E-mail:\u00a0althent@gmail.com Lattes &nbsp; Disciplinas: Gradua\u00e7\u00e3o &#8211; Anatomia dos Animais Dom\u00e9sticos II &#8211; Curso de Veterin\u00e1ria &nbsp; Linhas de pesquisa: &#8211; Sistema Nervoso Ent\u00e9rico nos Animais Dom\u00e9sticos &#8211; Vasculariza\u00e7\u00e3o do cora\u00e7\u00e3o &#8211; Estudos das c\u00e9lulas nervosas do est\u00f4mago dos ruminantes<\/p>\n","protected":false},"author":488,"featured_media":0,"parent":0,"menu_order":0,"comment_status":"closed","ping_status":"closed","template":"","meta":{"jetpack_post_was_ever_published":false,"footnotes":""},"class_list":["post-199","page","type-page","status-publish","hentry"],"jetpack_sharing_enabled":true,"jetpack_shortlink":"https:\/\/wp.me\/P6S2gY-3d","_links":{"self":[{"href":"https:\/\/wp.ufpel.edu.br\/ib\/wp-json\/wp\/v2\/pages\/199","targetHints":{"allow":["GET"]}}],"collection":[{"href":"https:\/\/wp.ufpel.edu.br\/ib\/wp-json\/wp\/v2\/pages"}],"about":[{"href":"https:\/\/wp.ufpel.edu.br\/ib\/wp-json\/wp\/v2\/types\/page"}],"author":[{"embeddable":true,"href":"https:\/\/wp.ufpel.edu.br\/ib\/wp-json\/wp\/v2\/users\/488"}],"replies":[{"embeddable":true,"href":"https:\/\/wp.ufpel.edu.br\/ib\/wp-json\/wp\/v2\/comments?post=199"}],"version-history":[{"count":6,"href":"https:\/\/wp.ufpel.edu.br\/ib\/wp-json\/wp\/v2\/pages\/199\/revisions"}],"predecessor-version":[{"id":843,"href":"https:\/\/wp.ufpel.edu.br\/ib\/wp-json\/wp\/v2\/pages\/199\/revisions\/843"}],"wp:attachment":[{"href":"https:\/\/wp.ufpel.edu.br\/ib\/wp-json\/wp\/v2\/media?parent=199"}],"curies":[{"name":"wp","href":"https:\/\/api.w.org\/{rel}","templated":true}]}}