{"id":190,"date":"2015-08-15T22:18:26","date_gmt":"2015-08-16T01:18:26","guid":{"rendered":"https:\/\/wp.ufpel.edu.br\/ib\/?page_id=190"},"modified":"2016-02-07T02:06:38","modified_gmt":"2016-02-07T04:06:38","slug":"adriana-lourenco-da-silva","status":"publish","type":"page","link":"https:\/\/wp.ufpel.edu.br\/ib\/adriana-lourenco-da-silva\/","title":{"rendered":"Adriana Louren\u00e7o da Silva"},"content":{"rendered":"<p><strong>\u00a0Adriana Louren\u00e7o da Silva &#8211;<\/strong>\u00a0Professor\u00a0Adjunto<\/p>\n<p><strong>Pr\u00e9dio:<\/strong>\u00a017 (<em>Campus<\/em> Cap\u00e3o do Le\u00e3o)<\/p>\n<p><strong>Sala:<\/strong>\u00a0Identifica\u00e7\u00e3o na porta<\/p>\n<p><strong>Telefone:<\/strong><strong>\u00a0<\/strong>(53)\u00a03275-7337<\/p>\n<p><strong>E-mail:<\/strong><strong>\u00a0<\/strong>adrilourenco@gmail.com<\/p>\n<p><a href=\"http:\/\/lattes.cnpq.br\/6664895882670809\"><strong>Lattes<\/strong><\/a><\/p>\n<p>&nbsp;<\/p>\n<p><strong>Disciplinas:<\/strong><\/p>\n<p><em>Gradua\u00e7\u00e3o<\/em><\/p>\n<p>&#8211; Psicofarmacologia<\/p>\n<p>&#8211; Farmacologia &#8211; Curso de Veterin\u00e1ria (turma especial)<\/p>\n<p>&#8211; Farmacologia &#8211; Curso de Ci\u00eancias Biol\u00f3gicas<\/p>\n<p><em>P\u00f3s-Gradua\u00e7\u00e3o<\/em><\/p>\n<p>&#8211; Farmacologia (diversos cursos)<\/p>\n<p>&nbsp;<\/p>\n<p><strong>Linhas de pesquisa:<\/strong><\/p>\n<p>&#8211; Neurofarmacologia<\/p>\n<p>&#8211; Psicofarmacologia<\/p>\n<p>&#8211; Farmacologia de produtos naturais e sint\u00e9ticos que atuam no sistema nervoso central<\/p>\n","protected":false},"excerpt":{"rendered":"<p>\u00a0Adriana Louren\u00e7o da Silva &#8211;\u00a0Professor\u00a0Adjunto Pr\u00e9dio:\u00a017 (Campus Cap\u00e3o do Le\u00e3o) Sala:\u00a0Identifica\u00e7\u00e3o na porta Telefone:\u00a0(53)\u00a03275-7337 E-mail:\u00a0adrilourenco@gmail.com Lattes &nbsp; Disciplinas: Gradua\u00e7\u00e3o &#8211; Psicofarmacologia &#8211; Farmacologia &#8211; Curso de Veterin\u00e1ria (turma especial) &#8211; Farmacologia &#8211; Curso de Ci\u00eancias Biol\u00f3gicas P\u00f3s-Gradua\u00e7\u00e3o &#8211; Farmacologia (diversos cursos) &nbsp; Linhas de pesquisa: &#8211; Neurofarmacologia &#8211; Psicofarmacologia &#8211; Farmacologia de produtos naturais e [&hellip;]<\/p>\n","protected":false},"author":488,"featured_media":0,"parent":0,"menu_order":0,"comment_status":"closed","ping_status":"closed","template":"","meta":{"jetpack_post_was_ever_published":false,"footnotes":""},"class_list":["post-190","page","type-page","status-publish","hentry"],"jetpack_sharing_enabled":true,"jetpack_shortlink":"https:\/\/wp.me\/P6S2gY-34","_links":{"self":[{"href":"https:\/\/wp.ufpel.edu.br\/ib\/wp-json\/wp\/v2\/pages\/190","targetHints":{"allow":["GET"]}}],"collection":[{"href":"https:\/\/wp.ufpel.edu.br\/ib\/wp-json\/wp\/v2\/pages"}],"about":[{"href":"https:\/\/wp.ufpel.edu.br\/ib\/wp-json\/wp\/v2\/types\/page"}],"author":[{"embeddable":true,"href":"https:\/\/wp.ufpel.edu.br\/ib\/wp-json\/wp\/v2\/users\/488"}],"replies":[{"embeddable":true,"href":"https:\/\/wp.ufpel.edu.br\/ib\/wp-json\/wp\/v2\/comments?post=190"}],"version-history":[{"count":6,"href":"https:\/\/wp.ufpel.edu.br\/ib\/wp-json\/wp\/v2\/pages\/190\/revisions"}],"predecessor-version":[{"id":826,"href":"https:\/\/wp.ufpel.edu.br\/ib\/wp-json\/wp\/v2\/pages\/190\/revisions\/826"}],"wp:attachment":[{"href":"https:\/\/wp.ufpel.edu.br\/ib\/wp-json\/wp\/v2\/media?parent=190"}],"curies":[{"name":"wp","href":"https:\/\/api.w.org\/{rel}","templated":true}]}}