{"id":179,"date":"2015-08-14T23:39:51","date_gmt":"2015-08-15T02:39:51","guid":{"rendered":"https:\/\/wp.ufpel.edu.br\/ib\/?page_id=179"},"modified":"2016-02-07T01:37:57","modified_gmt":"2016-02-07T03:37:57","slug":"joao-nelci-brandalise","status":"publish","type":"page","link":"https:\/\/wp.ufpel.edu.br\/ib\/joao-nelci-brandalise\/","title":{"rendered":"Jo\u00e3o Nelci Brandalise"},"content":{"rendered":"<p style=\"line-height: 18.0pt\">\u00a0<strong>Jo\u00e3o Nelci Brandalise &#8211;<\/strong>\u00a0Professor Adjunto<\/p>\n<p><strong>Pr\u00e9dio:<\/strong> 23 (<em>Campus<\/em> Cap\u00e3o do Le\u00e3o)<\/p>\n<p><strong>Sala:<\/strong>\u00a0Identifica\u00e7\u00e3o na porta<\/p>\n<p><strong>Telefone:<\/strong>\u00a0(53) 3275-7340<\/p>\n<p><strong>Endere\u00e7o eletr\u00f4nico:<\/strong> jnbrandalise@gmail.com<\/p>\n<p><strong><a href=\"http:\/\/lattes.cnpq.br\/3885887942832708\" target=\"_blank\">Lattes<\/a><\/strong><\/p>\n<p>&nbsp;<\/p>\n<p><strong>Disciplinas:<\/strong><\/p>\n<p><em>Gradua\u00e7\u00e3o<\/em><\/p>\n<p>&#8211;\u00a0Ci\u00eancias Agr\u00e1rias e Gest\u00e3o Ambiental;<\/p>\n<p>&nbsp;<\/p>\n<p><strong>Linhas de pesquisa:<\/strong><\/p>\n<p>&#8211; Ci\u00eancias Agr\u00e1rias;<\/p>\n<p>&#8211; Agronomia;<\/p>\n","protected":false},"excerpt":{"rendered":"<p>\u00a0Jo\u00e3o Nelci Brandalise &#8211;\u00a0Professor Adjunto Pr\u00e9dio: 23 (Campus Cap\u00e3o do Le\u00e3o) Sala:\u00a0Identifica\u00e7\u00e3o na porta Telefone:\u00a0(53) 3275-7340 Endere\u00e7o eletr\u00f4nico: jnbrandalise@gmail.com Lattes &nbsp; Disciplinas: Gradua\u00e7\u00e3o &#8211;\u00a0Ci\u00eancias Agr\u00e1rias e Gest\u00e3o Ambiental; &nbsp; Linhas de pesquisa: &#8211; Ci\u00eancias Agr\u00e1rias; &#8211; Agronomia;<\/p>\n","protected":false},"author":488,"featured_media":0,"parent":0,"menu_order":0,"comment_status":"closed","ping_status":"closed","template":"","meta":{"jetpack_post_was_ever_published":false,"footnotes":""},"class_list":["post-179","page","type-page","status-publish","hentry"],"jetpack_sharing_enabled":true,"jetpack_shortlink":"https:\/\/wp.me\/P6S2gY-2T","_links":{"self":[{"href":"https:\/\/wp.ufpel.edu.br\/ib\/wp-json\/wp\/v2\/pages\/179","targetHints":{"allow":["GET"]}}],"collection":[{"href":"https:\/\/wp.ufpel.edu.br\/ib\/wp-json\/wp\/v2\/pages"}],"about":[{"href":"https:\/\/wp.ufpel.edu.br\/ib\/wp-json\/wp\/v2\/types\/page"}],"author":[{"embeddable":true,"href":"https:\/\/wp.ufpel.edu.br\/ib\/wp-json\/wp\/v2\/users\/488"}],"replies":[{"embeddable":true,"href":"https:\/\/wp.ufpel.edu.br\/ib\/wp-json\/wp\/v2\/comments?post=179"}],"version-history":[{"count":5,"href":"https:\/\/wp.ufpel.edu.br\/ib\/wp-json\/wp\/v2\/pages\/179\/revisions"}],"predecessor-version":[{"id":815,"href":"https:\/\/wp.ufpel.edu.br\/ib\/wp-json\/wp\/v2\/pages\/179\/revisions\/815"}],"wp:attachment":[{"href":"https:\/\/wp.ufpel.edu.br\/ib\/wp-json\/wp\/v2\/media?parent=179"}],"curies":[{"name":"wp","href":"https:\/\/api.w.org\/{rel}","templated":true}]}}