{"id":171,"date":"2015-08-14T22:45:09","date_gmt":"2015-08-15T01:45:09","guid":{"rendered":"https:\/\/wp.ufpel.edu.br\/ib\/?page_id=171"},"modified":"2016-02-07T02:26:41","modified_gmt":"2016-02-07T04:26:41","slug":"anelise-vicentini-kuss","status":"publish","type":"page","link":"https:\/\/wp.ufpel.edu.br\/ib\/anelise-vicentini-kuss\/","title":{"rendered":"Anelise Vicentini Kuss"},"content":{"rendered":"<p><strong>Anelise Vicentini Kuss &#8211;<\/strong>\u00a0Professor Adjunto<\/p>\n<p style=\"line-height: 18.0pt\"><strong>Pr\u00e9dio:<\/strong> 18 (<em>Campus<\/em> Cap\u00e3o do Le\u00e3o)<\/p>\n<p style=\"line-height: 18.0pt\"><strong><span style=\"font-family: 'Georgia',serif;color: #333333\">Sala:\u00a0<\/span><\/strong><span class=\"apple-converted-space\"><span style=\"font-family: 'Georgia',serif;color: #333333\">13<\/span><\/span><\/p>\n<p><strong>Telefone:<\/strong>\u00a0(53) 3275-7636<\/p>\n<p><strong>Endere\u00e7o eletr\u00f4nico:<\/strong> anelisevk@gmail.com; anelise.vicentini@ufpel.edu.br<\/p>\n<p><a href=\"http:\/\/lattes.cnpq.br\/1941779171577622\" target=\"_blank\"><strong>Lattes<\/strong><\/a><\/p>\n<p>&nbsp;<\/p>\n<p><strong>Disciplinas que ministra:<\/strong><\/p>\n<p><em>Gradua\u00e7\u00e3o<\/em><\/p>\n<p>&#8211; Microbiologia ambiental \u2013 Curso de Ci\u00eancias Biol\u00f3gicas<\/p>\n<p>&#8211; Microbiologia aplicada \u00e0 Engenharia Ambiental e Sanit\u00e1ria \u2013 Curso de Engenharia Ambiental e Sanit\u00e1ria<\/p>\n<p>&#8211; Microbiologia \u2013 Curso de Qu\u00edmica Industrial<\/p>\n<p>&#8211; Microbiologia industrial \u2013 Curso de Ci\u00eancias Biol\u00f3gicas<\/p>\n<p><em>P\u00f3s-Gradua\u00e7\u00e3o<\/em><\/p>\n<p>&#8211; Temas geradores: mudan\u00e7as ambientais globais &#8211;\u00a0Especializa\u00e7\u00e3o em Educa\u00e7\u00e3o Ambiental<\/p>\n<p>&#8211; Escolas e sociedade &#8211;\u00a0Especializa\u00e7\u00e3o em Educa\u00e7\u00e3o Ambiental<\/p>\n<p>&nbsp;<\/p>\n<p><strong>Linhas de pesquisa:<\/strong><\/p>\n<p>&#8211; Microrganismos do solo com potencial biotecnol\u00f3gico<\/p>\n<p>&#8211; Microrganismos para biorremedia\u00e7\u00e3o<\/p>\n","protected":false},"excerpt":{"rendered":"<p>Anelise Vicentini Kuss &#8211;\u00a0Professor Adjunto Pr\u00e9dio: 18 (Campus Cap\u00e3o do Le\u00e3o) Sala:\u00a013 Telefone:\u00a0(53) 3275-7636 Endere\u00e7o eletr\u00f4nico: anelisevk@gmail.com; anelise.vicentini@ufpel.edu.br Lattes &nbsp; Disciplinas que ministra: Gradua\u00e7\u00e3o &#8211; Microbiologia ambiental \u2013 Curso de Ci\u00eancias Biol\u00f3gicas &#8211; Microbiologia aplicada \u00e0 Engenharia Ambiental e Sanit\u00e1ria \u2013 Curso de Engenharia Ambiental e Sanit\u00e1ria &#8211; Microbiologia \u2013 Curso de Qu\u00edmica Industrial &#8211; [&hellip;]<\/p>\n","protected":false},"author":488,"featured_media":0,"parent":0,"menu_order":0,"comment_status":"closed","ping_status":"closed","template":"","meta":{"jetpack_post_was_ever_published":false,"footnotes":""},"class_list":["post-171","page","type-page","status-publish","hentry"],"jetpack_sharing_enabled":true,"jetpack_shortlink":"https:\/\/wp.me\/P6S2gY-2L","_links":{"self":[{"href":"https:\/\/wp.ufpel.edu.br\/ib\/wp-json\/wp\/v2\/pages\/171","targetHints":{"allow":["GET"]}}],"collection":[{"href":"https:\/\/wp.ufpel.edu.br\/ib\/wp-json\/wp\/v2\/pages"}],"about":[{"href":"https:\/\/wp.ufpel.edu.br\/ib\/wp-json\/wp\/v2\/types\/page"}],"author":[{"embeddable":true,"href":"https:\/\/wp.ufpel.edu.br\/ib\/wp-json\/wp\/v2\/users\/488"}],"replies":[{"embeddable":true,"href":"https:\/\/wp.ufpel.edu.br\/ib\/wp-json\/wp\/v2\/comments?post=171"}],"version-history":[{"count":6,"href":"https:\/\/wp.ufpel.edu.br\/ib\/wp-json\/wp\/v2\/pages\/171\/revisions"}],"predecessor-version":[{"id":834,"href":"https:\/\/wp.ufpel.edu.br\/ib\/wp-json\/wp\/v2\/pages\/171\/revisions\/834"}],"wp:attachment":[{"href":"https:\/\/wp.ufpel.edu.br\/ib\/wp-json\/wp\/v2\/media?parent=171"}],"curies":[{"name":"wp","href":"https:\/\/api.w.org\/{rel}","templated":true}]}}