{"id":17,"date":"2015-03-14T00:49:24","date_gmt":"2015-03-14T03:49:24","guid":{"rendered":"https:\/\/wp.ufpel.edu.br\/ib\/?page_id=17"},"modified":"2019-04-18T09:37:34","modified_gmt":"2019-04-18T12:37:34","slug":"pos-graduacao","status":"publish","type":"page","link":"https:\/\/wp.ufpel.edu.br\/ib\/pos-graduacao\/","title":{"rendered":"P\u00f3s-Gradua\u00e7\u00e3o"},"content":{"rendered":"<p><a href=\"https:\/\/drive.google.com\/open?id=18cd81aH4ti6KO04e11BI5P1k-6xx22QY\">REGIMENTO<\/a> DO F\u00d3RUM DE REPRESENTANTES DOS CURSOS DE P\u00d3S-GRADUA\u00c7\u00c3O DO INSTITUTO DE BIOLOGIA DA UNIVERSIDADE FEDERAL DE PELOTAS (FPGsIB\/UFPel) aprovado na reuni\u00e3o do Conselho Departamental em 11 de abril de 2019 conforme Ata 10\/2019.<\/p>\n","protected":false},"excerpt":{"rendered":"<p>REGIMENTO DO F\u00d3RUM DE REPRESENTANTES DOS CURSOS DE P\u00d3S-GRADUA\u00c7\u00c3O DO INSTITUTO DE BIOLOGIA DA UNIVERSIDADE FEDERAL DE PELOTAS (FPGsIB\/UFPel) aprovado na reuni\u00e3o do Conselho Departamental em 11 de abril de 2019 conforme Ata 10\/2019.<\/p>\n","protected":false},"author":488,"featured_media":0,"parent":0,"menu_order":0,"comment_status":"closed","ping_status":"closed","template":"","meta":{"jetpack_post_was_ever_published":false,"footnotes":""},"class_list":["post-17","page","type-page","status-publish","hentry"],"jetpack_sharing_enabled":true,"jetpack_shortlink":"https:\/\/wp.me\/P6S2gY-h","_links":{"self":[{"href":"https:\/\/wp.ufpel.edu.br\/ib\/wp-json\/wp\/v2\/pages\/17","targetHints":{"allow":["GET"]}}],"collection":[{"href":"https:\/\/wp.ufpel.edu.br\/ib\/wp-json\/wp\/v2\/pages"}],"about":[{"href":"https:\/\/wp.ufpel.edu.br\/ib\/wp-json\/wp\/v2\/types\/page"}],"author":[{"embeddable":true,"href":"https:\/\/wp.ufpel.edu.br\/ib\/wp-json\/wp\/v2\/users\/488"}],"replies":[{"embeddable":true,"href":"https:\/\/wp.ufpel.edu.br\/ib\/wp-json\/wp\/v2\/comments?post=17"}],"version-history":[{"count":2,"href":"https:\/\/wp.ufpel.edu.br\/ib\/wp-json\/wp\/v2\/pages\/17\/revisions"}],"predecessor-version":[{"id":1476,"href":"https:\/\/wp.ufpel.edu.br\/ib\/wp-json\/wp\/v2\/pages\/17\/revisions\/1476"}],"wp:attachment":[{"href":"https:\/\/wp.ufpel.edu.br\/ib\/wp-json\/wp\/v2\/media?parent=17"}],"curies":[{"name":"wp","href":"https:\/\/api.w.org\/{rel}","templated":true}]}}