{"id":1457,"date":"2019-03-30T18:28:52","date_gmt":"2019-03-30T21:28:52","guid":{"rendered":"https:\/\/wp.ufpel.edu.br\/ib\/?page_id=1457"},"modified":"2019-04-18T09:43:22","modified_gmt":"2019-04-18T12:43:22","slug":"regimento-das-comissoes-do-conselho-departamental-do-instituto-de-biologia-cdib","status":"publish","type":"page","link":"https:\/\/wp.ufpel.edu.br\/ib\/regimento-das-comissoes-do-conselho-departamental-do-instituto-de-biologia-cdib\/","title":{"rendered":"Regimento das Comiss\u00f5es do Conselho Departamental do Instituto de Biologia (CDIB)"},"content":{"rendered":"<p style=\"text-align: justify\">O <a href=\"https:\/\/drive.google.com\/open?id=1ktjh6tegFrUkobYj1tguIIJ8NOscSTak\">Regimento<\/a> das Comiss\u00f5es do Conselho\u00a0 Departamental do Instituto de Biologia (CDIB) foi aprovado em 27\/03\/2019 na reuni\u00e3o extraordin\u00e1ria conforme Ata 05\/19 (processo SEI 23110.011202\/2019-53) revogando as disposi\u00e7\u00f5es em contr\u00e1rio.<\/p>\n<p>&nbsp;<\/p>\n","protected":false},"excerpt":{"rendered":"<p>O Regimento das Comiss\u00f5es do Conselho\u00a0 Departamental do Instituto de Biologia (CDIB) foi aprovado em 27\/03\/2019 na reuni\u00e3o extraordin\u00e1ria conforme Ata 05\/19 (processo SEI 23110.011202\/2019-53) revogando as disposi\u00e7\u00f5es em contr\u00e1rio. &nbsp;<\/p>\n","protected":false},"author":488,"featured_media":0,"parent":0,"menu_order":0,"comment_status":"closed","ping_status":"closed","template":"","meta":{"jetpack_post_was_ever_published":false,"footnotes":""},"class_list":["post-1457","page","type-page","status-publish","hentry"],"jetpack_sharing_enabled":true,"jetpack_shortlink":"https:\/\/wp.me\/P6S2gY-nv","_links":{"self":[{"href":"https:\/\/wp.ufpel.edu.br\/ib\/wp-json\/wp\/v2\/pages\/1457","targetHints":{"allow":["GET"]}}],"collection":[{"href":"https:\/\/wp.ufpel.edu.br\/ib\/wp-json\/wp\/v2\/pages"}],"about":[{"href":"https:\/\/wp.ufpel.edu.br\/ib\/wp-json\/wp\/v2\/types\/page"}],"author":[{"embeddable":true,"href":"https:\/\/wp.ufpel.edu.br\/ib\/wp-json\/wp\/v2\/users\/488"}],"replies":[{"embeddable":true,"href":"https:\/\/wp.ufpel.edu.br\/ib\/wp-json\/wp\/v2\/comments?post=1457"}],"version-history":[{"count":1,"href":"https:\/\/wp.ufpel.edu.br\/ib\/wp-json\/wp\/v2\/pages\/1457\/revisions"}],"predecessor-version":[{"id":1459,"href":"https:\/\/wp.ufpel.edu.br\/ib\/wp-json\/wp\/v2\/pages\/1457\/revisions\/1459"}],"wp:attachment":[{"href":"https:\/\/wp.ufpel.edu.br\/ib\/wp-json\/wp\/v2\/media?parent=1457"}],"curies":[{"name":"wp","href":"https:\/\/api.w.org\/{rel}","templated":true}]}}