{"id":83,"date":"2022-03-09T11:23:28","date_gmt":"2022-03-09T14:23:28","guid":{"rendered":"https:\/\/wp.ufpel.edu.br\/hypolito\/?page_id=83"},"modified":"2022-04-24T18:30:53","modified_gmt":"2022-04-24T21:30:53","slug":"ebopp-educacao-brasileira-organizacao-e-politicas-publicas","status":"publish","type":"page","link":"https:\/\/wp.ufpel.edu.br\/hypolito\/graduacao\/ebopp-educacao-brasileira-organizacao-e-politicas-publicas\/","title":{"rendered":"EBOPP &#8211; Educa\u00e7\u00e3o Brasileira &#8211; Organiza\u00e7\u00e3o e Pol\u00edticas P\u00fablicas"},"content":{"rendered":"<div id=\"section_86548_description\" class=\"description edit\">\n<p><span style=\"font-size: 1.4em; font-weight: bold;\">Educa\u00e7\u00e3o e Constitui\u00e7\u00f5es Brasileiras<\/span><\/p>\n<\/div>\n<div id=\"document86548_86549\" class=\"document sousDocument\">\n<div class=\"contenu clearfix\">\n<div id=\"document_86549_vignette\"><a href=\"https:\/\/eduportfolio.org\/fichiers\/download\/1003246\/1\">constituicoes_bras.pdf<\/a>\u00a0(88.9 ko)<\/div>\n<div class=\"description\">\n<div id=\"document_86549_fichier\" class=\"consulter\"><\/div>\n<\/div>\n<\/div>\n<\/div>\n<div id=\"document86548_2710435\" class=\"document sousDocument\">\n<h4><span id=\"document_2710435_titre\" class=\"edit\">Educa\u00e7\u00e3o na Finl\u00e2ndia<\/span><\/h4>\n<div class=\"contenu clearfix\">\n<div id=\"document_2710435_vignette\"><a href=\"http:\/\/eduportfolio.org\/fichiers\/download\/353569\/1\">http:\/\/eduportfolio.org\/fichiers\/download\/353569\/1<\/a><\/div>\n<div class=\"description\">\n<div id=\"document_2710435_fichier\" class=\"consulter\"><\/div>\n<\/div>\n<\/div>\n<\/div>\n<div id=\"document86548_2710436\" class=\"document sousDocument\">\n<h4><span id=\"document_2710436_titre\" class=\"edit\">Educa\u00e7\u00e3o na Cor\u00e9ia<\/span><\/h4>\n<div class=\"contenu clearfix\">\n<div id=\"document_2710436_vignette\"><a href=\"http:\/\/eduportfolio.org\/fichiers\/download\/353574\/1\">http:\/\/eduportfolio.org\/fichiers\/download\/353574\/1<\/a><\/div>\n<div class=\"description\">\n<div id=\"document_2710436_fichier\" class=\"consulter\"><\/div>\n<\/div>\n<\/div>\n<\/div>\n<div id=\"document86548_2710437\" class=\"document sousDocument\">\n<h4><span id=\"document_2710437_titre\" class=\"edit\">As melhores escolas do Brasil<\/span><\/h4>\n<div class=\"contenu clearfix\">\n<div id=\"document_2710437_vignette\"><a href=\"http:\/\/eduportfolio.org\/fichiers\/download\/353576\/1\">http:\/\/eduportfolio.org\/fichiers\/download\/353576\/1<\/a><\/div>\n<div class=\"description\">\n<div id=\"document_2710437_fichier\" class=\"consulter\"><\/div>\n<\/div>\n<\/div>\n<\/div>\n<div id=\"document86548_2719227\" class=\"document sousDocument\">\n<h4><span id=\"document_2719227_titre\" class=\"edit\">LDB 9394\/96<\/span><\/h4>\n<div class=\"contenu clearfix\">\n<div id=\"document_2719227_vignette\"><a href=\"https:\/\/eduportfolio.org\/fichiers\/download\/3441890\/1\">ldb.pdf<\/a>\u00a0(339.6 ko)<\/div>\n<div class=\"description\">\n<div id=\"document_2719227_fichier\" class=\"consulter\"><\/div>\n<\/div>\n<\/div>\n<\/div>\n<div id=\"document86548_2719244\" class=\"document sousDocument\">\n<h4><span id=\"document_2719244_titre\" class=\"edit\">Texto &#8211; An\u00e1lise Reforma Ensino M\u00e9dio &#8211; UFMG<\/span><\/h4>\n<div class=\"contenu clearfix\">\n<div id=\"document_2719244_vignette\"><a href=\"https:\/\/eduportfolio.org\/fichiers\/download\/3441892\/1\">Texto_MP_Ensino_MedioUFMG.pdf<\/a>\u00a0(340.7 ko)<\/div>\n<div class=\"description\">\n<div id=\"document_2719244_fichier\" class=\"consulter\"><\/div>\n<\/div>\n<\/div>\n<\/div>\n<div id=\"document86548_2719245\" class=\"document sousDocument\">\n<h4><span id=\"document_2719245_titre\" class=\"edit\">Tarefa sobre Reforma do Ensino M\u00e9dio<\/span><\/h4>\n<div class=\"contenu clearfix\">\n<div id=\"document_2719245_vignette\"><a href=\"https:\/\/eduportfolio.org\/fichiers\/download\/3441910\/1\">Tarefa.pdf<\/a>\u00a0(58.9 ko)<\/div>\n<div class=\"description\">\n<div id=\"document_2719245_fichier\" class=\"consulter\"><\/div>\n<\/div>\n<\/div>\n<\/div>\n<div id=\"document86548_2719280\" class=\"document sousDocument\">\n<h4><span id=\"document_2719280_titre\" class=\"edit\">Reforma do Ensino M\u00e9dio<\/span><\/h4>\n<div class=\"contenu clearfix\">\n<div id=\"document_2719280_vignette\"><a href=\"https:\/\/eduportfolio.org\/fichiers\/download\/3441944\/1\">Ensino Medio_MP.pdf<\/a>\u00a0(689.9 ko)<\/div>\n<\/div>\n<\/div>\n","protected":false},"excerpt":{"rendered":"<p>Educa\u00e7\u00e3o e Constitui\u00e7\u00f5es Brasileiras constituicoes_bras.pdf\u00a0(88.9 ko) Educa\u00e7\u00e3o na Finl\u00e2ndia http:\/\/eduportfolio.org\/fichiers\/download\/353569\/1 Educa\u00e7\u00e3o na Cor\u00e9ia http:\/\/eduportfolio.org\/fichiers\/download\/353574\/1 As melhores escolas do Brasil http:\/\/eduportfolio.org\/fichiers\/download\/353576\/1 LDB 9394\/96 ldb.pdf\u00a0(339.6 ko) Texto &#8211; An\u00e1lise Reforma Ensino M\u00e9dio &#8211; UFMG Texto_MP_Ensino_MedioUFMG.pdf\u00a0(340.7 ko) Tarefa sobre Reforma do Ensino M\u00e9dio Tarefa.pdf\u00a0(58.9 ko) Reforma do Ensino M\u00e9dio Ensino Medio_MP.pdf\u00a0(689.9 ko)<\/p>\n","protected":false},"author":297,"featured_media":0,"parent":71,"menu_order":0,"comment_status":"closed","ping_status":"closed","template":"","meta":{"footnotes":""},"class_list":["post-83","page","type-page","status-publish","hentry"],"_links":{"self":[{"href":"https:\/\/wp.ufpel.edu.br\/hypolito\/wp-json\/wp\/v2\/pages\/83","targetHints":{"allow":["GET"]}}],"collection":[{"href":"https:\/\/wp.ufpel.edu.br\/hypolito\/wp-json\/wp\/v2\/pages"}],"about":[{"href":"https:\/\/wp.ufpel.edu.br\/hypolito\/wp-json\/wp\/v2\/types\/page"}],"author":[{"embeddable":true,"href":"https:\/\/wp.ufpel.edu.br\/hypolito\/wp-json\/wp\/v2\/users\/297"}],"replies":[{"embeddable":true,"href":"https:\/\/wp.ufpel.edu.br\/hypolito\/wp-json\/wp\/v2\/comments?post=83"}],"version-history":[{"count":2,"href":"https:\/\/wp.ufpel.edu.br\/hypolito\/wp-json\/wp\/v2\/pages\/83\/revisions"}],"predecessor-version":[{"id":249,"href":"https:\/\/wp.ufpel.edu.br\/hypolito\/wp-json\/wp\/v2\/pages\/83\/revisions\/249"}],"up":[{"embeddable":true,"href":"https:\/\/wp.ufpel.edu.br\/hypolito\/wp-json\/wp\/v2\/pages\/71"}],"wp:attachment":[{"href":"https:\/\/wp.ufpel.edu.br\/hypolito\/wp-json\/wp\/v2\/media?parent=83"}],"curies":[{"name":"wp","href":"https:\/\/api.w.org\/{rel}","templated":true}]}}