{"id":68,"date":"2022-03-09T11:11:26","date_gmt":"2022-03-09T14:11:26","guid":{"rendered":"https:\/\/wp.ufpel.edu.br\/hypolito\/?page_id=68"},"modified":"2022-04-24T18:24:29","modified_gmt":"2022-04-24T21:24:29","slug":"publicacoes","status":"publish","type":"page","link":"https:\/\/wp.ufpel.edu.br\/hypolito\/publicacoes\/","title":{"rendered":"Publica\u00e7\u00f5es"},"content":{"rendered":"<div id=\"section86511_620677\" class=\"sous_section clearfix\">\n<h3 class=\"clearfix\"><span id=\"section_620677_titre_container\" class=\"avec_vignette\"><span id=\"section_620677_titre\" class=\"edit\">TEXTOS &#8211; HYPOLITO<\/span><\/span><\/h3>\n<div id=\"section_620677_description\" class=\"description edit\"><span style=\"font-size: 1.4em; font-weight: bold;\">Dispositivos de Regula\u00e7\u00e3o Conservadora, Curr\u00edculo e Trabalho Docente<\/span><\/div>\n<div id=\"document620677_86520\" class=\"document sousDocument\">\n<div class=\"contenu clearfix\">\n<div id=\"document_86520_vignette\"><a href=\"https:\/\/eduportfolio.org\/fichiers\/download\/619579\/1\">jarbas_alvaro_barbara.pdf<\/a>\u00a0(87.8 ko)<\/div>\n<div class=\"description\">\n<div id=\"document_86520_fichier\" class=\"consulter\"><\/div>\n<\/div>\n<\/div>\n<\/div>\n<div id=\"document620677_86515\" class=\"document sousDocument\">\n<h4><span id=\"document_86515_titre\" class=\"edit\">Gest\u00e3o, Estado e Reestrutura\u00e7\u00e3o Educativa<\/span><\/h4>\n<div class=\"contenu clearfix\">\n<div id=\"document_86515_vignette\"><a href=\"https:\/\/eduportfolio.org\/fichiers\/download\/531786\/1\">Revista RBPAE (24-1)-Hypolito.pdf<\/a>\u00a0(308.9 ko)<\/div>\n<div class=\"description\">\n<div id=\"document_86515_fichier\" class=\"consulter\"><\/div>\n<\/div>\n<\/div>\n<\/div>\n<div id=\"document620677_86514\" class=\"document sousDocument\">\n<h4><span id=\"document_86514_titre\" class=\"edit\">Educa\u00e7\u00e3o em Revista<\/span><\/h4>\n<div class=\"contenu clearfix\">\n<div id=\"document_86514_vignette\"><a href=\"https:\/\/eduportfolio.org\/fichiers\/download\/531785\/1\">educ em rev_Hypolito.pdf<\/a>\u00a0(160.5 ko)<\/div>\n<div class=\"description\">\n<div id=\"document_86514_fichier\" class=\"consulter\"><\/div>\n<\/div>\n<\/div>\n<\/div>\n<div id=\"document620677_86510\" class=\"document sousDocument\">\n<h4><span id=\"document_86510_titre\" class=\"edit\">Neoliberalismo e Educa\u00e7\u00e3o<\/span><\/h4>\n<div class=\"contenu clearfix\">\n<div id=\"document_86510_vignette\">Neoliberalismo e Educa\u00e7\u00e3o<\/div>\n<div class=\"description\">\n<div id=\"document_86510_fichier\" class=\"consulter\"><a href=\"https:\/\/eduportfolio.org\/fichiers\/download\/531784\/1\">america_latina_hoy.pdf<\/a>\u00a0(630.1 ko)<span id=\"last_modified_86510\"><\/span><\/div>\n<\/div>\n<\/div>\n<\/div>\n<div id=\"document620677_86513\" class=\"document sousDocument\">\n<h4><span id=\"document_86513_titre\" class=\"edit\">Fabrica\u00e7\u00e3o Identidades Docentes<\/span><\/h4>\n<div class=\"contenu clearfix\">\n<div id=\"document_86513_vignette\"><a href=\"https:\/\/eduportfolio.org\/fichiers\/download\/531782\/1\">Educ_Pesq_Hypolito.pdf<\/a>\u00a0(77.9 ko)<\/div>\n<div class=\"description\">\n<div id=\"document_86513_fichier\" class=\"consulter\"><\/div>\n<\/div>\n<\/div>\n<\/div>\n<div id=\"document620677_86512\" class=\"document sousDocument\">\n<h4><span id=\"document_86512_titre\" class=\"edit\">Processo Trabalho Docente<\/span><\/h4>\n<div class=\"contenu clearfix\">\n<div id=\"document_86512_vignette\">Processo de Trabalho Docente &#8211; Teoria &amp; Educa\u00e7\u00e3o<\/div>\n<div class=\"description\">\n<div id=\"document_86512_fichier\" class=\"consulter\"><a href=\"https:\/\/eduportfolio.org\/fichiers\/download\/531781\/1\">hypolito_Teo_Ed.pdf<\/a>\u00a0(921.8 ko)<span id=\"last_modified_86512\"><\/span><\/div>\n<\/div>\n<\/div>\n<\/div>\n<\/div>\n<div id=\"document86511_2761768\" class=\"document\">\n<h4><span id=\"document_2761768_titre\" class=\"edit\">Educa\u00e7\u00e3o a Venda &#8211; aula<\/span><\/h4>\n<div class=\"contenu clearfix\">\n<div id=\"document_2761768_vignette\"><a href=\"https:\/\/eduportfolio.org\/fichiers\/download\/1298103\/1\">EDUCAC_A_O A VENDA1.pdf<\/a>\u00a0(133.9 ko)<\/div>\n<div class=\"description\">\n<div id=\"document_2761768_fichier\" class=\"consulter\"><\/div>\n<\/div>\n<\/div>\n<\/div>\n<div id=\"document86511_2761767\" class=\"document\">\n<h4><span id=\"document_2761767_titre\" class=\"edit\">Educa\u00e7\u00e3o a Venda<\/span><\/h4>\n<div class=\"contenu clearfix\">\n<div id=\"document_2761767_vignette\"><a href=\"https:\/\/eduportfolio.org\/fichiers\/download\/1298102\/1\">a_venda_ball.pdf<\/a>\u00a0(2.9 Mo)<\/div>\n<\/div>\n<\/div>\n","protected":false},"excerpt":{"rendered":"<p>TEXTOS &#8211; HYPOLITO Dispositivos de Regula\u00e7\u00e3o Conservadora, Curr\u00edculo e Trabalho Docente jarbas_alvaro_barbara.pdf\u00a0(87.8 ko) Gest\u00e3o, Estado e Reestrutura\u00e7\u00e3o Educativa Revista RBPAE (24-1)-Hypolito.pdf\u00a0(308.9 ko) Educa\u00e7\u00e3o em Revista educ em rev_Hypolito.pdf\u00a0(160.5 ko) Neoliberalismo e Educa\u00e7\u00e3o Neoliberalismo e Educa\u00e7\u00e3o america_latina_hoy.pdf\u00a0(630.1 ko) Fabrica\u00e7\u00e3o Identidades Docentes Educ_Pesq_Hypolito.pdf\u00a0(77.9 ko) Processo Trabalho Docente Processo de Trabalho Docente &#8211; Teoria &amp; Educa\u00e7\u00e3o hypolito_Teo_Ed.pdf\u00a0(921.8 ko) [&hellip;]<\/p>\n","protected":false},"author":297,"featured_media":0,"parent":0,"menu_order":0,"comment_status":"closed","ping_status":"closed","template":"","meta":{"footnotes":""},"class_list":["post-68","page","type-page","status-publish","hentry"],"_links":{"self":[{"href":"https:\/\/wp.ufpel.edu.br\/hypolito\/wp-json\/wp\/v2\/pages\/68","targetHints":{"allow":["GET"]}}],"collection":[{"href":"https:\/\/wp.ufpel.edu.br\/hypolito\/wp-json\/wp\/v2\/pages"}],"about":[{"href":"https:\/\/wp.ufpel.edu.br\/hypolito\/wp-json\/wp\/v2\/types\/page"}],"author":[{"embeddable":true,"href":"https:\/\/wp.ufpel.edu.br\/hypolito\/wp-json\/wp\/v2\/users\/297"}],"replies":[{"embeddable":true,"href":"https:\/\/wp.ufpel.edu.br\/hypolito\/wp-json\/wp\/v2\/comments?post=68"}],"version-history":[{"count":5,"href":"https:\/\/wp.ufpel.edu.br\/hypolito\/wp-json\/wp\/v2\/pages\/68\/revisions"}],"predecessor-version":[{"id":244,"href":"https:\/\/wp.ufpel.edu.br\/hypolito\/wp-json\/wp\/v2\/pages\/68\/revisions\/244"}],"wp:attachment":[{"href":"https:\/\/wp.ufpel.edu.br\/hypolito\/wp-json\/wp\/v2\/media?parent=68"}],"curies":[{"name":"wp","href":"https:\/\/api.w.org\/{rel}","templated":true}]}}