{"id":65,"date":"2022-03-09T11:11:11","date_gmt":"2022-03-09T14:11:11","guid":{"rendered":"https:\/\/wp.ufpel.edu.br\/hypolito\/?page_id=65"},"modified":"2022-04-24T18:27:59","modified_gmt":"2022-04-24T21:27:59","slug":"ufmg","status":"publish","type":"page","link":"https:\/\/wp.ufpel.edu.br\/hypolito\/visitante\/ufmg\/","title":{"rendered":"UFMG"},"content":{"rendered":"<div id=\"section608058_831309\" class=\"sous_section clearfix\">\n<h3 class=\"clearfix\"><span id=\"section_831309_titre_container\" class=\"avec_vignette\"><span id=\"section_831309_titre\" class=\"edit\">POL\u00cdTICAS DE AVALIA\u00c7\u00c3O, CURR\u00cdCULO E TRABALHO DOCENTE<\/span><\/span><\/h3>\n<div id=\"section_831309_description\" class=\"description edit\"><span style=\"font-size: 1.4em; font-weight: bold;\">Programa da disciplina<\/span><\/div>\n<div id=\"document831309_831310\" class=\"document sousDocument\">\n<div class=\"contenu clearfix\">\n<div id=\"document_831310_vignette\"><a href=\"https:\/\/eduportfolio.org\/fichiers\/download\/1500345\/1\">Plano_disciplina_2012_1b.pdf<\/a>\u00a0(1.1 Mo)<\/div>\n<div class=\"description\">\n<div id=\"document_831310_fichier\" class=\"consulter\"><\/div>\n<\/div>\n<\/div>\n<\/div>\n<div id=\"document831309_831311\" class=\"document sousDocument\">\n<h4><span id=\"document_831311_titre\" class=\"edit\">Qualidade da Educa\u00e7\u00e3o e Avalia\u00e7\u00e3o do Rendimento Escolar<\/span><\/h4>\n<div class=\"contenu clearfix\">\n<div id=\"document_831311_vignette\"><a href=\"https:\/\/eduportfolio.org\/fichiers\/download\/1500349\/1\">berenice_cosrsetti.pdf<\/a>\u00a0(184.4 ko)<\/div>\n<div class=\"description\">\n<div id=\"document_831311_fichier\" class=\"consulter\"><\/div>\n<\/div>\n<\/div>\n<\/div>\n<div id=\"document831309_831312\" class=\"document sousDocument\">\n<h4><span id=\"document_831312_titre\" class=\"edit\">A Utiliza\u00e7\u00e3o do Conhecimento Cient\u00edfico: uma discuss\u00e3o sobre as pesquisas educacionais e a formula\u00e7\u00e3o de pol\u00edticas<\/span><\/h4>\n<div class=\"contenu clearfix\">\n<div id=\"document_831312_vignette\"><a href=\"https:\/\/eduportfolio.org\/fichiers\/download\/1500358\/1\">evidencias.pdf<\/a>\u00a0(216.2 ko)<\/div>\n<div class=\"description\">\n<div id=\"document_831312_fichier\" class=\"consulter\"><\/div>\n<\/div>\n<\/div>\n<\/div>\n<div id=\"document831309_847727\" class=\"document sousDocument\">\n<h4><span id=\"document_847727_titre\" class=\"edit\">40 Anos de Contribui\u00e7\u00e3o \u00e0 Avalia\u00e7\u00e3o Nacional<\/span><\/h4>\n<div class=\"contenu clearfix\">\n<div id=\"document_847727_vignette\"><a href=\"http:\/\/eduportfolio.org\/fichiers\/download\/854809\/1\">http:\/\/eduportfolio.org\/fichiers\/download\/854809\/1<\/a><\/div>\n<div class=\"description\">\n<div id=\"document_847727_fichier\" class=\"consulter\"><\/div>\n<\/div>\n<\/div>\n<\/div>\n<div id=\"document831309_847988\" class=\"document sousDocument\">\n<h4><span id=\"document_847988_titre\" class=\"edit\">Revista Avalia\u00e7\u00e3o 1<\/span><\/h4>\n<div class=\"contenu clearfix\">\n<div id=\"document_847988_vignette\"><a href=\"https:\/\/eduportfolio.org\/fichiers\/download\/1517878\/1\">revista_avaliacao.pdf<\/a>\u00a0(1.1 Mo)<\/div>\n<div class=\"description\">\n<div id=\"document_847988_fichier\" class=\"consulter\"><\/div>\n<\/div>\n<\/div>\n<\/div>\n<div id=\"document831309_912872\" class=\"document sousDocument\">\n<h4><span id=\"document_912872_titre\" class=\"edit\">New States, Governance and Education Policy<\/span><\/h4>\n<div class=\"contenu clearfix\">\n<div id=\"document_912872_vignette\"><a href=\"https:\/\/eduportfolio.org\/fichiers\/download\/1586772\/1\">ball.pdf<\/a>\u00a0(191.5 ko)<\/div>\n<div class=\"description\">\n<div id=\"document_912872_fichier\" class=\"consulter\"><\/div>\n<\/div>\n<\/div>\n<\/div>\n<div id=\"document831309_912873\" class=\"document sousDocument\">\n<h4><span id=\"document_912873_titre\" class=\"edit\">Redes Sociais e Hegemonia<\/span><\/h4>\n<div class=\"contenu clearfix\">\n<div id=\"document_912873_vignette\"><a href=\"https:\/\/eduportfolio.org\/fichiers\/download\/1586792\/1\">shiroma_f_1.pdf<\/a>\u00a0(10.3 Mo)<\/div>\n<div class=\"description\">\n<div id=\"document_912873_fichier\" class=\"consulter\"><\/div>\n<\/div>\n<\/div>\n<\/div>\n<\/div>\n<div id=\"section608058_1079985\" class=\"sous_section clearfix\">\n<h3><\/h3>\n<h3 class=\"clearfix\"><span id=\"section_1079985_titre_container\" class=\"avec_vignette\"><span id=\"section_1079985_titre\" class=\"edit\">REESTRUTURA\u00c7\u00c3O EDUCACIONAL, GEST\u00c3O E TRABALHO DOCENTE<\/span><\/span><\/h3>\n<div id=\"section_1079985_description\" class=\"description edit\"><span style=\"font-size: 1.4em; font-weight: bold;\">Plano da Disciplina<\/span><\/div>\n<div id=\"document1079985_1079986\" class=\"document sousDocument\">\n<div class=\"contenu clearfix\">\n<div id=\"document_1079986_vignette\"><a href=\"https:\/\/eduportfolio.org\/fichiers\/download\/1281682\/1\">Plano_Curso.pdf<\/a>\u00a0(122.6 ko)<\/div>\n<div class=\"description\">\n<div id=\"document_1079986_fichier\" class=\"consulter\"><\/div>\n<\/div>\n<\/div>\n<\/div>\n<div id=\"document1079985_1079987\" class=\"document sousDocument\">\n<h4><span id=\"document_1079987_titre\" class=\"edit\">Estado de Bem-Estar Social &#8211; Fiori<\/span><\/h4>\n<div class=\"contenu clearfix\">\n<div id=\"document_1079987_vignette\"><a href=\"https:\/\/eduportfolio.org\/fichiers\/download\/1281683\/1\">estado social.pdf<\/a>\u00a0(1 Mo)<\/div>\n<div class=\"description\">\n<div id=\"document_1079987_fichier\" class=\"consulter\"><\/div>\n<\/div>\n<\/div>\n<\/div>\n<div id=\"document1079985_1079988\" class=\"document sousDocument\">\n<h4><span id=\"document_1079988_titre\" class=\"edit\">Conflito Social e Welfare State &#8211; Gomes<\/span><\/h4>\n<div class=\"contenu clearfix\">\n<div id=\"document_1079988_vignette\"><a href=\"https:\/\/eduportfolio.org\/fichiers\/download\/1281684\/1\">welfare state.pdf<\/a>\u00a0(1.1 Mo)<\/div>\n<div class=\"description\">\n<div id=\"document_1079988_fichier\" class=\"consulter\"><\/div>\n<\/div>\n<\/div>\n<\/div>\n<div id=\"document1079985_1079989\" class=\"document sousDocument\">\n<h4><span id=\"document_1079989_titre\" class=\"edit\">Modelos organizacionais e reformas da administra\u00e7\u00e3o p\u00fablica &#8211; Secchi<\/span><\/h4>\n<div class=\"contenu clearfix\">\n<div id=\"document_1079989_vignette\"><a href=\"https:\/\/eduportfolio.org\/fichiers\/download\/1281685\/1\">Mod_org_adm_pub_Secchi.pdf<\/a>\u00a0(160.2 ko)<\/div>\n<div class=\"description\">\n<div id=\"document_1079989_fichier\" class=\"consulter\"><\/div>\n<\/div>\n<\/div>\n<\/div>\n<div id=\"document1079985_1079990\" class=\"document sousDocument\">\n<h4><span id=\"document_1079990_titre\" class=\"edit\">Administra\u00e7\u00e3o P\u00fablica Brasileira &#8211; Ana Paula<\/span><\/h4>\n<div class=\"contenu clearfix\">\n<div id=\"document_1079990_vignette\"><a href=\"https:\/\/eduportfolio.org\/fichiers\/download\/1281687\/1\">gestao_publica_ana_paula.pdf<\/a>\u00a0(1.8 Mo)<\/div>\n<div class=\"description\">\n<div id=\"document_1079990_fichier\" class=\"consulter\"><\/div>\n<\/div>\n<\/div>\n<\/div>\n<div id=\"document1079985_1079991\" class=\"document sousDocument\">\n<h4><span id=\"document_1079991_titre\" class=\"edit\">R\u00e9plica &#8211; Bresser-Pereira<\/span><\/h4>\n<div class=\"contenu clearfix\">\n<div id=\"document_1079991_vignette\"><a href=\"https:\/\/eduportfolio.org\/fichiers\/download\/1281688\/1\">BRESSER_replica.pdf<\/a>\u00a0(304 ko)<\/div>\n<div class=\"description\">\n<div id=\"document_1079991_fichier\" class=\"consulter\"><\/div>\n<\/div>\n<\/div>\n<\/div>\n<div id=\"document1079985_1079992\" class=\"document sousDocument\">\n<h4><span id=\"document_1079992_titre\" class=\"edit\">Tr\u00e9plica &#8211; Ana Paula<\/span><\/h4>\n<div class=\"contenu clearfix\">\n<div id=\"document_1079992_vignette\"><a href=\"https:\/\/eduportfolio.org\/fichiers\/download\/1281689\/1\">ANA_PAULA_treplica.pdf<\/a>\u00a0(381.2 ko)<\/div>\n<div class=\"description\">\n<div id=\"document_1079992_fichier\" class=\"consulter\"><\/div>\n<\/div>\n<\/div>\n<\/div>\n<div id=\"document1079985_1079993\" class=\"document sousDocument\">\n<h4><span id=\"document_1079993_titre\" class=\"edit\">A Reforma do Estado nos anos 90 &#8211; MARE 1 &#8211; Paulo Bresser-Pereira<\/span><\/h4>\n<div class=\"contenu clearfix\">\n<div id=\"document_1079993_vignette\">Texto Base da reforma elaborado por Bresser-Pereira, na \u00e9poca Ministro de Estado.<\/div>\n<div class=\"description\">\n<div id=\"document_1079993_fichier\" class=\"consulter\"><a href=\"https:\/\/eduportfolio.org\/fichiers\/download\/1281691\/1\">Mare_caderno01.pdf<\/a>\u00a0(438.4 ko)<span id=\"last_modified_1079993\"><\/span><\/div>\n<\/div>\n<\/div>\n<\/div>\n<div id=\"document1079985_1079994\" class=\"document sousDocument\">\n<h4><span id=\"document_1079994_titre\" class=\"edit\">Organiza\u00e7\u00f5es Sociais &#8211; MARE 2<\/span><\/h4>\n<div class=\"contenu clearfix\">\n<div id=\"document_1079994_vignette\">Texto elaborado na gest\u00e3o de Bresser-Pereira no Minist\u00e9rio &#8211; MARE.<\/div>\n<div class=\"description\">\n<div id=\"document_1079994_fichier\" class=\"consulter\"><a href=\"https:\/\/eduportfolio.org\/fichiers\/download\/1281692\/1\">Mare_caderno02.pdf<\/a>\u00a0(495.9 ko)<span id=\"last_modified_1079994\"><\/span><\/div>\n<\/div>\n<\/div>\n<\/div>\n<div id=\"document1079985_1079995\" class=\"document sousDocument\">\n<h4><span id=\"document_1079995_titre\" class=\"edit\">Pol\u00edticas Curriculares, Estado e Regula\u00e7\u00e3o<\/span><\/h4>\n<div class=\"contenu clearfix\">\n<div id=\"document_1079995_vignette\"><a href=\"https:\/\/eduportfolio.org\/fichiers\/download\/1268767\/1\">educ_soc_2010.pdf<\/a>\u00a0(143.3 ko)<\/div>\n<div class=\"description\">\n<div id=\"document_1079995_fichier\" class=\"consulter\"><\/div>\n<\/div>\n<\/div>\n<\/div>\n<div id=\"document1079985_1079996\" class=\"document sousDocument\">\n<h4><span id=\"document_1079996_titre\" class=\"edit\">Gerencialismo e Educa\u00e7\u00e3o<\/span><\/h4>\n<div class=\"contenu clearfix\">\n<div id=\"document_1079996_vignette\"><a href=\"https:\/\/eduportfolio.org\/fichiers\/download\/1268912\/1\">Revista RBPAE _24_1_Hypolito_1.pdf<\/a>\u00a0(252.2 ko)<\/div>\n<div class=\"description\">\n<div id=\"document_1079996_fichier\" class=\"consulter\"><\/div>\n<\/div>\n<\/div>\n<\/div>\n<div id=\"document1079985_1079997\" class=\"document sousDocument\">\n<h4><span id=\"document_1079997_titre\" class=\"edit\">Educa\u00e7\u00e3o a Venda<\/span><\/h4>\n<div class=\"contenu clearfix\">\n<div id=\"document_1079997_vignette\"><a href=\"https:\/\/eduportfolio.org\/fichiers\/download\/1298023\/1\">a_venda_ball.pdf<\/a>\u00a0(2.9 Mo)<\/div>\n<div class=\"description\">\n<div id=\"document_1079997_fichier\" class=\"consulter\"><\/div>\n<\/div>\n<\/div>\n<\/div>\n<div id=\"document1079985_1079998\" class=\"document sousDocument\">\n<h4><span id=\"document_1079998_titre\" class=\"edit\">Controle Social<\/span><\/h4>\n<div class=\"contenu clearfix\">\n<div id=\"document_1079998_vignette\"><a href=\"https:\/\/eduportfolio.org\/fichiers\/download\/1298024\/1\">Controle Social notas em torno de uma nocao polemica.pdf<\/a>\u00a0(205.3 ko)<\/div>\n<div class=\"description\">\n<div id=\"document_1079998_fichier\" class=\"consulter\"><\/div>\n<\/div>\n<\/div>\n<\/div>\n<div id=\"document1079985_1079999\" class=\"document sousDocument\">\n<h4><span id=\"document_1079999_titre\" class=\"edit\">Sociedade de Controle<\/span><\/h4>\n<div class=\"contenu clearfix\">\n<div id=\"document_1079999_vignette\"><a href=\"https:\/\/eduportfolio.org\/fichiers\/download\/1298025\/1\">Sociedade de controle_1_.pdf<\/a>\u00a0(167.5 ko)<\/div>\n<div class=\"description\">\n<div id=\"document_1079999_fichier\" class=\"consulter\"><\/div>\n<\/div>\n<\/div>\n<\/div>\n<div id=\"document1079985_1080000\" class=\"document sousDocument\">\n<h4><span id=\"document_1080000_titre\" class=\"edit\">Educa\u00e7\u00e3o e Parceria P\u00fablico-Privado<\/span><\/h4>\n<div class=\"contenu clearfix\">\n<div id=\"document_1080000_vignette\"><a href=\"https:\/\/eduportfolio.org\/fichiers\/download\/1301428\/1\">Adriao_et_al1.pdf<\/a>\u00a0(160.1 ko)<\/div>\n<div class=\"description\">\n<div id=\"document_1080000_fichier\" class=\"consulter\"><\/div>\n<\/div>\n<\/div>\n<\/div>\n<div id=\"document1079985_1080001\" class=\"document sousDocument\">\n<h4><span id=\"document_1080001_titre\" class=\"edit\">Estado e Terceiro Setor<\/span><\/h4>\n<div class=\"contenu clearfix\">\n<div id=\"document_1080001_vignette\"><a href=\"https:\/\/eduportfolio.org\/fichiers\/download\/1318620\/1\">peroni_et_al.pdf<\/a>\u00a0(144.1 ko)<\/div>\n<div class=\"description\">\n<div id=\"document_1080001_fichier\" class=\"consulter\"><\/div>\n<\/div>\n<\/div>\n<\/div>\n<div id=\"document1079985_1080002\" class=\"document sousDocument\">\n<h4><span id=\"document_1080002_titre\" class=\"edit\">Articulaciones P\u00fablico-Privada para la oferta educativa<\/span><\/h4>\n<div class=\"contenu clearfix\">\n<div id=\"document_1080002_vignette\"><a href=\"https:\/\/eduportfolio.org\/fichiers\/download\/1318621\/1\">astorga.pdf<\/a>\u00a0(136.4 ko)<\/div>\n<div class=\"description\">\n<div id=\"document_1080002_fichier\" class=\"consulter\"><\/div>\n<\/div>\n<\/div>\n<\/div>\n<div id=\"document1079985_1080003\" class=\"document sousDocument\">\n<h4><span id=\"document_1080003_titre\" class=\"edit\">Pol\u00edtica de Re-territorializa\u00e7\u00e3o<\/span><\/h4>\n<div class=\"contenu clearfix\">\n<div id=\"document_1080003_vignette\"><a href=\"https:\/\/eduportfolio.org\/fichiers\/download\/1332311\/1\">robertson.pdf<\/a>\u00a0(265.8 ko)<\/div>\n<div class=\"description\">\n<div id=\"document_1080003_fichier\" class=\"consulter\"><\/div>\n<\/div>\n<\/div>\n<\/div>\n<div id=\"document1079985_1080004\" class=\"document sousDocument\">\n<h4><span id=\"document_1080004_titre\" class=\"edit\">Os Professores e a fabrica\u00e7\u00e3o de Identidades<\/span><\/h4>\n<div class=\"contenu clearfix\">\n<div id=\"document_1080004_vignette\"><a href=\"https:\/\/eduportfolio.org\/fichiers\/download\/1332312\/1\">lawn.pdf<\/a>\u00a0(201.9 ko)<\/div>\n<div class=\"description\">\n<div id=\"document_1080004_fichier\" class=\"consulter\"><\/div>\n<\/div>\n<\/div>\n<\/div>\n<div id=\"document1079985_1080005\" class=\"document sousDocument\">\n<h4><span id=\"document_1080005_titre\" class=\"edit\">As identidades docentes como fabrica\u00e7\u00e3o da doc\u00eancia<\/span><\/h4>\n<div class=\"contenu clearfix\">\n<div id=\"document_1080005_vignette\"><a href=\"https:\/\/eduportfolio.org\/fichiers\/download\/1332313\/1\">Educ_Pesq_Hypolito.pdf<\/a>\u00a0(119.8 ko)<\/div>\n<div class=\"description\">\n<div id=\"document_1080005_fichier\" class=\"consulter\"><\/div>\n<\/div>\n<\/div>\n<\/div>\n<div id=\"document1079985_1080006\" class=\"document sousDocument\">\n<h4><span id=\"document_1080006_titre\" class=\"edit\">Gerencialismo e Pol\u00edtica Educacional em um contexto Global<\/span><\/h4>\n<div class=\"contenu clearfix\">\n<div id=\"document_1080006_vignette\"><a href=\"https:\/\/eduportfolio.org\/fichiers\/download\/1332314\/1\">peters.pdf<\/a>\u00a0(2 Mo)<\/div>\n<\/div>\n<\/div>\n<\/div>\n","protected":false},"excerpt":{"rendered":"<p>POL\u00cdTICAS DE AVALIA\u00c7\u00c3O, CURR\u00cdCULO E TRABALHO DOCENTE Programa da disciplina Plano_disciplina_2012_1b.pdf\u00a0(1.1 Mo) Qualidade da Educa\u00e7\u00e3o e Avalia\u00e7\u00e3o do Rendimento Escolar berenice_cosrsetti.pdf\u00a0(184.4 ko) A Utiliza\u00e7\u00e3o do Conhecimento Cient\u00edfico: uma discuss\u00e3o sobre as pesquisas educacionais e a formula\u00e7\u00e3o de pol\u00edticas evidencias.pdf\u00a0(216.2 ko) 40 Anos de Contribui\u00e7\u00e3o \u00e0 Avalia\u00e7\u00e3o Nacional http:\/\/eduportfolio.org\/fichiers\/download\/854809\/1 Revista Avalia\u00e7\u00e3o 1 revista_avaliacao.pdf\u00a0(1.1 Mo) New States, [&hellip;]<\/p>\n","protected":false},"author":297,"featured_media":0,"parent":75,"menu_order":0,"comment_status":"closed","ping_status":"closed","template":"","meta":{"footnotes":""},"class_list":["post-65","page","type-page","status-publish","hentry"],"_links":{"self":[{"href":"https:\/\/wp.ufpel.edu.br\/hypolito\/wp-json\/wp\/v2\/pages\/65","targetHints":{"allow":["GET"]}}],"collection":[{"href":"https:\/\/wp.ufpel.edu.br\/hypolito\/wp-json\/wp\/v2\/pages"}],"about":[{"href":"https:\/\/wp.ufpel.edu.br\/hypolito\/wp-json\/wp\/v2\/types\/page"}],"author":[{"embeddable":true,"href":"https:\/\/wp.ufpel.edu.br\/hypolito\/wp-json\/wp\/v2\/users\/297"}],"replies":[{"embeddable":true,"href":"https:\/\/wp.ufpel.edu.br\/hypolito\/wp-json\/wp\/v2\/comments?post=65"}],"version-history":[{"count":3,"href":"https:\/\/wp.ufpel.edu.br\/hypolito\/wp-json\/wp\/v2\/pages\/65\/revisions"}],"predecessor-version":[{"id":247,"href":"https:\/\/wp.ufpel.edu.br\/hypolito\/wp-json\/wp\/v2\/pages\/65\/revisions\/247"}],"up":[{"embeddable":true,"href":"https:\/\/wp.ufpel.edu.br\/hypolito\/wp-json\/wp\/v2\/pages\/75"}],"wp:attachment":[{"href":"https:\/\/wp.ufpel.edu.br\/hypolito\/wp-json\/wp\/v2\/media?parent=65"}],"curies":[{"name":"wp","href":"https:\/\/api.w.org\/{rel}","templated":true}]}}