{"id":62,"date":"2022-03-09T11:11:01","date_gmt":"2022-03-09T14:11:01","guid":{"rendered":"https:\/\/wp.ufpel.edu.br\/hypolito\/?page_id=62"},"modified":"2022-04-24T18:26:03","modified_gmt":"2022-04-24T21:26:03","slug":"chile-valparaiso","status":"publish","type":"page","link":"https:\/\/wp.ufpel.edu.br\/hypolito\/visitante\/chile-valparaiso\/","title":{"rendered":"CHILE \/ Valpara\u00edso"},"content":{"rendered":"<div id=\"document2103487_2109435\" class=\"document\">\n<h4><span id=\"document_2109435_titre\" class=\"edit\">REFORMAS DA EDUCA\u00c7\u00c3O &#8211; Nigel Brooke<\/span><\/h4>\n<div class=\"contenu clearfix\">\n<div id=\"document_2109435_vignette\"><a href=\"http:\/\/eduportfolio.org\/fichiers\/download\/2510598\/1\">http:\/\/eduportfolio.org\/fichiers\/download\/2510598\/1<\/a><\/div>\n<div class=\"description\">\n<div id=\"document_2109435_fichier\" class=\"consulter\"><\/div>\n<\/div>\n<\/div>\n<\/div>\n<div id=\"document2103487_2109438\" class=\"document\">\n<h4><span id=\"document_2109438_titre\" class=\"edit\">GERENCIALISMO &#8211; Clarke e Newman<\/span><\/h4>\n<div class=\"contenu clearfix\">\n<div id=\"document_2109438_vignette\"><a href=\"http:\/\/eduportfolio.org\/fichiers\/download\/2596127\/1\">http:\/\/eduportfolio.org\/fichiers\/download\/2596127\/1<\/a><\/div>\n<div class=\"description\">\n<div id=\"document_2109438_fichier\" class=\"consulter\"><\/div>\n<\/div>\n<\/div>\n<\/div>\n<div id=\"document2103487_2109447\" class=\"document\">\n<h4><span id=\"document_2109447_titre\" class=\"edit\">A REFORMA EDUCACIONAL DE NEW YORK<\/span><\/h4>\n<div class=\"contenu clearfix\">\n<div id=\"document_2109447_vignette\"><a href=\"http:\/\/eduportfolio.org\/fichiers\/download\/2628346\/1\">http:\/\/eduportfolio.org\/fichiers\/download\/2628346\/1<\/a><\/div>\n<div class=\"description\">\n<div id=\"document_2109447_fichier\" class=\"consulter\"><\/div>\n<\/div>\n<\/div>\n<\/div>\n<div id=\"document2103487_2109449\" class=\"document\">\n<h4><span id=\"document_2109449_titre\" class=\"edit\">New States, Governance and Education Policy &#8211; BALL<\/span><\/h4>\n<div class=\"contenu clearfix\">\n<div id=\"document_2109449_vignette\"><a href=\"http:\/\/eduportfolio.org\/fichiers\/download\/1759425\/1\">http:\/\/eduportfolio.org\/fichiers\/download\/1759425\/1<\/a><\/div>\n<div class=\"description\">\n<div id=\"document_2109449_fichier\" class=\"consulter\"><\/div>\n<\/div>\n<\/div>\n<\/div>\n<div id=\"document2103487_2109450\" class=\"document\">\n<h4><span id=\"document_2109450_titre\" class=\"edit\">Educa\u00e7\u00e3o a Venda &#8211; BALL<\/span><\/h4>\n<div class=\"contenu clearfix\">\n<div id=\"document_2109450_vignette\"><a href=\"http:\/\/eduportfolio.org\/fichiers\/download\/1298023\/1\">http:\/\/eduportfolio.org\/fichiers\/download\/1298023\/1<\/a><\/div>\n<div class=\"description\">\n<div id=\"document_2109450_fichier\" class=\"consulter\"><\/div>\n<\/div>\n<\/div>\n<\/div>\n<div id=\"document2103487_2109451\" class=\"document\">\n<h4><span id=\"document_2109451_titre\" class=\"edit\">Redes Sociais e Hegemonia &#8211; SHIROMA<\/span><\/h4>\n<div class=\"contenu clearfix\">\n<div id=\"document_2109451_vignette\"><a href=\"http:\/\/eduportfolio.org\/fichiers\/download\/1759426\/1\">http:\/\/eduportfolio.org\/fichiers\/download\/1759426\/1<\/a><\/div>\n<div class=\"description\">\n<div id=\"document_2109451_fichier\" class=\"consulter\"><\/div>\n<\/div>\n<\/div>\n<\/div>\n<div id=\"document2103487_2109454\" class=\"document\">\n<h4><span id=\"document_2109454_titre\" class=\"edit\">Gerencialismo e Pol\u00edtica Educacional em um contexto Global &#8211; M. PETERS<\/span><\/h4>\n<div class=\"contenu clearfix\">\n<div id=\"document_2109454_vignette\"><a href=\"http:\/\/eduportfolio.org\/fichiers\/download\/1332314\/1\">http:\/\/eduportfolio.org\/fichiers\/download\/1332314\/1<\/a><\/div>\n<div class=\"description\">\n<div id=\"document_2109454_fichier\" class=\"consulter\"><\/div>\n<\/div>\n<\/div>\n<\/div>\n<div id=\"document2103487_2109448\" class=\"document\">\n<h4><span id=\"document_2109448_titre\" class=\"edit\">Reorganiza\u00e7\u00e3o Gerencialista da Escola e Trabalho Docente<\/span><\/h4>\n<div class=\"contenu clearfix\">\n<div id=\"document_2109448_vignette\"><a href=\"http:\/\/eduportfolio.org\/fichiers\/download\/2642027\/1\">http:\/\/eduportfolio.org\/fichiers\/download\/2642027\/1<\/a><\/div>\n<div class=\"description\">\n<div id=\"document_2109448_fichier\" class=\"consulter\"><\/div>\n<\/div>\n<\/div>\n<\/div>\n<div id=\"document2103487_2109463\" class=\"document\">\n<h4><span id=\"document_2109463_titre\" class=\"edit\">A constitui\u00e7\u00e3o da subjetividade docente no Brasil &#8211; BALL et al.<\/span><\/h4>\n<div class=\"contenu clearfix\">\n<div id=\"document_2109463_vignette\"><a href=\"https:\/\/eduportfolio.org\/fichiers\/download\/2816635\/1\">ball_Educ_Quest.pdf<\/a>\u00a0(125.6 ko)<\/div>\n<div class=\"description\">\n<div id=\"document_2109463_fichier\" class=\"consulter\"><\/div>\n<\/div>\n<\/div>\n<\/div>\n<div id=\"document2103487_2109464\" class=\"document\">\n<h4><span id=\"document_2109464_titre\" class=\"edit\">Reforma Educacional, Intensifica\u00e7\u00e3o e Autointensifica\u00e7\u00e3o do Trabalho Docente<\/span><\/h4>\n<div class=\"contenu clearfix\">\n<div id=\"document_2109464_vignette\"><a href=\"https:\/\/eduportfolio.org\/fichiers\/download\/2816639\/1\">manuela_simone.pdf<\/a>\u00a0(104.4 ko)<\/div>\n<div class=\"description\">\n<div id=\"document_2109464_fichier\" class=\"consulter\"><\/div>\n<\/div>\n<\/div>\n<\/div>\n<div id=\"document2103487_2109453\" class=\"document\">\n<h4><span id=\"document_2109453_titre\" class=\"edit\">As identidades docentes como fabrica\u00e7\u00e3o da doc\u00eancia<\/span><\/h4>\n<div class=\"contenu clearfix\">\n<div id=\"document_2109453_vignette\"><a href=\"http:\/\/eduportfolio.org\/fichiers\/download\/1332313\/1\">http:\/\/eduportfolio.org\/fichiers\/download\/1332313\/1<\/a><\/div>\n<div class=\"description\">\n<div id=\"document_2109453_fichier\" class=\"consulter\"><\/div>\n<\/div>\n<\/div>\n<\/div>\n<div id=\"document2103487_2109452\" class=\"document\">\n<h4><span id=\"document_2109452_titre\" class=\"edit\">Sociedade de Controle<\/span><\/h4>\n<div class=\"contenu clearfix\">\n<div id=\"document_2109452_vignette\"><a href=\"http:\/\/eduportfolio.org\/fichiers\/download\/1298025\/1\">http:\/\/eduportfolio.org\/fichiers\/download\/1298025\/1<\/a><\/div>\n<\/div>\n<\/div>\n","protected":false},"excerpt":{"rendered":"<p>REFORMAS DA EDUCA\u00c7\u00c3O &#8211; Nigel Brooke http:\/\/eduportfolio.org\/fichiers\/download\/2510598\/1 GERENCIALISMO &#8211; Clarke e Newman http:\/\/eduportfolio.org\/fichiers\/download\/2596127\/1 A REFORMA EDUCACIONAL DE NEW YORK http:\/\/eduportfolio.org\/fichiers\/download\/2628346\/1 New States, Governance and Education Policy &#8211; BALL http:\/\/eduportfolio.org\/fichiers\/download\/1759425\/1 Educa\u00e7\u00e3o a Venda &#8211; BALL http:\/\/eduportfolio.org\/fichiers\/download\/1298023\/1 Redes Sociais e Hegemonia &#8211; SHIROMA http:\/\/eduportfolio.org\/fichiers\/download\/1759426\/1 Gerencialismo e Pol\u00edtica Educacional em um contexto Global &#8211; M. PETERS http:\/\/eduportfolio.org\/fichiers\/download\/1332314\/1 Reorganiza\u00e7\u00e3o [&hellip;]<\/p>\n","protected":false},"author":297,"featured_media":0,"parent":75,"menu_order":0,"comment_status":"closed","ping_status":"closed","template":"","meta":{"footnotes":""},"class_list":["post-62","page","type-page","status-publish","hentry"],"_links":{"self":[{"href":"https:\/\/wp.ufpel.edu.br\/hypolito\/wp-json\/wp\/v2\/pages\/62","targetHints":{"allow":["GET"]}}],"collection":[{"href":"https:\/\/wp.ufpel.edu.br\/hypolito\/wp-json\/wp\/v2\/pages"}],"about":[{"href":"https:\/\/wp.ufpel.edu.br\/hypolito\/wp-json\/wp\/v2\/types\/page"}],"author":[{"embeddable":true,"href":"https:\/\/wp.ufpel.edu.br\/hypolito\/wp-json\/wp\/v2\/users\/297"}],"replies":[{"embeddable":true,"href":"https:\/\/wp.ufpel.edu.br\/hypolito\/wp-json\/wp\/v2\/comments?post=62"}],"version-history":[{"count":2,"href":"https:\/\/wp.ufpel.edu.br\/hypolito\/wp-json\/wp\/v2\/pages\/62\/revisions"}],"predecessor-version":[{"id":245,"href":"https:\/\/wp.ufpel.edu.br\/hypolito\/wp-json\/wp\/v2\/pages\/62\/revisions\/245"}],"up":[{"embeddable":true,"href":"https:\/\/wp.ufpel.edu.br\/hypolito\/wp-json\/wp\/v2\/pages\/75"}],"wp:attachment":[{"href":"https:\/\/wp.ufpel.edu.br\/hypolito\/wp-json\/wp\/v2\/media?parent=62"}],"curies":[{"name":"wp","href":"https:\/\/api.w.org\/{rel}","templated":true}]}}