{"id":56,"date":"2022-03-09T09:20:13","date_gmt":"2022-03-09T12:20:13","guid":{"rendered":"https:\/\/wp.ufpel.edu.br\/hypolito\/?page_id=56"},"modified":"2022-04-24T18:32:26","modified_gmt":"2022-04-24T21:32:26","slug":"especializacao","status":"publish","type":"page","link":"https:\/\/wp.ufpel.edu.br\/hypolito\/pos-graduacao\/especializacao\/","title":{"rendered":"Especializa\u00e7\u00e3o"},"content":{"rendered":"<div id=\"section86460_86458\" class=\"sous_section clearfix\">\n<h3 class=\"clearfix\"><span id=\"section_86458_titre_container\" class=\"avec_vignette\"><span id=\"section_86458_titre\" class=\"edit\">Teorias Educacionais e Curriculares<\/span><\/span><\/h3>\n<div id=\"section_86458_description\" class=\"description edit\">\n<p><span style=\"font-size: 1.4em; font-weight: bold;\">Plano de Curso<\/span><\/p>\n<\/div>\n<div id=\"document86458_86455\" class=\"document sousDocument\">\n<div class=\"contenu clearfix\">\n<div id=\"document_86455_vignette\">Plano de trabalho da disciplina, com atividades e bibliografia<\/div>\n<div class=\"description\">\n<div id=\"document_86455_fichier\" class=\"consulter\"><a href=\"https:\/\/eduportfolio.org\/fichiers\/download\/171371\/1\">plano pos 2007 1.doc<\/a>\u00a0(57.9 ko)<span id=\"last_modified_86455\"><\/span><\/div>\n<\/div>\n<\/div>\n<\/div>\n<div id=\"document86458_86469\" class=\"document sousDocument\">\n<h4><span id=\"document_86469_titre\" class=\"edit\">IDEB 1<\/span><\/h4>\n<div class=\"contenu clearfix\">\n<div id=\"document_86469_vignette\"><a href=\"https:\/\/eduportfolio.org\/fichiers\/download\/171407\/1\">IDEB-Texto_para_discuss_o26.pdf<\/a>\u00a0(1.7 Mo)<\/div>\n<div class=\"description\">\n<div id=\"document_86469_fichier\" class=\"consulter\"><\/div>\n<\/div>\n<\/div>\n<\/div>\n<div id=\"document86458_86470\" class=\"document sousDocument\">\n<h4><span id=\"document_86470_titre\" class=\"edit\">IDEB 2<\/span><\/h4>\n<div class=\"contenu clearfix\">\n<div id=\"document_86470_vignette\"><a href=\"https:\/\/eduportfolio.org\/fichiers\/download\/171408\/1\">Nota_Tecnica_IDEB.pdf<\/a>\u00a0(52.6 ko)<\/div>\n<div class=\"description\">\n<div id=\"document_86470_fichier\" class=\"consulter\"><\/div>\n<\/div>\n<\/div>\n<\/div>\n<\/div>\n<div id=\"section86460_86484\" class=\"sous_section clearfix\">\n<div class=\"show_hide\"><\/div>\n<h3 class=\"clearfix\"><span id=\"section_86484_titre_container\" class=\"avec_vignette\"><span id=\"section_86484_titre\" class=\"edit\">GEST\u00c3O EDUCACIONAL<\/span><\/span><\/h3>\n<div id=\"section_86484_description\" class=\"description edit\"><span style=\"font-size: 1.4em; font-weight: bold;\">Estado de Bem-estar social<\/span><\/div>\n<div id=\"document86484_1203448\" class=\"document sousDocument\">\n<div class=\"contenu clearfix\">\n<div id=\"document_1203448_vignette\"><a href=\"https:\/\/eduportfolio.org\/fichiers\/download\/1889624\/1\">estado social.pdf<\/a>\u00a0(1 Mo)<\/div>\n<div class=\"description\">\n<div id=\"document_1203448_fichier\" class=\"consulter\"><\/div>\n<\/div>\n<\/div>\n<\/div>\n<div id=\"document86484_1203449\" class=\"document sousDocument\">\n<h4><span id=\"document_1203449_titre\" class=\"edit\">Modelos de Administra\u00e7\u00e3o<\/span><\/h4>\n<div class=\"contenu clearfix\">\n<div id=\"document_1203449_vignette\"><a href=\"https:\/\/eduportfolio.org\/fichiers\/download\/1889625\/1\">Mod_org_adm_pub_Secchi.pdf<\/a>\u00a0(163.3 ko)<\/div>\n<div class=\"description\">\n<div id=\"document_1203449_fichier\" class=\"consulter\"><\/div>\n<\/div>\n<\/div>\n<\/div>\n<div id=\"document86484_1203450\" class=\"document sousDocument\">\n<h4><span id=\"document_1203450_titre\" class=\"edit\">Gerencialismo.pdf<\/span><\/h4>\n<div class=\"contenu clearfix\">\n<div id=\"document_1203450_vignette\"><a href=\"https:\/\/eduportfolio.org\/fichiers\/download\/1889623\/1\">gerencialismo.pdf<\/a>\u00a0(375.6 ko)<\/div>\n<div class=\"description\">\n<div id=\"document_1203450_fichier\" class=\"consulter\"><\/div>\n<\/div>\n<\/div>\n<\/div>\n<div id=\"document86484_86490\" class=\"document sousDocument\">\n<h4><span id=\"document_86490_titre\" class=\"edit\">Educa\u00e7\u00e3o na Finl\u00e2ndia<\/span><\/h4>\n<div class=\"contenu clearfix\">\n<div id=\"document_86490_vignette\">Mat\u00e9ria da Revista Veja sobre a educa\u00e7\u00e3o na Finl\u00e2ndia.<\/div>\n<div class=\"description\">\n<div id=\"document_86490_fichier\" class=\"consulter\"><a href=\"https:\/\/eduportfolio.org\/fichiers\/download\/353569\/1\">finlandia.pdf<\/a>\u00a0(199.9 ko)<span id=\"last_modified_86490\"><\/span><\/div>\n<\/div>\n<\/div>\n<\/div>\n<div id=\"document86484_86492\" class=\"document sousDocument\">\n<h4><span id=\"document_86492_titre\" class=\"edit\">Entrevista Secret\u00e1ria Educa\u00e7\u00e3o &#8211; S\u00e3o Paulo<\/span><\/h4>\n<div class=\"contenu clearfix\">\n<div id=\"document_86492_vignette\"><a href=\"https:\/\/eduportfolio.org\/fichiers\/download\/353573\/1\">secretaria_sp.pdf<\/a>\u00a0(122.9 ko)<\/div>\n<div class=\"description\">\n<div id=\"document_86492_fichier\" class=\"consulter\"><\/div>\n<\/div>\n<\/div>\n<\/div>\n<div id=\"document86484_86491\" class=\"document sousDocument\">\n<h4><span id=\"document_86491_titre\" class=\"edit\">Educa\u00e7\u00e3o na Cor\u00e9ia<\/span><\/h4>\n<div class=\"contenu clearfix\">\n<div id=\"document_86491_vignette\"><a href=\"https:\/\/eduportfolio.org\/fichiers\/download\/353574\/1\">coreia.pdf<\/a>\u00a0(407.9 ko)<\/div>\n<div class=\"description\">\n<div id=\"document_86491_fichier\" class=\"consulter\"><\/div>\n<\/div>\n<\/div>\n<\/div>\n<div id=\"document86484_86493\" class=\"document sousDocument\">\n<h4><span id=\"document_86493_titre\" class=\"edit\">Melhores escolas no Brasil<\/span><\/h4>\n<div class=\"contenu clearfix\">\n<div id=\"document_86493_vignette\"><a href=\"https:\/\/eduportfolio.org\/fichiers\/download\/353576\/1\">melhores_do_brasil.pdf<\/a>\u00a0(184 ko)<\/div>\n<div class=\"description\">\n<div id=\"document_86493_fichier\" class=\"consulter\"><\/div>\n<\/div>\n<\/div>\n<\/div>\n<div id=\"document86484_86488\" class=\"document sousDocument\">\n<h4><span id=\"document_86488_titre\" class=\"edit\">PDE<\/span><\/h4>\n<div class=\"contenu clearfix\">\n<div id=\"document_86488_vignette\"><a href=\"https:\/\/eduportfolio.org\/fichiers\/download\/349803\/1\">saviane_pde.pdf<\/a>\u00a0(114.8 ko)<\/div>\n<\/div>\n<\/div>\n<\/div>\n","protected":false},"excerpt":{"rendered":"<p>Teorias Educacionais e Curriculares Plano de Curso Plano de trabalho da disciplina, com atividades e bibliografia plano pos 2007 1.doc\u00a0(57.9 ko) IDEB 1 IDEB-Texto_para_discuss_o26.pdf\u00a0(1.7 Mo) IDEB 2 Nota_Tecnica_IDEB.pdf\u00a0(52.6 ko) GEST\u00c3O EDUCACIONAL Estado de Bem-estar social estado social.pdf\u00a0(1 Mo) Modelos de Administra\u00e7\u00e3o Mod_org_adm_pub_Secchi.pdf\u00a0(163.3 ko) Gerencialismo.pdf gerencialismo.pdf\u00a0(375.6 ko) Educa\u00e7\u00e3o na Finl\u00e2ndia Mat\u00e9ria da Revista Veja sobre a [&hellip;]<\/p>\n","protected":false},"author":297,"featured_media":0,"parent":46,"menu_order":0,"comment_status":"closed","ping_status":"closed","template":"","meta":{"footnotes":""},"class_list":["post-56","page","type-page","status-publish","hentry"],"_links":{"self":[{"href":"https:\/\/wp.ufpel.edu.br\/hypolito\/wp-json\/wp\/v2\/pages\/56","targetHints":{"allow":["GET"]}}],"collection":[{"href":"https:\/\/wp.ufpel.edu.br\/hypolito\/wp-json\/wp\/v2\/pages"}],"about":[{"href":"https:\/\/wp.ufpel.edu.br\/hypolito\/wp-json\/wp\/v2\/types\/page"}],"author":[{"embeddable":true,"href":"https:\/\/wp.ufpel.edu.br\/hypolito\/wp-json\/wp\/v2\/users\/297"}],"replies":[{"embeddable":true,"href":"https:\/\/wp.ufpel.edu.br\/hypolito\/wp-json\/wp\/v2\/comments?post=56"}],"version-history":[{"count":3,"href":"https:\/\/wp.ufpel.edu.br\/hypolito\/wp-json\/wp\/v2\/pages\/56\/revisions"}],"predecessor-version":[{"id":251,"href":"https:\/\/wp.ufpel.edu.br\/hypolito\/wp-json\/wp\/v2\/pages\/56\/revisions\/251"}],"up":[{"embeddable":true,"href":"https:\/\/wp.ufpel.edu.br\/hypolito\/wp-json\/wp\/v2\/pages\/46"}],"wp:attachment":[{"href":"https:\/\/wp.ufpel.edu.br\/hypolito\/wp-json\/wp\/v2\/media?parent=56"}],"curies":[{"name":"wp","href":"https:\/\/api.w.org\/{rel}","templated":true}]}}