{"id":49,"date":"2022-03-09T09:19:12","date_gmt":"2022-03-09T12:19:12","guid":{"rendered":"https:\/\/wp.ufpel.edu.br\/hypolito\/?page_id=49"},"modified":"2022-04-24T18:11:03","modified_gmt":"2022-04-24T21:11:03","slug":"dinter","status":"publish","type":"page","link":"https:\/\/wp.ufpel.edu.br\/hypolito\/pos-graduacao\/dinter\/","title":{"rendered":"DiNTER"},"content":{"rendered":"<h3 class=\"clearfix\"><span id=\"section_3142196_titre_container\" class=\"avec_vignette\"><span id=\"section_3142196_titre\" class=\"edit\">PARADIGMAS SOCIAIS DA EDUCA\u00c7\u00c3O<\/span><\/span><\/h3>\n<div id=\"section_3142196_description\" class=\"description edit\"><span style=\"font-size: 1.4em; font-weight: bold;\">Plano da Disciplina<\/span><\/div>\n<div id=\"document3142196_3224231\" class=\"document sousDocument\">\n<div class=\"contenu clearfix\">\n<div id=\"document_3224231_vignette\"><a href=\"https:\/\/eduportfolio.org\/fichiers\/download\/3968658\/1\">Parametros_plano.pdf<\/a>\u00a0(182.9 ko)<\/div>\n<div class=\"description\">\n<div id=\"document_3224231_fichier\" class=\"consulter\"><\/div>\n<\/div>\n<\/div>\n<\/div>\n<div id=\"document3142196_3142341\" class=\"document sousDocument\">\n<h4><span id=\"document_3142341_titre\" class=\"edit\">Dandurand<\/span><\/h4>\n<div class=\"contenu clearfix\">\n<div id=\"document_3142341_vignette\"><a href=\"https:\/\/eduportfolio.org\/fichiers\/download\/379172\/1\">https:\/\/eduportfolio.org\/fichiers\/download\/379172\/1<\/a><\/div>\n<div class=\"description\">\n<div id=\"document_3142341_fichier\" class=\"consulter\"><\/div>\n<\/div>\n<\/div>\n<\/div>\n<div id=\"document3142196_3142342\" class=\"document sousDocument\">\n<h4><span id=\"document_3142342_titre\" class=\"edit\">Zaia Brandao<\/span><\/h4>\n<div class=\"contenu clearfix\">\n<div id=\"document_3142342_vignette\"><a href=\"https:\/\/eduportfolio.org\/fichiers\/download\/188708\/1\">https:\/\/eduportfolio.org\/fichiers\/download\/188708\/1<\/a><\/div>\n<div class=\"description\">\n<div id=\"document_3142342_fichier\" class=\"consulter\"><\/div>\n<\/div>\n<\/div>\n<\/div>\n<div id=\"document3142196_3142343\" class=\"document sousDocument\">\n<h4><span id=\"document_3142343_titre\" class=\"edit\">Rosilda<\/span><\/h4>\n<div class=\"contenu clearfix\">\n<div id=\"document_3142343_vignette\"><a href=\"https:\/\/eduportfolio.org\/fichiers\/download\/188709\/1\">https:\/\/eduportfolio.org\/fichiers\/download\/188709\/1<\/a><\/div>\n<div class=\"description\">\n<div id=\"document_3142343_fichier\" class=\"consulter\"><\/div>\n<\/div>\n<\/div>\n<\/div>\n<div id=\"document3142196_3142344\" class=\"document sousDocument\">\n<h4><span id=\"document_3142344_titre\" class=\"edit\">Tomaz<\/span><\/h4>\n<div class=\"contenu clearfix\">\n<div id=\"document_3142344_vignette\"><a href=\"https:\/\/eduportfolio.org\/fichiers\/download\/188710\/1\">https:\/\/eduportfolio.org\/fichiers\/download\/188710\/1<\/a><\/div>\n<div class=\"description\">\n<div id=\"document_3142344_fichier\" class=\"consulter\"><\/div>\n<\/div>\n<\/div>\n<\/div>\n<div id=\"document3142196_3142345\" class=\"document sousDocument\">\n<h4><span id=\"document_3142345_titre\" class=\"edit\">Bourdieu<\/span><\/h4>\n<div class=\"contenu clearfix\">\n<div id=\"document_3142345_vignette\"><a href=\"https:\/\/eduportfolio.org\/fichiers\/download\/400598\/1\">https:\/\/eduportfolio.org\/fichiers\/download\/400598\/1<\/a><\/div>\n<div class=\"description\">\n<div id=\"document_3142345_fichier\" class=\"consulter\"><\/div>\n<\/div>\n<\/div>\n<\/div>\n<div id=\"document3142196_3142346\" class=\"document sousDocument\">\n<h4><span id=\"document_3142346_titre\" class=\"edit\">Texto sobre Bourdieu1<\/span><\/h4>\n<div class=\"contenu clearfix\">\n<div id=\"document_3142346_vignette\"><a href=\"https:\/\/eduportfolio.org\/fichiers\/download\/404489\/1\">https:\/\/eduportfolio.org\/fichiers\/download\/404489\/1<\/a><\/div>\n<div class=\"description\">\n<div id=\"document_3142346_fichier\" class=\"consulter\"><\/div>\n<\/div>\n<\/div>\n<\/div>\n<div id=\"document3142196_3142347\" class=\"document sousDocument\">\n<h4><span id=\"document_3142347_titre\" class=\"edit\">Texto sobre Bourdieu2<\/span><\/h4>\n<div class=\"contenu clearfix\">\n<div id=\"document_3142347_vignette\"><a href=\"https:\/\/eduportfolio.org\/fichiers\/download\/404490\/1\">https:\/\/eduportfolio.org\/fichiers\/download\/404490\/1<\/a><\/div>\n<div class=\"description\">\n<div id=\"document_3142347_fichier\" class=\"consulter\"><\/div>\n<\/div>\n<\/div>\n<\/div>\n<div id=\"document3142196_3142348\" class=\"document sousDocument\">\n<h4><span id=\"document_3142348_titre\" class=\"edit\">Texto sobre Bourdieu3<\/span><\/h4>\n<div class=\"contenu clearfix\">\n<div id=\"document_3142348_vignette\"><a href=\"https:\/\/eduportfolio.org\/fichiers\/download\/404493\/1\">https:\/\/eduportfolio.org\/fichiers\/download\/404493\/1<\/a><\/div>\n<div class=\"description\">\n<div id=\"document_3142348_fichier\" class=\"consulter\"><\/div>\n<\/div>\n<\/div>\n<\/div>\n<div id=\"document3142196_3142349\" class=\"document sousDocument\">\n<h4><span id=\"document_3142349_titre\" class=\"edit\">Texto sobre Bourdieu4<\/span><\/h4>\n<div class=\"contenu clearfix\">\n<div id=\"document_3142349_vignette\"><a href=\"https:\/\/eduportfolio.org\/fichiers\/download\/404494\/1\">https:\/\/eduportfolio.org\/fichiers\/download\/404494\/1<\/a><\/div>\n<div class=\"description\">\n<div id=\"document_3142349_fichier\" class=\"consulter\"><\/div>\n<\/div>\n<\/div>\n<\/div>\n<div id=\"document3142196_3142360\" class=\"document sousDocument\">\n<h4><span id=\"document_3142360_titre\" class=\"edit\">Bourdieu &#8211; campo cient\u00edfico<\/span><\/h4>\n<div class=\"contenu clearfix\">\n<div id=\"document_3142360_vignette\"><a href=\"https:\/\/eduportfolio.org\/fichiers\/download\/3528831\/1\">https:\/\/eduportfolio.org\/fichiers\/download\/3528831\/1<\/a><\/div>\n<div class=\"description\">\n<div id=\"document_3142360_fichier\" class=\"consulter\"><\/div>\n<\/div>\n<\/div>\n<\/div>\n<div id=\"document3142196_3142361\" class=\"document sousDocument\">\n<h4><span id=\"document_3142361_titre\" class=\"edit\">Sobre Bernstein<\/span><\/h4>\n<div class=\"contenu clearfix\">\n<div id=\"document_3142361_vignette\"><a href=\"https:\/\/eduportfolio.org\/fichiers\/download\/405955\/1\">https:\/\/eduportfolio.org\/fichiers\/download\/405955\/1<\/a><\/div>\n<div class=\"description\">\n<div id=\"document_3142361_fichier\" class=\"consulter\"><\/div>\n<\/div>\n<\/div>\n<\/div>\n<div id=\"document3142196_3142362\" class=\"document sousDocument\">\n<h4><span id=\"document_3142362_titre\" class=\"edit\">Nova Sociologia da Educa\u00e7\u00e3o<\/span><\/h4>\n<div class=\"contenu clearfix\">\n<div id=\"document_3142362_vignette\"><a href=\"https:\/\/eduportfolio.org\/fichiers\/download\/3552534\/1\">https:\/\/eduportfolio.org\/fichiers\/download\/3552534\/1<\/a><\/div>\n<div class=\"description\">\n<div id=\"document_3142362_fichier\" class=\"consulter\"><\/div>\n<\/div>\n<\/div>\n<\/div>\n<div id=\"document3142196_3142363\" class=\"document sousDocument\">\n<h4><span id=\"document_3142363_titre\" class=\"edit\">Educa\u00e7\u00e3o e Teorias da Resit\u00eancia<\/span><\/h4>\n<div class=\"contenu clearfix\">\n<div id=\"document_3142363_vignette\"><a href=\"https:\/\/eduportfolio.org\/fichiers\/download\/452658\/1\">https:\/\/eduportfolio.org\/fichiers\/download\/452658\/1<\/a><\/div>\n<div class=\"description\">\n<div id=\"document_3142363_fichier\" class=\"consulter\"><\/div>\n<\/div>\n<\/div>\n<\/div>\n<div id=\"document3142196_3142364\" class=\"document sousDocument\">\n<h4><span id=\"document_3142364_titre\" class=\"edit\">Estudos Culturais 1<\/span><\/h4>\n<div class=\"contenu clearfix\">\n<div id=\"document_3142364_vignette\"><a href=\"https:\/\/eduportfolio.org\/fichiers\/download\/1055376\/1\">https:\/\/eduportfolio.org\/fichiers\/download\/1055376\/1<\/a><\/div>\n<div class=\"description\">\n<div id=\"document_3142364_fichier\" class=\"consulter\"><\/div>\n<\/div>\n<\/div>\n<\/div>\n<div id=\"document3142196_3142365\" class=\"document sousDocument\">\n<h4><span id=\"document_3142365_titre\" class=\"edit\">Estudos Culturais 2<\/span><\/h4>\n<div class=\"contenu clearfix\">\n<div id=\"document_3142365_vignette\"><a href=\"https:\/\/eduportfolio.org\/fichiers\/download\/1055377\/1\">https:\/\/eduportfolio.org\/fichiers\/download\/1055377\/1<\/a><\/div>\n<div class=\"description\">\n<div id=\"document_3142365_fichier\" class=\"consulter\"><\/div>\n<\/div>\n<\/div>\n<\/div>\n<div id=\"document3142196_3142366\" class=\"document sousDocument\">\n<h4><span id=\"document_3142366_titre\" class=\"edit\">Apple<\/span><\/h4>\n<div class=\"contenu clearfix\">\n<div id=\"document_3142366_vignette\">Texto sobre a Sociologia cr\u00edtica nos EUA<\/div>\n<div class=\"description\">\n<div id=\"document_3142366_fichier\" class=\"consulter\"><a href=\"https:\/\/eduportfolio.org\/fichiers\/download\/459755\/1\">https:\/\/eduportfolio.org\/fichiers\/download\/459755\/1<\/a><\/div>\n<\/div>\n<\/div>\n<\/div>\n","protected":false},"excerpt":{"rendered":"<p>PARADIGMAS SOCIAIS DA EDUCA\u00c7\u00c3O Plano da Disciplina Parametros_plano.pdf\u00a0(182.9 ko) Dandurand https:\/\/eduportfolio.org\/fichiers\/download\/379172\/1 Zaia Brandao https:\/\/eduportfolio.org\/fichiers\/download\/188708\/1 Rosilda https:\/\/eduportfolio.org\/fichiers\/download\/188709\/1 Tomaz https:\/\/eduportfolio.org\/fichiers\/download\/188710\/1 Bourdieu https:\/\/eduportfolio.org\/fichiers\/download\/400598\/1 Texto sobre Bourdieu1 https:\/\/eduportfolio.org\/fichiers\/download\/404489\/1 Texto sobre Bourdieu2 https:\/\/eduportfolio.org\/fichiers\/download\/404490\/1 Texto sobre Bourdieu3 https:\/\/eduportfolio.org\/fichiers\/download\/404493\/1 Texto sobre Bourdieu4 https:\/\/eduportfolio.org\/fichiers\/download\/404494\/1 Bourdieu &#8211; campo cient\u00edfico https:\/\/eduportfolio.org\/fichiers\/download\/3528831\/1 Sobre Bernstein https:\/\/eduportfolio.org\/fichiers\/download\/405955\/1 Nova Sociologia da Educa\u00e7\u00e3o https:\/\/eduportfolio.org\/fichiers\/download\/3552534\/1 Educa\u00e7\u00e3o e Teorias da Resit\u00eancia https:\/\/eduportfolio.org\/fichiers\/download\/452658\/1 [&hellip;]<\/p>\n","protected":false},"author":297,"featured_media":0,"parent":46,"menu_order":0,"comment_status":"closed","ping_status":"closed","template":"","meta":{"footnotes":""},"class_list":["post-49","page","type-page","status-publish","hentry"],"_links":{"self":[{"href":"https:\/\/wp.ufpel.edu.br\/hypolito\/wp-json\/wp\/v2\/pages\/49","targetHints":{"allow":["GET"]}}],"collection":[{"href":"https:\/\/wp.ufpel.edu.br\/hypolito\/wp-json\/wp\/v2\/pages"}],"about":[{"href":"https:\/\/wp.ufpel.edu.br\/hypolito\/wp-json\/wp\/v2\/types\/page"}],"author":[{"embeddable":true,"href":"https:\/\/wp.ufpel.edu.br\/hypolito\/wp-json\/wp\/v2\/users\/297"}],"replies":[{"embeddable":true,"href":"https:\/\/wp.ufpel.edu.br\/hypolito\/wp-json\/wp\/v2\/comments?post=49"}],"version-history":[{"count":3,"href":"https:\/\/wp.ufpel.edu.br\/hypolito\/wp-json\/wp\/v2\/pages\/49\/revisions"}],"predecessor-version":[{"id":226,"href":"https:\/\/wp.ufpel.edu.br\/hypolito\/wp-json\/wp\/v2\/pages\/49\/revisions\/226"}],"up":[{"embeddable":true,"href":"https:\/\/wp.ufpel.edu.br\/hypolito\/wp-json\/wp\/v2\/pages\/46"}],"wp:attachment":[{"href":"https:\/\/wp.ufpel.edu.br\/hypolito\/wp-json\/wp\/v2\/media?parent=49"}],"curies":[{"name":"wp","href":"https:\/\/api.w.org\/{rel}","templated":true}]}}