{"id":233,"date":"2022-04-24T18:14:24","date_gmt":"2022-04-24T21:14:24","guid":{"rendered":"https:\/\/wp.ufpel.edu.br\/hypolito\/?page_id=233"},"modified":"2022-04-24T18:14:24","modified_gmt":"2022-04-24T21:14:24","slug":"escola-cultura-e-sociedade-vi","status":"publish","type":"page","link":"https:\/\/wp.ufpel.edu.br\/hypolito\/escola-cultura-e-sociedade-vi\/","title":{"rendered":"ESCOLA, CULTURA E SOCIEDADE VI"},"content":{"rendered":"<div id=\"document86501_86505\" class=\"document sousDocument\">\n<h4><span id=\"document_86505_titre\" class=\"edit\">Lei 11.738 &#8211; Piso Salarial<\/span><\/h4>\n<div class=\"contenu clearfix\">\n<div id=\"document_86505_vignette\"><a href=\"https:\/\/eduportfolio.org\/fichiers\/download\/381437\/1\">lei 11738_piso_salarial.pdf<\/a>\u00a0(103.6 ko)<\/div>\n<div class=\"description\">\n<div id=\"document_86505_fichier\" class=\"consulter\"><\/div>\n<\/div>\n<\/div>\n<\/div>\n<div id=\"document86501_86502\" class=\"document sousDocument\">\n<h4><span id=\"document_86502_titre\" class=\"edit\">Entrevista Secret\u00e1ria de S\u00e3o Paulo<\/span><\/h4>\n<div class=\"contenu clearfix\">\n<div id=\"document_86502_vignette\"><a href=\"https:\/\/eduportfolio.org\/fichiers\/download\/379123\/1\">secretaria_sp.pdf<\/a>\u00a0(123 ko)<\/div>\n<div class=\"description\">\n<div id=\"document_86502_fichier\" class=\"consulter\"><\/div>\n<\/div>\n<\/div>\n<\/div>\n<div id=\"document86501_86503\" class=\"document sousDocument\">\n<h4><span id=\"document_86503_titre\" class=\"edit\">Entrevista Secret\u00e1ria Educa\u00e7\u00e3o &#8211; RS<\/span><\/h4>\n<div class=\"contenu clearfix\">\n<div id=\"document_86503_vignette\"><a href=\"https:\/\/eduportfolio.org\/fichiers\/download\/379124\/1\">mariza_abreu_ZH.pdf<\/a>\u00a0(38.2 ko)<\/div>\n<\/div>\n<\/div>\n","protected":false},"excerpt":{"rendered":"<p>Lei 11.738 &#8211; Piso Salarial lei 11738_piso_salarial.pdf\u00a0(103.6 ko) Entrevista Secret\u00e1ria de S\u00e3o Paulo secretaria_sp.pdf\u00a0(123 ko) Entrevista Secret\u00e1ria Educa\u00e7\u00e3o &#8211; RS mariza_abreu_ZH.pdf\u00a0(38.2 ko)<\/p>\n","protected":false},"author":297,"featured_media":0,"parent":0,"menu_order":0,"comment_status":"closed","ping_status":"closed","template":"","meta":{"footnotes":""},"class_list":["post-233","page","type-page","status-publish","hentry"],"_links":{"self":[{"href":"https:\/\/wp.ufpel.edu.br\/hypolito\/wp-json\/wp\/v2\/pages\/233","targetHints":{"allow":["GET"]}}],"collection":[{"href":"https:\/\/wp.ufpel.edu.br\/hypolito\/wp-json\/wp\/v2\/pages"}],"about":[{"href":"https:\/\/wp.ufpel.edu.br\/hypolito\/wp-json\/wp\/v2\/types\/page"}],"author":[{"embeddable":true,"href":"https:\/\/wp.ufpel.edu.br\/hypolito\/wp-json\/wp\/v2\/users\/297"}],"replies":[{"embeddable":true,"href":"https:\/\/wp.ufpel.edu.br\/hypolito\/wp-json\/wp\/v2\/comments?post=233"}],"version-history":[{"count":1,"href":"https:\/\/wp.ufpel.edu.br\/hypolito\/wp-json\/wp\/v2\/pages\/233\/revisions"}],"predecessor-version":[{"id":235,"href":"https:\/\/wp.ufpel.edu.br\/hypolito\/wp-json\/wp\/v2\/pages\/233\/revisions\/235"}],"wp:attachment":[{"href":"https:\/\/wp.ufpel.edu.br\/hypolito\/wp-json\/wp\/v2\/media?parent=233"}],"curies":[{"name":"wp","href":"https:\/\/api.w.org\/{rel}","templated":true}]}}