{"id":227,"date":"2022-04-24T18:13:22","date_gmt":"2022-04-24T21:13:22","guid":{"rendered":"https:\/\/wp.ufpel.edu.br\/hypolito\/?page_id=227"},"modified":"2022-04-24T18:13:22","modified_gmt":"2022-04-24T21:13:22","slug":"escola-cultura-e-sociedade-v-2018","status":"publish","type":"page","link":"https:\/\/wp.ufpel.edu.br\/hypolito\/escola-cultura-e-sociedade-v-2018\/","title":{"rendered":"ESCOLA, CULTURA E SOCIEDADE V &#8211; 2018"},"content":{"rendered":"<div id=\"document3034409_3034410\" class=\"document sousDocument\">\n<h4><span id=\"document_3034410_titre\" class=\"edit\">Estado Gerencial<\/span><\/h4>\n<div class=\"contenu clearfix\">\n<div id=\"document_3034410_vignette\"><a href=\"http:\/\/eduportfolio.org\/fichiers\/download\/3539880\/1\">http:\/\/eduportfolio.org\/fichiers\/download\/3539880\/1<\/a><\/div>\n<div class=\"description\">\n<div id=\"document_3034410_fichier\" class=\"consulter\"><\/div>\n<\/div>\n<\/div>\n<\/div>\n<div id=\"document3034409_3065694\" class=\"document sousDocument\">\n<h4><span id=\"document_3065694_titre\" class=\"edit\">Capitulo Diane Ravitch<\/span><\/h4>\n<div class=\"contenu clearfix\">\n<div id=\"document_3065694_vignette\"><a href=\"https:\/\/eduportfolio.org\/fichiers\/download\/3802994\/1\">Diane_Ravitch_cap7.pdf<\/a>\u00a0(48.3 Mo)<\/div>\n<div class=\"description\">\n<div id=\"document_3065694_fichier\" class=\"consulter\"><\/div>\n<\/div>\n<\/div>\n<\/div>\n<div id=\"document3034409_3065695\" class=\"document sousDocument\">\n<h4><span id=\"document_3065695_titre\" class=\"edit\">Educa\u00e7\u00e3o Finl\u00e2ndia<\/span><\/h4>\n<div class=\"contenu clearfix\">\n<div id=\"document_3065695_vignette\"><a href=\"https:\/\/eduportfolio.org\/fichiers\/download\/353569\/1\">https:\/\/eduportfolio.org\/fichiers\/download\/353569\/1<\/a><\/div>\n<div class=\"description\">\n<div id=\"document_3065695_fichier\" class=\"consulter\"><\/div>\n<\/div>\n<\/div>\n<\/div>\n<div id=\"document3034409_3065696\" class=\"document sousDocument\">\n<h4><span id=\"document_3065696_titre\" class=\"edit\">Educa\u00e7\u00e3o na Cor\u00e9ia do Sul<\/span><\/h4>\n<div class=\"contenu clearfix\">\n<div id=\"document_3065696_vignette\"><a href=\"https:\/\/eduportfolio.org\/fichiers\/download\/353574\/1\">https:\/\/eduportfolio.org\/fichiers\/download\/353574\/1<\/a><\/div>\n<div class=\"description\">\n<div id=\"document_3065696_fichier\" class=\"consulter\"><\/div>\n<\/div>\n<\/div>\n<\/div>\n<div id=\"document3034409_3065704\" class=\"document sousDocument\">\n<h4><span id=\"document_3065704_titre\" class=\"edit\">Tarefa sobre os filmes<\/span><\/h4>\n<div class=\"contenu clearfix\">\n<div id=\"document_3065704_vignette\"><a href=\"https:\/\/eduportfolio.org\/fichiers\/download\/3803011\/1\">Trabalho_filmes.pdf<\/a>\u00a0(117.3 ko)<\/div>\n<\/div>\n<\/div>\n","protected":false},"excerpt":{"rendered":"<p>Estado Gerencial http:\/\/eduportfolio.org\/fichiers\/download\/3539880\/1 Capitulo Diane Ravitch Diane_Ravitch_cap7.pdf\u00a0(48.3 Mo) Educa\u00e7\u00e3o Finl\u00e2ndia https:\/\/eduportfolio.org\/fichiers\/download\/353569\/1 Educa\u00e7\u00e3o na Cor\u00e9ia do Sul https:\/\/eduportfolio.org\/fichiers\/download\/353574\/1 Tarefa sobre os filmes Trabalho_filmes.pdf\u00a0(117.3 ko)<\/p>\n","protected":false},"author":297,"featured_media":0,"parent":0,"menu_order":0,"comment_status":"closed","ping_status":"closed","template":"","meta":{"footnotes":""},"class_list":["post-227","page","type-page","status-publish","hentry"],"_links":{"self":[{"href":"https:\/\/wp.ufpel.edu.br\/hypolito\/wp-json\/wp\/v2\/pages\/227","targetHints":{"allow":["GET"]}}],"collection":[{"href":"https:\/\/wp.ufpel.edu.br\/hypolito\/wp-json\/wp\/v2\/pages"}],"about":[{"href":"https:\/\/wp.ufpel.edu.br\/hypolito\/wp-json\/wp\/v2\/types\/page"}],"author":[{"embeddable":true,"href":"https:\/\/wp.ufpel.edu.br\/hypolito\/wp-json\/wp\/v2\/users\/297"}],"replies":[{"embeddable":true,"href":"https:\/\/wp.ufpel.edu.br\/hypolito\/wp-json\/wp\/v2\/comments?post=227"}],"version-history":[{"count":1,"href":"https:\/\/wp.ufpel.edu.br\/hypolito\/wp-json\/wp\/v2\/pages\/227\/revisions"}],"predecessor-version":[{"id":229,"href":"https:\/\/wp.ufpel.edu.br\/hypolito\/wp-json\/wp\/v2\/pages\/227\/revisions\/229"}],"wp:attachment":[{"href":"https:\/\/wp.ufpel.edu.br\/hypolito\/wp-json\/wp\/v2\/media?parent=227"}],"curies":[{"name":"wp","href":"https:\/\/api.w.org\/{rel}","templated":true}]}}