{"id":210,"date":"2022-04-24T18:01:18","date_gmt":"2022-04-24T21:01:18","guid":{"rendered":"https:\/\/wp.ufpel.edu.br\/hypolito\/?page_id=210"},"modified":"2022-04-24T18:01:18","modified_gmt":"2022-04-24T21:01:18","slug":"globalizacao-reestruturacoes-sociais-e-politicas-educacionais","status":"publish","type":"page","link":"https:\/\/wp.ufpel.edu.br\/hypolito\/globalizacao-reestruturacoes-sociais-e-politicas-educacionais\/","title":{"rendered":"GLOBALIZA\u00c7\u00c3O, REESTRUTURA\u00c7\u00d5ES SOCIAIS E POL\u00cdTICAS EDUCACIONAIS"},"content":{"rendered":"<div id=\"document86485_86462\" class=\"document sousDocument\">\n<h4><span id=\"document_86462_titre\" class=\"edit\">Plano do Semin\u00e1rio<\/span><\/h4>\n<div class=\"contenu clearfix\">\n<div id=\"document_86462_vignette\"><a href=\"https:\/\/eduportfolio.org\/fichiers\/download\/171369\/1\">Seminario_globaliza_2008_1.doc<\/a>\u00a0(151 ko)<\/div>\n<div class=\"description\">\n<div id=\"document_86462_fichier\" class=\"consulter\"><\/div>\n<\/div>\n<\/div>\n<\/div>\n<div id=\"document86485_86500\" class=\"document sousDocument\">\n<h4><span id=\"document_86500_titre\" class=\"edit\">Controle e intensifica\u00e7\u00e3o do trabalho docente: c\u00e2meras, novo gerencialismo e pr\u00e1ticas de governo<\/span><\/h4>\n<div class=\"contenu clearfix\">\n<div id=\"document_86500_vignette\"><a href=\"https:\/\/eduportfolio.org\/fichiers\/download\/374870\/1\">texto_mauro_alvaro_jarbas.doc<\/a>\u00a0(180.7 ko)<\/div>\n<div class=\"description\">\n<div id=\"document_86500_fichier\" class=\"consulter\"><\/div>\n<\/div>\n<\/div>\n<\/div>\n<div id=\"document86485_86496\" class=\"document sousDocument\">\n<h4><span id=\"document_86496_titre\" class=\"edit\">O c\u00e9rebro social<\/span><\/h4>\n<div class=\"contenu clearfix\">\n<div id=\"document_86496_vignette\"><a href=\"https:\/\/eduportfolio.org\/fichiers\/download\/366357\/1\">paolo virno2.doc<\/a>\u00a0(131.1 ko)<\/div>\n<div class=\"description\">\n<div id=\"document_86496_fichier\" class=\"consulter\"><\/div>\n<\/div>\n<\/div>\n<\/div>\n<div id=\"document86485_86497\" class=\"document sousDocument\">\n<h4><span id=\"document_86497_titre\" class=\"edit\">A multid\u00e3o<\/span><\/h4>\n<div class=\"contenu clearfix\">\n<div id=\"document_86497_vignette\"><a href=\"https:\/\/eduportfolio.org\/fichiers\/download\/366358\/1\">Entrevista Paolo Virno1.doc<\/a>\u00a0(123.4 ko)<\/div>\n<div class=\"description\">\n<div id=\"document_86497_fichier\" class=\"consulter\"><\/div>\n<\/div>\n<\/div>\n<\/div>\n<div id=\"document86485_86498\" class=\"document sousDocument\">\n<h4><span id=\"document_86498_titre\" class=\"edit\">A est\u00e9tica da multid\u00e3o<\/span><\/h4>\n<div class=\"contenu clearfix\">\n<div id=\"document_86498_vignette\"><a href=\"https:\/\/eduportfolio.org\/fichiers\/download\/366359\/1\">barbara_Estetica_da_multidao.doc<\/a>\u00a0(120.8 ko)<\/div>\n<div class=\"description\">\n<div id=\"document_86498_fichier\" class=\"consulter\"><\/div>\n<\/div>\n<\/div>\n<\/div>\n<div id=\"document86485_86454\" class=\"document sousDocument\">\n<h4><span id=\"document_86454_titre\" class=\"edit\">La teor\u00eda posmoderna del Imperio<\/span><\/h4>\n<div class=\"contenu clearfix\">\n<div id=\"document_86454_vignette\"><a class=\"icone\" href=\"https:\/\/eduportfolio.org\/fichiers\/download\/171370\/1\"><img loading=\"lazy\" decoding=\"async\" src=\"https:\/\/eduportfolio.org\/img\/icones\/package-x-generic.png\" alt=\"rush.pdf\" width=\"48\" height=\"48\" \/><\/a><\/div>\n<div class=\"description\">\n<div id=\"document_86454_description\" class=\"edit\">\n<p>Texto sobre o livro Imp\u00e9rio de Hardt &amp; Negri<\/p>\n<\/div>\n<div id=\"document_86454_fichier\" class=\"consulter\"><a href=\"https:\/\/eduportfolio.org\/fichiers\/download\/171370\/1\">rush.pdf<\/a>\u00a0(61.6 ko)<span id=\"last_modified_86454\"><\/span><\/div>\n<\/div>\n<\/div>\n<\/div>\n<div id=\"document86485_86486\" class=\"document sousDocument\">\n<h4><span id=\"document_86486_titre\" class=\"edit\">Controle Social<\/span><\/h4>\n<div class=\"contenu clearfix\">\n<div id=\"document_86486_vignette\"><a href=\"https:\/\/eduportfolio.org\/fichiers\/download\/350634\/1\">Controle Social notas em torno de uma nocao polemica.pdf<\/a>\u00a0(148.2 ko)<\/div>\n<div class=\"description\">\n<div id=\"document_86486_fichier\" class=\"consulter\"><\/div>\n<\/div>\n<\/div>\n<\/div>\n<div id=\"document86485_86489\" class=\"document sousDocument\">\n<h4><span id=\"document_86489_titre\" class=\"edit\">Sociedade de Controle<\/span><\/h4>\n<div class=\"contenu clearfix\">\n<div id=\"document_86489_vignette\"><a href=\"https:\/\/eduportfolio.org\/fichiers\/download\/350633\/1\">Sociedade de controle.pdf<\/a>\u00a0(126.4 ko)<\/div>\n<\/div>\n<\/div>\n","protected":false},"excerpt":{"rendered":"<p>Plano do Semin\u00e1rio Seminario_globaliza_2008_1.doc\u00a0(151 ko) Controle e intensifica\u00e7\u00e3o do trabalho docente: c\u00e2meras, novo gerencialismo e pr\u00e1ticas de governo texto_mauro_alvaro_jarbas.doc\u00a0(180.7 ko) O c\u00e9rebro social paolo virno2.doc\u00a0(131.1 ko) A multid\u00e3o Entrevista Paolo Virno1.doc\u00a0(123.4 ko) A est\u00e9tica da multid\u00e3o barbara_Estetica_da_multidao.doc\u00a0(120.8 ko) La teor\u00eda posmoderna del Imperio Texto sobre o livro Imp\u00e9rio de Hardt &amp; Negri rush.pdf\u00a0(61.6 ko) Controle [&hellip;]<\/p>\n","protected":false},"author":297,"featured_media":0,"parent":0,"menu_order":0,"comment_status":"closed","ping_status":"closed","template":"","meta":{"footnotes":""},"class_list":["post-210","page","type-page","status-publish","hentry"],"_links":{"self":[{"href":"https:\/\/wp.ufpel.edu.br\/hypolito\/wp-json\/wp\/v2\/pages\/210","targetHints":{"allow":["GET"]}}],"collection":[{"href":"https:\/\/wp.ufpel.edu.br\/hypolito\/wp-json\/wp\/v2\/pages"}],"about":[{"href":"https:\/\/wp.ufpel.edu.br\/hypolito\/wp-json\/wp\/v2\/types\/page"}],"author":[{"embeddable":true,"href":"https:\/\/wp.ufpel.edu.br\/hypolito\/wp-json\/wp\/v2\/users\/297"}],"replies":[{"embeddable":true,"href":"https:\/\/wp.ufpel.edu.br\/hypolito\/wp-json\/wp\/v2\/comments?post=210"}],"version-history":[{"count":1,"href":"https:\/\/wp.ufpel.edu.br\/hypolito\/wp-json\/wp\/v2\/pages\/210\/revisions"}],"predecessor-version":[{"id":212,"href":"https:\/\/wp.ufpel.edu.br\/hypolito\/wp-json\/wp\/v2\/pages\/210\/revisions\/212"}],"wp:attachment":[{"href":"https:\/\/wp.ufpel.edu.br\/hypolito\/wp-json\/wp\/v2\/media?parent=210"}],"curies":[{"name":"wp","href":"https:\/\/api.w.org\/{rel}","templated":true}]}}