{"id":201,"date":"2022-04-24T17:57:49","date_gmt":"2022-04-24T20:57:49","guid":{"rendered":"https:\/\/wp.ufpel.edu.br\/hypolito\/?page_id=201"},"modified":"2022-04-24T17:57:49","modified_gmt":"2022-04-24T20:57:49","slug":"ver-diferencialreestruturacao-educacional-gestao-e-trabalho-docente","status":"publish","type":"page","link":"https:\/\/wp.ufpel.edu.br\/hypolito\/ver-diferencialreestruturacao-educacional-gestao-e-trabalho-docente\/","title":{"rendered":"(Ver diferencial)REESTRUTURA\u00c7\u00c3O EDUCACIONAL, GEST\u00c3O E TRABALHO DOCENTE"},"content":{"rendered":"<div id=\"section_620675_description\" class=\"description edit\"><span style=\"font-size: 1.4em; font-weight: bold;\">Plano da Disciplina<\/span><\/div>\n<div id=\"document620675_1128303\" class=\"document sousDocument\">\n<div class=\"contenu clearfix\">\n<div id=\"document_1128303_vignette\"><a href=\"https:\/\/eduportfolio.org\/fichiers\/download\/1810530\/1\">programa_analitico_PPGE_2_2012.pdf<\/a>\u00a0(242.6 ko)<\/div>\n<div class=\"description\">\n<div id=\"document_1128303_fichier\" class=\"consulter\"><\/div>\n<\/div>\n<\/div>\n<\/div>\n<div id=\"document620675_620661\" class=\"document sousDocument\">\n<h4><span id=\"document_620661_titre\" class=\"edit\">Estado de Bem-Estar Social &#8211; Fiori<\/span><\/h4>\n<div class=\"contenu clearfix\">\n<div id=\"document_620661_vignette\"><a href=\"https:\/\/eduportfolio.org\/fichiers\/download\/1281683\/1\">estado social.pdf<\/a>\u00a0(1 Mo)<\/div>\n<div class=\"description\">\n<div id=\"document_620661_fichier\" class=\"consulter\"><\/div>\n<\/div>\n<\/div>\n<\/div>\n<div id=\"document620675_620664\" class=\"document sousDocument\">\n<h4><span id=\"document_620664_titre\" class=\"edit\">Conflito Social e Welfare State &#8211; Gomes<\/span><\/h4>\n<div class=\"contenu clearfix\">\n<div id=\"document_620664_vignette\"><a href=\"https:\/\/eduportfolio.org\/fichiers\/download\/1281684\/1\">welfare state.pdf<\/a>\u00a0(1.1 Mo)<\/div>\n<div class=\"description\">\n<div id=\"document_620664_fichier\" class=\"consulter\"><\/div>\n<\/div>\n<\/div>\n<\/div>\n<div id=\"document620675_620665\" class=\"document sousDocument\">\n<h4><span id=\"document_620665_titre\" class=\"edit\">Modelos organizacionais e reformas da administra\u00e7\u00e3o p\u00fablica &#8211; Secchi<\/span><\/h4>\n<div class=\"contenu clearfix\">\n<div id=\"document_620665_vignette\"><a href=\"https:\/\/eduportfolio.org\/fichiers\/download\/1281685\/1\">Mod_org_adm_pub_Secchi.pdf<\/a>\u00a0(160.2 ko)<\/div>\n<div class=\"description\">\n<div id=\"document_620665_fichier\" class=\"consulter\"><\/div>\n<\/div>\n<\/div>\n<\/div>\n<div id=\"document620675_620666\" class=\"document sousDocument\">\n<h4><span id=\"document_620666_titre\" class=\"edit\">Administra\u00e7\u00e3o P\u00fablica Brasileira &#8211; Ana Paula<\/span><\/h4>\n<div class=\"contenu clearfix\">\n<div id=\"document_620666_vignette\"><a href=\"https:\/\/eduportfolio.org\/fichiers\/download\/1281687\/1\">gestao_publica_ana_paula.pdf<\/a>\u00a0(1.8 Mo)<\/div>\n<div class=\"description\">\n<div id=\"document_620666_fichier\" class=\"consulter\"><\/div>\n<\/div>\n<\/div>\n<\/div>\n<div id=\"document620675_620667\" class=\"document sousDocument\">\n<h4><span id=\"document_620667_titre\" class=\"edit\">R\u00e9plica &#8211; Bresser-Pereira<\/span><\/h4>\n<div class=\"contenu clearfix\">\n<div id=\"document_620667_vignette\"><a href=\"https:\/\/eduportfolio.org\/fichiers\/download\/1281688\/1\">BRESSER_replica.pdf<\/a>\u00a0(304 ko)<\/div>\n<div class=\"description\">\n<div id=\"document_620667_fichier\" class=\"consulter\"><\/div>\n<\/div>\n<\/div>\n<\/div>\n<div id=\"document620675_620668\" class=\"document sousDocument\">\n<h4><span id=\"document_620668_titre\" class=\"edit\">Tr\u00e9plica &#8211; Ana Paula<\/span><\/h4>\n<div class=\"contenu clearfix\">\n<div id=\"document_620668_vignette\"><a href=\"https:\/\/eduportfolio.org\/fichiers\/download\/1281689\/1\">ANA_PAULA_treplica.pdf<\/a>\u00a0(381.2 ko)<\/div>\n<div class=\"description\">\n<div id=\"document_620668_fichier\" class=\"consulter\"><\/div>\n<\/div>\n<\/div>\n<\/div>\n<div id=\"document620675_620669\" class=\"document sousDocument\">\n<h4><span id=\"document_620669_titre\" class=\"edit\">A Reforma do Estado nos anos 90 &#8211; MARE 1 &#8211; Paulo Bresser-Pereira<\/span><\/h4>\n<div class=\"contenu clearfix\">\n<div id=\"document_620669_vignette\">Texto Base da reforma elaborado por Bresser-Pereira, na \u00e9poca Ministro de Estado.<\/div>\n<div class=\"description\">\n<div id=\"document_620669_fichier\" class=\"consulter\"><a href=\"https:\/\/eduportfolio.org\/fichiers\/download\/1281691\/1\">Mare_caderno01.pdf<\/a>\u00a0(438.4 ko)<span id=\"last_modified_620669\"><\/span><\/div>\n<\/div>\n<\/div>\n<\/div>\n<div id=\"document620675_620670\" class=\"document sousDocument\">\n<h4><span id=\"document_620670_titre\" class=\"edit\">Organiza\u00e7\u00f5es Sociais &#8211; MARE 2<\/span><\/h4>\n<div class=\"contenu clearfix\">\n<div id=\"document_620670_vignette\">Texto elaborado na gest\u00e3o de Bresser-Pereira no Minist\u00e9rio &#8211; MARE.<\/div>\n<div class=\"description\">\n<div id=\"document_620670_fichier\" class=\"consulter\"><a href=\"https:\/\/eduportfolio.org\/fichiers\/download\/1281692\/1\">Mare_caderno02.pdf<\/a>\u00a0(495.9 ko)<span id=\"last_modified_620670\"><\/span><\/div>\n<\/div>\n<\/div>\n<\/div>\n<div id=\"document620675_608158\" class=\"document sousDocument\">\n<h4><span id=\"document_608158_titre\" class=\"edit\">Pol\u00edticas Curriculares, Estado e Regula\u00e7\u00e3o<\/span><\/h4>\n<div class=\"contenu clearfix\">\n<div id=\"document_608158_vignette\"><a href=\"https:\/\/eduportfolio.org\/fichiers\/download\/1268767\/1\">educ_soc_2010.pdf<\/a>\u00a0(143.3 ko)<\/div>\n<div class=\"description\">\n<div id=\"document_608158_fichier\" class=\"consulter\"><\/div>\n<\/div>\n<\/div>\n<\/div>\n<div id=\"document620675_608301\" class=\"document sousDocument\">\n<h4><span id=\"document_608301_titre\" class=\"edit\">Gerencialismo e Educa\u00e7\u00e3o<\/span><\/h4>\n<div class=\"contenu clearfix\">\n<div id=\"document_608301_vignette\"><a href=\"https:\/\/eduportfolio.org\/fichiers\/download\/1268912\/1\">Revista RBPAE _24_1_Hypolito_1.pdf<\/a>\u00a0(252.2 ko)<\/div>\n<div class=\"description\">\n<div id=\"document_608301_fichier\" class=\"consulter\"><\/div>\n<\/div>\n<\/div>\n<\/div>\n<div id=\"document620675_1080118\" class=\"document sousDocument\">\n<h4><span id=\"document_1080118_titre\" class=\"edit\">New States, Governance and Education Policy<\/span><\/h4>\n<div class=\"contenu clearfix\">\n<div id=\"document_1080118_vignette\"><a href=\"https:\/\/eduportfolio.org\/fichiers\/download\/1759425\/1\">ball.pdf<\/a>\u00a0(191.5 ko)<\/div>\n<div class=\"description\">\n<div id=\"document_1080118_fichier\" class=\"consulter\"><\/div>\n<\/div>\n<\/div>\n<\/div>\n<div id=\"document620675_1080119\" class=\"document sousDocument\">\n<h4><span id=\"document_1080119_titre\" class=\"edit\">Redes Sociais e Hegemonia<\/span><\/h4>\n<div class=\"contenu clearfix\">\n<div id=\"document_1080119_vignette\"><a href=\"https:\/\/eduportfolio.org\/fichiers\/download\/1759426\/1\">shiroma_f_1.pdf<\/a>\u00a0(10.3 Mo)<\/div>\n<div class=\"description\">\n<div id=\"document_1080119_fichier\" class=\"consulter\"><\/div>\n<\/div>\n<\/div>\n<\/div>\n<div id=\"document620675_636363\" class=\"document sousDocument\">\n<h4><span id=\"document_636363_titre\" class=\"edit\">Educa\u00e7\u00e3o a Venda<\/span><\/h4>\n<div class=\"contenu clearfix\">\n<div id=\"document_636363_vignette\"><a href=\"https:\/\/eduportfolio.org\/fichiers\/download\/1298023\/1\">a_venda_ball.pdf<\/a>\u00a0(2.9 Mo)<\/div>\n<div class=\"description\">\n<div id=\"document_636363_fichier\" class=\"consulter\"><\/div>\n<\/div>\n<\/div>\n<\/div>\n<div id=\"document620675_636364\" class=\"document sousDocument\">\n<h4><span id=\"document_636364_titre\" class=\"edit\">Controle Social<\/span><\/h4>\n<div class=\"contenu clearfix\">\n<div id=\"document_636364_vignette\"><a href=\"https:\/\/eduportfolio.org\/fichiers\/download\/1298024\/1\">Controle Social notas em torno de uma nocao polemica.pdf<\/a>\u00a0(205.3 ko)<\/div>\n<div class=\"description\">\n<div id=\"document_636364_fichier\" class=\"consulter\"><\/div>\n<\/div>\n<\/div>\n<\/div>\n<div id=\"document620675_636365\" class=\"document sousDocument\">\n<h4><span id=\"document_636365_titre\" class=\"edit\">Sociedade de Controle<\/span><\/h4>\n<div class=\"contenu clearfix\">\n<div id=\"document_636365_vignette\"><a href=\"https:\/\/eduportfolio.org\/fichiers\/download\/1298025\/1\">Sociedade de controle_1_.pdf<\/a>\u00a0(167.5 ko)<\/div>\n<div class=\"description\">\n<div id=\"document_636365_fichier\" class=\"consulter\"><\/div>\n<\/div>\n<\/div>\n<\/div>\n<div id=\"document620675_639611\" class=\"document sousDocument\">\n<h4><span id=\"document_639611_titre\" class=\"edit\">Educa\u00e7\u00e3o e Parceria P\u00fablico-Privado<\/span><\/h4>\n<div class=\"contenu clearfix\">\n<div id=\"document_639611_vignette\"><a href=\"https:\/\/eduportfolio.org\/fichiers\/download\/1301428\/1\">Adriao_et_al1.pdf<\/a>\u00a0(160.1 ko)<\/div>\n<div class=\"description\">\n<div id=\"document_639611_fichier\" class=\"consulter\"><\/div>\n<\/div>\n<\/div>\n<\/div>\n<div id=\"document620675_656694\" class=\"document sousDocument\">\n<h4><span id=\"document_656694_titre\" class=\"edit\">Estado e Terceiro Setor<\/span><\/h4>\n<div class=\"contenu clearfix\">\n<div id=\"document_656694_vignette\"><a href=\"https:\/\/eduportfolio.org\/fichiers\/download\/1318620\/1\">peroni_et_al.pdf<\/a>\u00a0(144.1 ko)<\/div>\n<div class=\"description\">\n<div id=\"document_656694_fichier\" class=\"consulter\"><\/div>\n<\/div>\n<\/div>\n<\/div>\n<div id=\"document620675_656695\" class=\"document sousDocument\">\n<h4><span id=\"document_656695_titre\" class=\"edit\">Articulaciones P\u00fablico-Privada para la oferta educativa<\/span><\/h4>\n<div class=\"contenu clearfix\">\n<div id=\"document_656695_vignette\"><a href=\"https:\/\/eduportfolio.org\/fichiers\/download\/1318621\/1\">astorga.pdf<\/a>\u00a0(136.4 ko)<\/div>\n<div class=\"description\">\n<div id=\"document_656695_fichier\" class=\"consulter\"><\/div>\n<\/div>\n<\/div>\n<\/div>\n<div id=\"document620675_669855\" class=\"document sousDocument\">\n<h4><span id=\"document_669855_titre\" class=\"edit\">Pol\u00edtica de Re-territorializa\u00e7\u00e3o<\/span><\/h4>\n<div class=\"contenu clearfix\">\n<div id=\"document_669855_vignette\"><a href=\"https:\/\/eduportfolio.org\/fichiers\/download\/1332311\/1\">robertson.pdf<\/a>\u00a0(265.8 ko)<\/div>\n<div class=\"description\">\n<div id=\"document_669855_fichier\" class=\"consulter\"><\/div>\n<\/div>\n<\/div>\n<\/div>\n<div id=\"document620675_669856\" class=\"document sousDocument\">\n<h4><span id=\"document_669856_titre\" class=\"edit\">Os Professores e a fabrica\u00e7\u00e3o de Identidades<\/span><\/h4>\n<div class=\"contenu clearfix\">\n<div id=\"document_669856_vignette\"><a href=\"https:\/\/eduportfolio.org\/fichiers\/download\/1332312\/1\">lawn.pdf<\/a>\u00a0(201.9 ko)<\/div>\n<div class=\"description\">\n<div id=\"document_669856_fichier\" class=\"consulter\"><\/div>\n<\/div>\n<\/div>\n<\/div>\n<div id=\"document620675_669857\" class=\"document sousDocument\">\n<h4><span id=\"document_669857_titre\" class=\"edit\">As identidades docentes como fabrica\u00e7\u00e3o da doc\u00eancia<\/span><\/h4>\n<div class=\"contenu clearfix\">\n<div id=\"document_669857_vignette\"><a href=\"https:\/\/eduportfolio.org\/fichiers\/download\/1332313\/1\">Educ_Pesq_Hypolito.pdf<\/a>\u00a0(119.8 ko)<\/div>\n<div class=\"description\">\n<div id=\"document_669857_fichier\" class=\"consulter\"><\/div>\n<\/div>\n<\/div>\n<\/div>\n<div id=\"document620675_669858\" class=\"document sousDocument\">\n<h4><span id=\"document_669858_titre\" class=\"edit\">Gerencialismo e Pol\u00edtica Educacional em um contexto Global<\/span><\/h4>\n<div class=\"contenu clearfix\">\n<div id=\"document_669858_vignette\"><a href=\"https:\/\/eduportfolio.org\/fichiers\/download\/1332314\/1\">peters.pdf<\/a>\u00a0(2 Mo)<\/div>\n<\/div>\n<\/div>\n","protected":false},"excerpt":{"rendered":"<p>Plano da Disciplina programa_analitico_PPGE_2_2012.pdf\u00a0(242.6 ko) Estado de Bem-Estar Social &#8211; Fiori estado social.pdf\u00a0(1 Mo) Conflito Social e Welfare State &#8211; Gomes welfare state.pdf\u00a0(1.1 Mo) Modelos organizacionais e reformas da administra\u00e7\u00e3o p\u00fablica &#8211; Secchi Mod_org_adm_pub_Secchi.pdf\u00a0(160.2 ko) Administra\u00e7\u00e3o P\u00fablica Brasileira &#8211; Ana Paula gestao_publica_ana_paula.pdf\u00a0(1.8 Mo) R\u00e9plica &#8211; Bresser-Pereira BRESSER_replica.pdf\u00a0(304 ko) Tr\u00e9plica &#8211; Ana Paula ANA_PAULA_treplica.pdf\u00a0(381.2 ko) A [&hellip;]<\/p>\n","protected":false},"author":297,"featured_media":0,"parent":0,"menu_order":0,"comment_status":"closed","ping_status":"closed","template":"","meta":{"footnotes":""},"class_list":["post-201","page","type-page","status-publish","hentry"],"_links":{"self":[{"href":"https:\/\/wp.ufpel.edu.br\/hypolito\/wp-json\/wp\/v2\/pages\/201","targetHints":{"allow":["GET"]}}],"collection":[{"href":"https:\/\/wp.ufpel.edu.br\/hypolito\/wp-json\/wp\/v2\/pages"}],"about":[{"href":"https:\/\/wp.ufpel.edu.br\/hypolito\/wp-json\/wp\/v2\/types\/page"}],"author":[{"embeddable":true,"href":"https:\/\/wp.ufpel.edu.br\/hypolito\/wp-json\/wp\/v2\/users\/297"}],"replies":[{"embeddable":true,"href":"https:\/\/wp.ufpel.edu.br\/hypolito\/wp-json\/wp\/v2\/comments?post=201"}],"version-history":[{"count":1,"href":"https:\/\/wp.ufpel.edu.br\/hypolito\/wp-json\/wp\/v2\/pages\/201\/revisions"}],"predecessor-version":[{"id":203,"href":"https:\/\/wp.ufpel.edu.br\/hypolito\/wp-json\/wp\/v2\/pages\/201\/revisions\/203"}],"wp:attachment":[{"href":"https:\/\/wp.ufpel.edu.br\/hypolito\/wp-json\/wp\/v2\/media?parent=201"}],"curies":[{"name":"wp","href":"https:\/\/api.w.org\/{rel}","templated":true}]}}