{"id":2,"date":"2014-04-25T13:39:28","date_gmt":"2014-04-25T16:39:28","guid":{"rendered":"https:\/\/wp.ufpel.edu.br\/hypolito\/?page_id=2"},"modified":"2022-04-24T18:38:51","modified_gmt":"2022-04-24T21:38:51","slug":"pagina-exemplo","status":"publish","type":"page","link":"https:\/\/wp.ufpel.edu.br\/hypolito\/","title":{"rendered":"Apresenta\u00e7\u00e3o"},"content":{"rendered":"<p><span style=\"font-size: 18pt;\"><strong><em>Portfolio<\/em> para reposit\u00f3rio de textos e atividades de Ensino, Pesquisa e Extens\u00e3o<\/strong><\/span><\/p>\n<p><a href=\"https:\/\/wp.ufpel.edu.br\/hypolito\/files\/2014\/04\/Alvaro_mvd.jpg\"><img loading=\"lazy\" decoding=\"async\" class=\"alignnone size-medium wp-image-4\" src=\"https:\/\/wp.ufpel.edu.br\/hypolito\/files\/2014\/04\/Alvaro_mvd-424x280.jpg\" alt=\"\" width=\"400\" height=\"264\" srcset=\"https:\/\/wp.ufpel.edu.br\/hypolito\/files\/2014\/04\/Alvaro_mvd-424x280.jpg 424w, https:\/\/wp.ufpel.edu.br\/hypolito\/files\/2014\/04\/Alvaro_mvd-212x140.jpg 212w\" sizes=\"auto, (max-width: 400px) 100vw, 400px\" \/><\/a><\/p>\n<p>\u00c1lvaro Moreira Hypolito \u00e9 Professor Titular da Faculdade de Educa\u00e7\u00e3o da Universidade Federal de Pelotas. Concluiu o Doutorado (PhD) em Curriculum and Instruction &#8211; University of Wisconsin \u2013 Madison, EUA. \u00c9 Pesquisador do CNPq. &#8211; 1D.<\/p>\n<p><span style=\"color: #000000; font-family: Tahoma, Geneva, sans-serif; font-size: 11px; font-style: normal; font-variant: normal; font-weight: normal; letter-spacing: normal; line-height: 18px; text-align: justify; text-indent: 20px; background-color: #e1eaf2; float: none;\">\u00a0<\/span><\/p>\n","protected":false},"excerpt":{"rendered":"<p>Portfolio para reposit\u00f3rio de textos e atividades de Ensino, Pesquisa e Extens\u00e3o \u00c1lvaro Moreira Hypolito \u00e9 Professor Titular da Faculdade de Educa\u00e7\u00e3o da Universidade Federal de Pelotas. Concluiu o Doutorado (PhD) em Curriculum and Instruction &#8211; University of Wisconsin \u2013 Madison, EUA. \u00c9 Pesquisador do CNPq. &#8211; 1D. \u00a0<\/p>\n","protected":false},"author":297,"featured_media":0,"parent":0,"menu_order":1,"comment_status":"closed","ping_status":"closed","template":"","meta":{"footnotes":""},"class_list":["post-2","page","type-page","status-publish","hentry"],"_links":{"self":[{"href":"https:\/\/wp.ufpel.edu.br\/hypolito\/wp-json\/wp\/v2\/pages\/2","targetHints":{"allow":["GET"]}}],"collection":[{"href":"https:\/\/wp.ufpel.edu.br\/hypolito\/wp-json\/wp\/v2\/pages"}],"about":[{"href":"https:\/\/wp.ufpel.edu.br\/hypolito\/wp-json\/wp\/v2\/types\/page"}],"author":[{"embeddable":true,"href":"https:\/\/wp.ufpel.edu.br\/hypolito\/wp-json\/wp\/v2\/users\/297"}],"replies":[{"embeddable":true,"href":"https:\/\/wp.ufpel.edu.br\/hypolito\/wp-json\/wp\/v2\/comments?post=2"}],"version-history":[{"count":10,"href":"https:\/\/wp.ufpel.edu.br\/hypolito\/wp-json\/wp\/v2\/pages\/2\/revisions"}],"predecessor-version":[{"id":253,"href":"https:\/\/wp.ufpel.edu.br\/hypolito\/wp-json\/wp\/v2\/pages\/2\/revisions\/253"}],"wp:attachment":[{"href":"https:\/\/wp.ufpel.edu.br\/hypolito\/wp-json\/wp\/v2\/media?parent=2"}],"curies":[{"name":"wp","href":"https:\/\/api.w.org\/{rel}","templated":true}]}}