{"id":198,"date":"2022-04-24T17:51:47","date_gmt":"2022-04-24T20:51:47","guid":{"rendered":"https:\/\/wp.ufpel.edu.br\/hypolito\/?page_id=198"},"modified":"2022-04-24T17:51:47","modified_gmt":"2022-04-24T20:51:47","slug":"estudos-sobre-curriculo","status":"publish","type":"page","link":"https:\/\/wp.ufpel.edu.br\/hypolito\/estudos-sobre-curriculo\/","title":{"rendered":"ESTUDOS SOBRE CURR\u00cdCULO"},"content":{"rendered":"<div id=\"document2180089_2180090\" class=\"document sousDocument\">\n<h4><span id=\"document_2180090_titre\" class=\"edit\">Plano de Curso<\/span><\/h4>\n<div class=\"contenu clearfix\">\n<div id=\"document_2180090_vignette\"><a href=\"https:\/\/eduportfolio.org\/fichiers\/download\/2891054\/1\">Estudos_sobre_Curriculo_2015_2.pdf<\/a>\u00a0(375.7 ko)<\/div>\n<div class=\"description\">\n<div id=\"document_2180090_fichier\" class=\"consulter\"><\/div>\n<\/div>\n<\/div>\n<\/div>\n<div id=\"document2180089_2183213\" class=\"document sousDocument\">\n<h4><a id=\"document2894317\"><\/a><span id=\"document_2183213_titre\" class=\"edit\">Origens dos termos Classe e Curriculum<\/span><\/h4>\n<div class=\"contenu clearfix\">\n<div id=\"document_2183213_vignette\"><a href=\"https:\/\/eduportfolio.org\/fichiers\/download\/2894317\/1\">Hamilton.pdf<\/a>\u00a0(576 ko)<\/div>\n<div class=\"description\">\n<div id=\"document_2183213_fichier\" class=\"consulter\"><\/div>\n<\/div>\n<\/div>\n<\/div>\n<div id=\"document2180089_2183214\" class=\"document sousDocument\">\n<h4><a id=\"document2894319\"><\/a><span id=\"document_2183214_titre\" class=\"edit\">Kliebard, Burocracia e Curr\u00edculo<\/span><\/h4>\n<div class=\"contenu clearfix\">\n<div id=\"document_2183214_vignette\"><a href=\"https:\/\/eduportfolio.org\/fichiers\/download\/2894319\/1\">kliebard_burocracia.pdf<\/a>\u00a0(281.5 ko)<\/div>\n<div class=\"description\">\n<div id=\"document_2183214_fichier\" class=\"consulter\"><\/div>\n<\/div>\n<\/div>\n<\/div>\n<div id=\"document2180089_2183215\" class=\"document sousDocument\">\n<h4><a id=\"document2894320\"><\/a><span id=\"document_2183215_titre\" class=\"edit\">Kliebard &#8211; sobre Tyler<\/span><\/h4>\n<div class=\"contenu clearfix\">\n<div id=\"document_2183215_vignette\"><a href=\"https:\/\/eduportfolio.org\/fichiers\/download\/2894320\/1\">kliebard_tyler.pdf<\/a>\u00a0(296.3 ko)<\/div>\n<div class=\"description\">\n<div id=\"document_2183215_fichier\" class=\"consulter\"><\/div>\n<\/div>\n<\/div>\n<\/div>\n<div id=\"document2180089_2209398\" class=\"document sousDocument\">\n<h4><a id=\"document2914669\"><\/a><span id=\"document_2209398_titre\" class=\"edit\">Bourdieu &#8211; A escola conservadora<\/span><\/h4>\n<div class=\"contenu clearfix\">\n<div id=\"document_2209398_vignette\"><a href=\"http:\/\/eduportfolio.org\/fichiers\/download\/400598\/1\">http:\/\/eduportfolio.org\/fichiers\/download\/400598\/1<\/a><\/div>\n<div class=\"description\">\n<div id=\"document_2209398_fichier\" class=\"consulter\"><\/div>\n<\/div>\n<\/div>\n<\/div>\n<div id=\"document2180089_2209399\" class=\"document sousDocument\">\n<h4><a id=\"document2914670\"><\/a><span id=\"document_2209399_titre\" class=\"edit\">Educa\u00e7\u00e3o e teorias da resist\u00eancia<\/span><\/h4>\n<div class=\"contenu clearfix\">\n<div id=\"document_2209399_vignette\"><a href=\"http:\/\/eduportfolio.org\/fichiers\/download\/452658\/1\">http:\/\/eduportfolio.org\/fichiers\/download\/452658\/1<\/a><\/div>\n<div class=\"description\">\n<div id=\"document_2209399_fichier\" class=\"consulter\"><\/div>\n<\/div>\n<\/div>\n<\/div>\n<div id=\"document2180089_2225055\" class=\"document sousDocument\">\n<h4><a id=\"document2928869\"><\/a><span id=\"document_2225055_titre\" class=\"edit\">Sociologia e Teoria Cr\u00edtica do Curr\u00edculo<\/span><\/h4>\n<div class=\"contenu clearfix\">\n<div id=\"document_2225055_vignette\"><a href=\"https:\/\/eduportfolio.org\/fichiers\/download\/2928869\/1\">Tomaz_antonio.pdf<\/a>\u00a0(642.9 ko)<\/div>\n<\/div>\n<\/div>\n","protected":false},"excerpt":{"rendered":"<p>Plano de Curso Estudos_sobre_Curriculo_2015_2.pdf\u00a0(375.7 ko) Origens dos termos Classe e Curriculum Hamilton.pdf\u00a0(576 ko) Kliebard, Burocracia e Curr\u00edculo kliebard_burocracia.pdf\u00a0(281.5 ko) Kliebard &#8211; sobre Tyler kliebard_tyler.pdf\u00a0(296.3 ko) Bourdieu &#8211; A escola conservadora http:\/\/eduportfolio.org\/fichiers\/download\/400598\/1 Educa\u00e7\u00e3o e teorias da resist\u00eancia http:\/\/eduportfolio.org\/fichiers\/download\/452658\/1 Sociologia e Teoria Cr\u00edtica do Curr\u00edculo Tomaz_antonio.pdf\u00a0(642.9 ko)<\/p>\n","protected":false},"author":297,"featured_media":0,"parent":0,"menu_order":0,"comment_status":"closed","ping_status":"closed","template":"","meta":{"footnotes":""},"class_list":["post-198","page","type-page","status-publish","hentry"],"_links":{"self":[{"href":"https:\/\/wp.ufpel.edu.br\/hypolito\/wp-json\/wp\/v2\/pages\/198","targetHints":{"allow":["GET"]}}],"collection":[{"href":"https:\/\/wp.ufpel.edu.br\/hypolito\/wp-json\/wp\/v2\/pages"}],"about":[{"href":"https:\/\/wp.ufpel.edu.br\/hypolito\/wp-json\/wp\/v2\/types\/page"}],"author":[{"embeddable":true,"href":"https:\/\/wp.ufpel.edu.br\/hypolito\/wp-json\/wp\/v2\/users\/297"}],"replies":[{"embeddable":true,"href":"https:\/\/wp.ufpel.edu.br\/hypolito\/wp-json\/wp\/v2\/comments?post=198"}],"version-history":[{"count":1,"href":"https:\/\/wp.ufpel.edu.br\/hypolito\/wp-json\/wp\/v2\/pages\/198\/revisions"}],"predecessor-version":[{"id":200,"href":"https:\/\/wp.ufpel.edu.br\/hypolito\/wp-json\/wp\/v2\/pages\/198\/revisions\/200"}],"wp:attachment":[{"href":"https:\/\/wp.ufpel.edu.br\/hypolito\/wp-json\/wp\/v2\/media?parent=198"}],"curies":[{"name":"wp","href":"https:\/\/api.w.org\/{rel}","templated":true}]}}