{"id":195,"date":"2022-04-24T17:51:02","date_gmt":"2022-04-24T20:51:02","guid":{"rendered":"https:\/\/wp.ufpel.edu.br\/hypolito\/?page_id=195"},"modified":"2022-04-24T17:51:02","modified_gmt":"2022-04-24T20:51:02","slug":"leitura-dirigida-gerencialismo-e-politicas-de-responsabilizacao","status":"publish","type":"page","link":"https:\/\/wp.ufpel.edu.br\/hypolito\/leitura-dirigida-gerencialismo-e-politicas-de-responsabilizacao\/","title":{"rendered":"LEITURA DIRIGIDA &#8211; Gerencialismo e pol\u00edticas de responsabiliza\u00e7\u00e3o"},"content":{"rendered":"<div id=\"document2545298_2564140\" class=\"document sousDocument\">\n<h4><span id=\"document_2564140_titre\" class=\"edit\">Plano de Curso<\/span><\/h4>\n<div class=\"contenu clearfix\">\n<div id=\"document_2564140_vignette\"><a href=\"https:\/\/eduportfolio.org\/fichiers\/download\/3279220\/1\">Programa Anal\u00edtico.pdf<\/a>\u00a0(223 ko)<\/div>\n<div class=\"description\">\n<div id=\"document_2564140_fichier\" class=\"consulter\"><\/div>\n<\/div>\n<\/div>\n<\/div>\n<div id=\"document2545298_2564141\" class=\"document sousDocument\">\n<h4><a id=\"document3279219\"><\/a><span id=\"document_2564141_titre\" class=\"edit\">Curr\u00edculo, Gest\u00e3o e Trabalho Docente<\/span><\/h4>\n<div class=\"contenu clearfix\">\n<div id=\"document_2564141_vignette\"><a href=\"https:\/\/eduportfolio.org\/fichiers\/download\/3279219\/1\">e_curriculu_jarbas_ceci.pdf<\/a>\u00a0(157.2 ko)<\/div>\n<div class=\"description\">\n<div id=\"document_2564141_fichier\" class=\"consulter\"><\/div>\n<\/div>\n<\/div>\n<\/div>\n<div id=\"document2545298_2564142\" class=\"document sousDocument\">\n<h4><a id=\"document3279221\"><\/a><span id=\"document_2564142_titre\" class=\"edit\">Modos de Gest\u00e3o e Pol\u00edticas de Avalia\u00e7\u00e3o<\/span><\/h4>\n<div class=\"contenu clearfix\">\n<div id=\"document_2564142_vignette\"><a href=\"https:\/\/eduportfolio.org\/fichiers\/download\/3279221\/1\">livro_flavia_formato.pdf<\/a>\u00a0(177.4 ko)<\/div>\n<div class=\"description\">\n<div id=\"document_2564142_fichier\" class=\"consulter\"><\/div>\n<\/div>\n<\/div>\n<\/div>\n<div id=\"document2545298_2564143\" class=\"document sousDocument\">\n<h4><a id=\"document3279222\"><\/a><span id=\"document_2564143_titre\" class=\"edit\">Educa\u00e7\u00e3o \u00e0 Venda<\/span><\/h4>\n<div class=\"contenu clearfix\">\n<div id=\"document_2564143_vignette\"><a href=\"https:\/\/eduportfolio.org\/fichiers\/download\/3279222\/1\">a_venda_ball.pdf<\/a>\u00a0(2.9 Mo)<\/div>\n<div class=\"description\">\n<div id=\"document_2564143_fichier\" class=\"consulter\"><\/div>\n<\/div>\n<\/div>\n<\/div>\n<div id=\"document2545298_2564144\" class=\"document sousDocument\">\n<h4><a id=\"document3279224\"><\/a><span id=\"document_2564144_titre\" class=\"edit\">New States, Governance and Education Policy<\/span><\/h4>\n<div class=\"contenu clearfix\">\n<div id=\"document_2564144_vignette\"><a href=\"http:\/\/eduportfolio.org\/fichiers\/download\/1759425\/1\">http:\/\/eduportfolio.org\/fichiers\/download\/1759425\/1<\/a><\/div>\n<div class=\"description\">\n<div id=\"document_2564144_fichier\" class=\"consulter\"><\/div>\n<\/div>\n<\/div>\n<\/div>\n<div id=\"document2545298_2564146\" class=\"document sousDocument\">\n<h4><a id=\"document3279226\"><\/a><span id=\"document_2564146_titre\" class=\"edit\">Marcos Hist\u00f3ricos na Reforma da Educa\u00e7\u00e3o<\/span><\/h4>\n<div class=\"contenu clearfix\">\n<div id=\"document_2564146_vignette\"><a href=\"http:\/\/eduportfolio.org\/fichiers\/download\/2510598\/1\">http:\/\/eduportfolio.org\/fichiers\/download\/2510598\/1<\/a><\/div>\n<div class=\"description\">\n<div id=\"document_2564146_fichier\" class=\"consulter\"><\/div>\n<\/div>\n<\/div>\n<\/div>\n<div id=\"document2545298_2564373\" class=\"document sousDocument\">\n<h4><a id=\"document3279466\"><\/a><span id=\"document_2564373_titre\" class=\"edit\">Novos Estados, Nova Governan\u00e7a<\/span><\/h4>\n<div class=\"contenu clearfix\">\n<div id=\"document_2564373_vignette\"><a href=\"https:\/\/eduportfolio.org\/fichiers\/download\/3279466\/1\">Ball_governance.pdf<\/a>\u00a0(10.1 Mo)<\/div>\n<div class=\"description\">\n<div id=\"document_2564373_fichier\" class=\"consulter\"><\/div>\n<\/div>\n<\/div>\n<\/div>\n<div id=\"document2545298_2593694\" class=\"document sousDocument\">\n<h4><a id=\"document3309513\"><\/a><span id=\"document_2593694_titre\" class=\"edit\">Estado e Governan\u00e7a<\/span><\/h4>\n<div class=\"contenu clearfix\">\n<div id=\"document_2593694_vignette\"><a href=\"https:\/\/eduportfolio.org\/fichiers\/download\/3309513\/1\">governance4.pdf<\/a>\u00a0(2 Mo)<\/div>\n<\/div>\n<\/div>\n","protected":false},"excerpt":{"rendered":"<p>Plano de Curso Programa Anal\u00edtico.pdf\u00a0(223 ko) Curr\u00edculo, Gest\u00e3o e Trabalho Docente e_curriculu_jarbas_ceci.pdf\u00a0(157.2 ko) Modos de Gest\u00e3o e Pol\u00edticas de Avalia\u00e7\u00e3o livro_flavia_formato.pdf\u00a0(177.4 ko) Educa\u00e7\u00e3o \u00e0 Venda a_venda_ball.pdf\u00a0(2.9 Mo) New States, Governance and Education Policy http:\/\/eduportfolio.org\/fichiers\/download\/1759425\/1 Marcos Hist\u00f3ricos na Reforma da Educa\u00e7\u00e3o http:\/\/eduportfolio.org\/fichiers\/download\/2510598\/1 Novos Estados, Nova Governan\u00e7a Ball_governance.pdf\u00a0(10.1 Mo) Estado e Governan\u00e7a governance4.pdf\u00a0(2 Mo)<\/p>\n","protected":false},"author":297,"featured_media":0,"parent":0,"menu_order":0,"comment_status":"closed","ping_status":"closed","template":"","meta":{"footnotes":""},"class_list":["post-195","page","type-page","status-publish","hentry"],"_links":{"self":[{"href":"https:\/\/wp.ufpel.edu.br\/hypolito\/wp-json\/wp\/v2\/pages\/195","targetHints":{"allow":["GET"]}}],"collection":[{"href":"https:\/\/wp.ufpel.edu.br\/hypolito\/wp-json\/wp\/v2\/pages"}],"about":[{"href":"https:\/\/wp.ufpel.edu.br\/hypolito\/wp-json\/wp\/v2\/types\/page"}],"author":[{"embeddable":true,"href":"https:\/\/wp.ufpel.edu.br\/hypolito\/wp-json\/wp\/v2\/users\/297"}],"replies":[{"embeddable":true,"href":"https:\/\/wp.ufpel.edu.br\/hypolito\/wp-json\/wp\/v2\/comments?post=195"}],"version-history":[{"count":1,"href":"https:\/\/wp.ufpel.edu.br\/hypolito\/wp-json\/wp\/v2\/pages\/195\/revisions"}],"predecessor-version":[{"id":197,"href":"https:\/\/wp.ufpel.edu.br\/hypolito\/wp-json\/wp\/v2\/pages\/195\/revisions\/197"}],"wp:attachment":[{"href":"https:\/\/wp.ufpel.edu.br\/hypolito\/wp-json\/wp\/v2\/media?parent=195"}],"curies":[{"name":"wp","href":"https:\/\/api.w.org\/{rel}","templated":true}]}}