{"id":192,"date":"2022-04-24T17:50:18","date_gmt":"2022-04-24T20:50:18","guid":{"rendered":"https:\/\/wp.ufpel.edu.br\/hypolito\/?page_id=192"},"modified":"2022-04-24T17:50:18","modified_gmt":"2022-04-24T20:50:18","slug":"paradigmas-sociais-da-educacao","status":"publish","type":"page","link":"https:\/\/wp.ufpel.edu.br\/hypolito\/paradigmas-sociais-da-educacao\/","title":{"rendered":"PARADIGMAS SOCIAIS DA EDUCA\u00c7\u00c3O"},"content":{"rendered":"<div id=\"section_86463_description\" class=\"description edit\">\n<p>Semin\u00e1rio Avan\u00e7ado &#8211; Linha Curr\u00edculo, Profissionaliza\u00e7\u00e3o e Trabalho Docente &#8211; Mestrado e Doutorado<\/p>\n<\/div>\n<div id=\"document86463_86504\" class=\"document sousDocument\">\n<h4><a id=\"document379172\"><\/a><span id=\"document_86504_titre\" class=\"edit\">Dandurand<\/span><\/h4>\n<div class=\"contenu clearfix\">\n<div id=\"document_86504_vignette\"><a href=\"https:\/\/eduportfolio.org\/fichiers\/download\/379172\/1\">danduran.pdf<\/a>\u00a0(211.2 ko)<\/div>\n<div class=\"description\">\n<div id=\"document_86504_fichier\" class=\"consulter\"><\/div>\n<\/div>\n<\/div>\n<\/div>\n<div id=\"document86463_86471\" class=\"document sousDocument\">\n<h4><a id=\"document188708\"><\/a><span id=\"document_86471_titre\" class=\"edit\">Zaia Brandao<\/span><\/h4>\n<div class=\"contenu clearfix\">\n<div id=\"document_86471_vignette\"><a href=\"https:\/\/eduportfolio.org\/fichiers\/download\/188708\/1\">zaia_brandao_cp.pdf<\/a>\u00a0(85 ko)<\/div>\n<div class=\"description\">\n<div id=\"document_86471_fichier\" class=\"consulter\"><\/div>\n<\/div>\n<\/div>\n<\/div>\n<div id=\"document86463_86477\" class=\"document sousDocument\">\n<h4><a id=\"document188709\"><\/a><span id=\"document_86477_titre\" class=\"edit\">Rosilda<\/span><\/h4>\n<div class=\"contenu clearfix\">\n<div id=\"document_86477_vignette\"><a href=\"https:\/\/eduportfolio.org\/fichiers\/download\/188709\/1\">artigos_rosilda_ferreira_1_.pdf<\/a>\u00a0(597.8 ko)<\/div>\n<div class=\"description\">\n<div id=\"document_86477_fichier\" class=\"consulter\"><\/div>\n<\/div>\n<\/div>\n<\/div>\n<div id=\"document86463_86478\" class=\"document sousDocument\">\n<h4><a id=\"document188710\"><\/a><span id=\"document_86478_titre\" class=\"edit\">Tomaz<\/span><\/h4>\n<div class=\"contenu clearfix\">\n<div id=\"document_86478_vignette\"><a href=\"https:\/\/eduportfolio.org\/fichiers\/download\/188710\/1\">tomaz_em_aberto.pdf<\/a>\u00a0(94.5 ko)<\/div>\n<div class=\"description\">\n<div id=\"document_86478_fichier\" class=\"consulter\"><\/div>\n<\/div>\n<\/div>\n<\/div>\n<div id=\"document86463_86506\" class=\"document sousDocument\">\n<h4><a id=\"document400598\"><\/a><span id=\"document_86506_titre\" class=\"edit\">Bourdieu<\/span><\/h4>\n<div class=\"contenu clearfix\">\n<div id=\"document_86506_vignette\">A escola conservadora: as desigualdades frente \u00e0 escola e \u00e0 cultura<\/div>\n<div class=\"description\">\n<div id=\"document_86506_fichier\" class=\"consulter\"><a href=\"https:\/\/eduportfolio.org\/fichiers\/download\/400598\/1\">bourdieu.pdf<\/a>\u00a0(354.6 ko)<span id=\"last_modified_86506\"><\/span><\/div>\n<\/div>\n<\/div>\n<\/div>\n<div id=\"document86463_86499\" class=\"document sousDocument\">\n<h4><a id=\"document404489\"><\/a><span id=\"document_86499_titre\" class=\"edit\">Texto sobre Bourdieu1<\/span><\/h4>\n<div class=\"contenu clearfix\">\n<div id=\"document_86499_vignette\"><a href=\"https:\/\/eduportfolio.org\/fichiers\/download\/404489\/1\">bourdieu maria alice.pdf<\/a>\u00a0(109.2 ko)<\/div>\n<div class=\"description\">\n<div id=\"document_86499_fichier\" class=\"consulter\"><\/div>\n<\/div>\n<\/div>\n<\/div>\n<div id=\"document86463_86480\" class=\"document sousDocument\">\n<h4><a id=\"document404490\"><\/a><span id=\"document_86480_titre\" class=\"edit\">Texto sobre Bourdieu2<\/span><\/h4>\n<div class=\"contenu clearfix\">\n<div id=\"document_86480_vignette\"><a href=\"https:\/\/eduportfolio.org\/fichiers\/download\/404490\/1\">bourdieu 2.pdf<\/a>\u00a0(106.5 ko)<\/div>\n<div class=\"description\">\n<div id=\"document_86480_fichier\" class=\"consulter\"><\/div>\n<\/div>\n<\/div>\n<\/div>\n<div id=\"document86463_86479\" class=\"document sousDocument\">\n<h4><a id=\"document404493\"><\/a><span id=\"document_86479_titre\" class=\"edit\">Texto sobre Bourdieu3<\/span><\/h4>\n<div class=\"contenu clearfix\">\n<div id=\"document_86479_vignette\"><a href=\"https:\/\/eduportfolio.org\/fichiers\/download\/404493\/1\">bourdieu 3.pdf<\/a>\u00a0(114.3 ko)<\/div>\n<div class=\"description\">\n<div id=\"document_86479_fichier\" class=\"consulter\"><\/div>\n<\/div>\n<\/div>\n<\/div>\n<div id=\"document86463_86487\" class=\"document sousDocument\">\n<h4><a id=\"document404494\"><\/a><span id=\"document_86487_titre\" class=\"edit\">Texto sobre Bourdieu4<\/span><\/h4>\n<div class=\"contenu clearfix\">\n<div id=\"document_86487_vignette\"><a href=\"https:\/\/eduportfolio.org\/fichiers\/download\/404494\/1\">bourdieu 4.pdf<\/a>\u00a0(83.6 ko)<\/div>\n<div class=\"description\">\n<div id=\"document_86487_fichier\" class=\"consulter\"><\/div>\n<\/div>\n<\/div>\n<\/div>\n<div id=\"document86463_2800420\" class=\"document sousDocument\">\n<h4><a id=\"document3528831\"><\/a><span id=\"document_2800420_titre\" class=\"edit\">Bourdieu &#8211; campo cient\u00edfico<\/span><\/h4>\n<div class=\"contenu clearfix\">\n<div id=\"document_2800420_vignette\"><a href=\"https:\/\/eduportfolio.org\/fichiers\/download\/3528831\/1\">manuela_bourdieu.pdf<\/a>\u00a0(926.4 ko)<\/div>\n<div class=\"description\">\n<div id=\"document_2800420_fichier\" class=\"consulter\"><\/div>\n<\/div>\n<\/div>\n<\/div>\n<div id=\"document86463_86507\" class=\"document sousDocument\">\n<h4><a id=\"document405955\"><\/a><span id=\"document_86507_titre\" class=\"edit\">Sobre Bernstein<\/span><\/h4>\n<div class=\"contenu clearfix\">\n<div id=\"document_86507_vignette\"><a href=\"https:\/\/eduportfolio.org\/fichiers\/download\/405955\/1\">bernstein_luciola.pdf<\/a>\u00a0(85.5 ko)<\/div>\n<div class=\"description\">\n<div id=\"document_86507_fichier\" class=\"consulter\"><\/div>\n<\/div>\n<\/div>\n<\/div>\n<div id=\"document86463_2822607\" class=\"document sousDocument\">\n<h4><a id=\"document3552534\"><\/a><span id=\"document_2822607_titre\" class=\"edit\">Nova Sociologia da Educa\u00e7\u00e3o<\/span><\/h4>\n<div class=\"contenu clearfix\">\n<div id=\"document_2822607_vignette\"><a href=\"https:\/\/eduportfolio.org\/fichiers\/download\/3552534\/1\">Young_E_R.pdf<\/a>\u00a0(556.7 ko)<\/div>\n<div class=\"description\">\n<div id=\"document_2822607_fichier\" class=\"consulter\"><\/div>\n<\/div>\n<\/div>\n<\/div>\n<div id=\"document86463_3268477\" class=\"document sousDocument\">\n<h4><a id=\"document4014685\"><\/a><span id=\"document_3268477_titre\" class=\"edit\">Tomaz 2<\/span><\/h4>\n<div class=\"contenu clearfix\">\n<div id=\"document_3268477_vignette\"><a href=\"https:\/\/seer.ufrgs.br\/educacaoerealidade\/issue\/download\/3064\/330\">https:\/\/seer.ufrgs.br\/educacaoerealidade\/issue\/download\/3064\/330<\/a><\/div>\n<div class=\"description\">\n<div id=\"document_3268477_fichier\" class=\"consulter\"><\/div>\n<\/div>\n<\/div>\n<\/div>\n<div id=\"document86463_86508\" class=\"document sousDocument\">\n<h4><a id=\"document452658\"><\/a><span id=\"document_86508_titre\" class=\"edit\">Educa\u00e7\u00e3o e Teorias da Resit\u00eancia<\/span><\/h4>\n<div class=\"contenu clearfix\">\n<div id=\"document_86508_vignette\"><a href=\"https:\/\/eduportfolio.org\/fichiers\/download\/452658\/1\">enguita.pdf<\/a>\u00a0(568.7 ko)<\/div>\n<div class=\"description\">\n<div id=\"document_86508_fichier\" class=\"consulter\"><\/div>\n<\/div>\n<\/div>\n<\/div>\n<div id=\"document86463_405870\" class=\"document sousDocument\">\n<h4><a id=\"document1055376\"><\/a><span id=\"document_405870_titre\" class=\"edit\">Estudos Culturais 1<\/span><\/h4>\n<div class=\"contenu clearfix\">\n<div id=\"document_405870_vignette\"><a href=\"https:\/\/eduportfolio.org\/fichiers\/download\/1055376\/1\">Renato_ortiz.pdf<\/a>\u00a0(562.2 ko)<\/div>\n<div class=\"description\">\n<div id=\"document_405870_fichier\" class=\"consulter\"><\/div>\n<\/div>\n<\/div>\n<\/div>\n<div id=\"document86463_405871\" class=\"document sousDocument\">\n<h4><a id=\"document1055377\"><\/a><span id=\"document_405871_titre\" class=\"edit\">Estudos Culturais 2<\/span><\/h4>\n<div class=\"contenu clearfix\">\n<div id=\"document_405871_vignette\"><a href=\"https:\/\/eduportfolio.org\/fichiers\/download\/1055377\/1\">marisa_sommer.pdf<\/a>\u00a0(356.6 ko)<\/div>\n<div class=\"description\">\n<div id=\"document_405871_fichier\" class=\"consulter\"><\/div>\n<\/div>\n<\/div>\n<\/div>\n<div id=\"document86463_86509\" class=\"document sousDocument\">\n<h4><a id=\"document459755\"><\/a><span id=\"document_86509_titre\" class=\"edit\">Apple<\/span><\/h4>\n<div class=\"contenu clearfix\">\n<div id=\"document_86509_vignette\">Texto sobre a Sociologia cr\u00edtica nos EUA<\/div>\n<div class=\"description\">\n<div id=\"document_86509_fichier\" class=\"consulter\"><a href=\"https:\/\/eduportfolio.org\/fichiers\/download\/459755\/1\">Apple sociology EUA.pdf<\/a>\u00a0(360.5 ko)<span id=\"last_modified_86509\"><\/span><\/div>\n<\/div>\n<\/div>\n<\/div>\n<div id=\"document86463_3224233\" class=\"document sousDocument\">\n<h4><a id=\"document3968660\"><\/a><span id=\"document_3224233_titre\" class=\"edit\">Plano da Disciplina<\/span><\/h4>\n<div class=\"contenu clearfix\">\n<div id=\"document_3224233_vignette\"><a href=\"https:\/\/eduportfolio.org\/fichiers\/download\/3968660\/1\">Parametros_plano.pdf<\/a>\u00a0(182.9 ko)<\/div>\n<\/div>\n<\/div>\n","protected":false},"excerpt":{"rendered":"<p>Semin\u00e1rio Avan\u00e7ado &#8211; Linha Curr\u00edculo, Profissionaliza\u00e7\u00e3o e Trabalho Docente &#8211; Mestrado e Doutorado Dandurand danduran.pdf\u00a0(211.2 ko) Zaia Brandao zaia_brandao_cp.pdf\u00a0(85 ko) Rosilda artigos_rosilda_ferreira_1_.pdf\u00a0(597.8 ko) Tomaz tomaz_em_aberto.pdf\u00a0(94.5 ko) Bourdieu A escola conservadora: as desigualdades frente \u00e0 escola e \u00e0 cultura bourdieu.pdf\u00a0(354.6 ko) Texto sobre Bourdieu1 bourdieu maria alice.pdf\u00a0(109.2 ko) Texto sobre Bourdieu2 bourdieu 2.pdf\u00a0(106.5 ko) Texto sobre [&hellip;]<\/p>\n","protected":false},"author":297,"featured_media":0,"parent":0,"menu_order":0,"comment_status":"closed","ping_status":"closed","template":"","meta":{"footnotes":""},"class_list":["post-192","page","type-page","status-publish","hentry"],"_links":{"self":[{"href":"https:\/\/wp.ufpel.edu.br\/hypolito\/wp-json\/wp\/v2\/pages\/192","targetHints":{"allow":["GET"]}}],"collection":[{"href":"https:\/\/wp.ufpel.edu.br\/hypolito\/wp-json\/wp\/v2\/pages"}],"about":[{"href":"https:\/\/wp.ufpel.edu.br\/hypolito\/wp-json\/wp\/v2\/types\/page"}],"author":[{"embeddable":true,"href":"https:\/\/wp.ufpel.edu.br\/hypolito\/wp-json\/wp\/v2\/users\/297"}],"replies":[{"embeddable":true,"href":"https:\/\/wp.ufpel.edu.br\/hypolito\/wp-json\/wp\/v2\/comments?post=192"}],"version-history":[{"count":1,"href":"https:\/\/wp.ufpel.edu.br\/hypolito\/wp-json\/wp\/v2\/pages\/192\/revisions"}],"predecessor-version":[{"id":194,"href":"https:\/\/wp.ufpel.edu.br\/hypolito\/wp-json\/wp\/v2\/pages\/192\/revisions\/194"}],"wp:attachment":[{"href":"https:\/\/wp.ufpel.edu.br\/hypolito\/wp-json\/wp\/v2\/media?parent=192"}],"curies":[{"name":"wp","href":"https:\/\/api.w.org\/{rel}","templated":true}]}}