{"id":189,"date":"2022-04-24T17:48:36","date_gmt":"2022-04-24T20:48:36","guid":{"rendered":"https:\/\/wp.ufpel.edu.br\/hypolito\/?page_id=189"},"modified":"2022-04-24T17:48:36","modified_gmt":"2022-04-24T20:48:36","slug":"teorias-de-estado-e-reformas-educacionais","status":"publish","type":"page","link":"https:\/\/wp.ufpel.edu.br\/hypolito\/teorias-de-estado-e-reformas-educacionais\/","title":{"rendered":"TEORIAS DE ESTADO E REFORMAS EDUCACIONAIS"},"content":{"rendered":"<div id=\"document2866337_2866427\" class=\"document sousDocument\">\n<h4><span id=\"document_2866427_titre\" class=\"edit\">Plano de Ensino<\/span><\/h4>\n<div class=\"contenu clearfix\">\n<div id=\"document_2866427_vignette\"><a href=\"https:\/\/eduportfolio.org\/fichiers\/download\/3597291\/1\">Plano_de_ensino_2017_2_final.pdf<\/a>\u00a0(167.1 ko)<\/div>\n<div class=\"description\">\n<div id=\"document_2866427_fichier\" class=\"consulter\"><\/div>\n<\/div>\n<\/div>\n<\/div>\n<div id=\"document2866337_2872830\" class=\"document sousDocument\">\n<h4><a id=\"document3603950\"><\/a><span id=\"document_2872830_titre\" class=\"edit\">Sally Power<\/span><\/h4>\n<div class=\"contenu clearfix\">\n<div id=\"document_2872830_vignette\"><a href=\"https:\/\/eduportfolio.org\/fichiers\/download\/3603950\/1\">Sally_Power_O_detalhe.pdf<\/a>\u00a0(157 ko)<\/div>\n<div class=\"description\">\n<div id=\"document_2872830_fichier\" class=\"consulter\"><\/div>\n<\/div>\n<\/div>\n<\/div>\n<div id=\"document2866337_2885097\" class=\"document sousDocument\">\n<h4><a id=\"document3616791\"><\/a><span id=\"document_2885097_titre\" class=\"edit\">Estado de Bem-estar social 1<\/span><\/h4>\n<div class=\"contenu clearfix\">\n<div id=\"document_2885097_vignette\"><a href=\"http:\/\/eduportfolio.org\/fichiers\/download\/1281683\/1\">http:\/\/eduportfolio.org\/fichiers\/download\/1281683\/1<\/a><\/div>\n<div class=\"description\">\n<div id=\"document_2885097_fichier\" class=\"consulter\"><\/div>\n<\/div>\n<\/div>\n<\/div>\n<div id=\"document2866337_2885098\" class=\"document sousDocument\">\n<h4><a id=\"document3616803\"><\/a><span id=\"document_2885098_titre\" class=\"edit\">Estado de Bem-estar social 2<\/span><\/h4>\n<div class=\"contenu clearfix\">\n<div id=\"document_2885098_vignette\"><a href=\"http:\/\/eduportfolio.org\/fichiers\/download\/1281684\/1\">http:\/\/eduportfolio.org\/fichiers\/download\/1281684\/1<\/a><\/div>\n<div class=\"description\">\n<div id=\"document_2885098_fichier\" class=\"consulter\"><\/div>\n<\/div>\n<\/div>\n<\/div>\n<div id=\"document2866337_3300125\" class=\"document sousDocument\">\n<h4><a id=\"document4047965\"><\/a><span id=\"document_3300125_titre\" class=\"edit\">Modelos organizacionais e reformas da Administra\u00e7\u00e3o P\u00fablica<\/span><\/h4>\n<div class=\"contenu clearfix\">\n<div id=\"document_3300125_vignette\"><a href=\"https:\/\/eduportfolio.org\/fichiers\/download\/1281685\/1\">https:\/\/eduportfolio.org\/fichiers\/download\/1281685\/1<\/a><\/div>\n<div class=\"description\">\n<div id=\"document_3300125_fichier\" class=\"consulter\"><\/div>\n<\/div>\n<\/div>\n<\/div>\n<div id=\"document2866337_3300126\" class=\"document sousDocument\">\n<h4><a id=\"document4047967\"><\/a><span id=\"document_3300126_titre\" class=\"edit\">Administra\u00e7\u00e3o P\u00fablica Brasileira &#8211; Ana Paula<\/span><\/h4>\n<div class=\"contenu clearfix\">\n<div id=\"document_3300126_vignette\"><a href=\"https:\/\/eduportfolio.org\/fichiers\/download\/1281687\/1\">https:\/\/eduportfolio.org\/fichiers\/download\/1281687\/1<\/a><\/div>\n<div class=\"description\">\n<div id=\"document_3300126_fichier\" class=\"consulter\"><\/div>\n<\/div>\n<\/div>\n<\/div>\n<div id=\"document2866337_3297725\" class=\"document sousDocument\">\n<h4><a id=\"document4045332\"><\/a><span id=\"document_3297725_titre\" class=\"edit\">A reforma dos anos 90 &#8211; Bresser<\/span><\/h4>\n<div class=\"contenu clearfix\">\n<div id=\"document_3297725_vignette\"><a href=\"http:\/\/eduportfolio.org\/fichiers\/download\/1281691\/1\">http:\/\/eduportfolio.org\/fichiers\/download\/1281691\/1<\/a><\/div>\n<div class=\"description\">\n<div id=\"document_3297725_fichier\" class=\"consulter\"><\/div>\n<\/div>\n<\/div>\n<\/div>\n<div id=\"document2866337_3300127\" class=\"document sousDocument\">\n<h4><a id=\"document4047971\"><\/a><span id=\"document_3300127_titre\" class=\"edit\">Estado, Globaliza\u00e7ao e Po\u00edticas Educacionais<\/span><\/h4>\n<div class=\"contenu clearfix\">\n<div id=\"document_3300127_vignette\"><a href=\"https:\/\/eduportfolio.org\/fichiers\/download\/3793799\/1\">https:\/\/eduportfolio.org\/fichiers\/download\/3793799\/1<\/a><\/div>\n<div class=\"description\">\n<div id=\"document_3300127_fichier\" class=\"consulter\"><\/div>\n<\/div>\n<\/div>\n<\/div>\n<div id=\"document2866337_3300129\" class=\"document sousDocument\">\n<h4><a id=\"document4047972\"><\/a><span id=\"document_3300129_titre\" class=\"edit\">Estado Gerencial<\/span><\/h4>\n<div class=\"contenu clearfix\">\n<div id=\"document_3300129_vignette\"><a href=\"http:\/\/eduportfolio.org\/fichiers\/download\/3539880\/1\">http:\/\/eduportfolio.org\/fichiers\/download\/3539880\/1<\/a><\/div>\n<div class=\"description\">\n<div id=\"document_3300129_fichier\" class=\"consulter\"><\/div>\n<\/div>\n<\/div>\n<\/div>\n<div id=\"document2866337_3300130\" class=\"document sousDocument\">\n<h4><a id=\"document4047973\"><\/a><span id=\"document_3300130_titre\" class=\"edit\">Gerencialismo e Pol\u00edtica Educacional em um contexto Global<\/span><\/h4>\n<div class=\"contenu clearfix\">\n<div id=\"document_3300130_vignette\"><a href=\"http:\/\/eduportfolio.org\/fichiers\/download\/1332314\/1\">http:\/\/eduportfolio.org\/fichiers\/download\/1332314\/1<\/a><\/div>\n<div class=\"description\">\n<div id=\"document_3300130_fichier\" class=\"consulter\"><\/div>\n<\/div>\n<\/div>\n<\/div>\n<div id=\"document2866337_3300128\" class=\"document sousDocument\">\n<h4><a id=\"document4047968\"><\/a><span id=\"document_3300128_titre\" class=\"edit\">Estado e Governan\u00e7a (Portugu\u00eas)<\/span><\/h4>\n<div class=\"contenu clearfix\">\n<div id=\"document_3300128_vignette\"><a href=\"http:\/\/eduportfolio.org\/fichiers\/download\/3309513\/1\">http:\/\/eduportfolio.org\/fichiers\/download\/3309513\/1<\/a><\/div>\n<div class=\"description\">\n<div id=\"document_3300128_fichier\" class=\"consulter\"><\/div>\n<\/div>\n<\/div>\n<\/div>\n<div id=\"document2866337_2885099\" class=\"document sousDocument\">\n<h4><a id=\"document3616806\"><\/a><span id=\"document_2885099_titre\" class=\"edit\">Debate Ball &#8211; Hatcher<\/span><\/h4>\n<div class=\"contenu clearfix\">\n<div id=\"document_2885099_vignette\"><a href=\"https:\/\/eduportfolio.org\/fichiers\/download\/3616806\/1\">hatcher1994.pdf<\/a>\u00a0(1.2 Mo)<\/div>\n<div class=\"description\">\n<div id=\"document_2885099_fichier\" class=\"consulter\"><\/div>\n<\/div>\n<\/div>\n<\/div>\n<div id=\"document2866337_2885100\" class=\"document sousDocument\">\n<h4><a id=\"document3616808\"><\/a><span id=\"document_2885100_titre\" class=\"edit\">Debate Ball &#8211; Hatcher 2<\/span><\/h4>\n<div class=\"contenu clearfix\">\n<div id=\"document_2885100_vignette\"><a href=\"https:\/\/eduportfolio.org\/fichiers\/download\/3616808\/1\">ball1994.pdf<\/a>\u00a0(903.1 ko)<\/div>\n<\/div>\n<\/div>\n","protected":false},"excerpt":{"rendered":"<p>Plano de Ensino Plano_de_ensino_2017_2_final.pdf\u00a0(167.1 ko) Sally Power Sally_Power_O_detalhe.pdf\u00a0(157 ko) Estado de Bem-estar social 1 http:\/\/eduportfolio.org\/fichiers\/download\/1281683\/1 Estado de Bem-estar social 2 http:\/\/eduportfolio.org\/fichiers\/download\/1281684\/1 Modelos organizacionais e reformas da Administra\u00e7\u00e3o P\u00fablica https:\/\/eduportfolio.org\/fichiers\/download\/1281685\/1 Administra\u00e7\u00e3o P\u00fablica Brasileira &#8211; Ana Paula https:\/\/eduportfolio.org\/fichiers\/download\/1281687\/1 A reforma dos anos 90 &#8211; Bresser http:\/\/eduportfolio.org\/fichiers\/download\/1281691\/1 Estado, Globaliza\u00e7ao e Po\u00edticas Educacionais https:\/\/eduportfolio.org\/fichiers\/download\/3793799\/1 Estado Gerencial http:\/\/eduportfolio.org\/fichiers\/download\/3539880\/1 Gerencialismo e [&hellip;]<\/p>\n","protected":false},"author":297,"featured_media":0,"parent":0,"menu_order":0,"comment_status":"closed","ping_status":"closed","template":"","meta":{"footnotes":""},"class_list":["post-189","page","type-page","status-publish","hentry"],"_links":{"self":[{"href":"https:\/\/wp.ufpel.edu.br\/hypolito\/wp-json\/wp\/v2\/pages\/189","targetHints":{"allow":["GET"]}}],"collection":[{"href":"https:\/\/wp.ufpel.edu.br\/hypolito\/wp-json\/wp\/v2\/pages"}],"about":[{"href":"https:\/\/wp.ufpel.edu.br\/hypolito\/wp-json\/wp\/v2\/types\/page"}],"author":[{"embeddable":true,"href":"https:\/\/wp.ufpel.edu.br\/hypolito\/wp-json\/wp\/v2\/users\/297"}],"replies":[{"embeddable":true,"href":"https:\/\/wp.ufpel.edu.br\/hypolito\/wp-json\/wp\/v2\/comments?post=189"}],"version-history":[{"count":1,"href":"https:\/\/wp.ufpel.edu.br\/hypolito\/wp-json\/wp\/v2\/pages\/189\/revisions"}],"predecessor-version":[{"id":191,"href":"https:\/\/wp.ufpel.edu.br\/hypolito\/wp-json\/wp\/v2\/pages\/189\/revisions\/191"}],"wp:attachment":[{"href":"https:\/\/wp.ufpel.edu.br\/hypolito\/wp-json\/wp\/v2\/media?parent=189"}],"curies":[{"name":"wp","href":"https:\/\/api.w.org\/{rel}","templated":true}]}}