{"id":184,"date":"2022-04-24T17:42:26","date_gmt":"2022-04-24T20:42:26","guid":{"rendered":"https:\/\/wp.ufpel.edu.br\/hypolito\/?page_id=184"},"modified":"2022-04-24T17:45:22","modified_gmt":"2022-04-24T20:45:22","slug":"reestruturacao-educacional-gestao-e-trabalho-docente","status":"publish","type":"page","link":"https:\/\/wp.ufpel.edu.br\/hypolito\/reestruturacao-educacional-gestao-e-trabalho-docente\/","title":{"rendered":"REESTRUTURA\u00c7\u00c3O EDUCACIONAL, GEST\u00c3O E TRABALHO DOCENTE"},"content":{"rendered":"<div id=\"document3036292_3047682\" class=\"document sousDocument\">\n<h4><span id=\"document_3047682_titre\" class=\"edit\">Plano da disciplina<\/span><\/h4>\n<div class=\"contenu clearfix\">\n<div id=\"document_3047682_vignette\"><a href=\"https:\/\/eduportfolio.org\/fichiers\/download\/3783914\/1\">plano_disc<\/a>\u00a0(99.3 ko)<\/div>\n<div class=\"description\">\n<div id=\"document_3047682_fichier\" class=\"consulter\"><\/div>\n<\/div>\n<\/div>\n<\/div>\n<div id=\"document3036292_3036294\" class=\"document sousDocument\">\n<h4><a id=\"document3771738\"><\/a><span id=\"document_3036294_titre\" class=\"edit\">Estado de Bem-Estar Social &#8211; Fiori<\/span><\/h4>\n<div class=\"contenu clearfix\">\n<div id=\"document_3036294_vignette\"><a href=\"https:\/\/eduportfolio.org\/fichiers\/download\/1281683\/1\">https:\/\/eduportfolio.org\/fichiers\/download\/1281683\/1<\/a><\/div>\n<div class=\"description\">\n<div id=\"document_3036294_fichier\" class=\"consulter\"><\/div>\n<\/div>\n<\/div>\n<\/div>\n<div id=\"document3036292_3036295\" class=\"document sousDocument\">\n<h4><a id=\"document3771739\"><\/a><span id=\"document_3036295_titre\" class=\"edit\">Conflito Social e Welfare State &#8211; Gomes<\/span><\/h4>\n<div class=\"contenu clearfix\">\n<div id=\"document_3036295_vignette\"><a href=\"https:\/\/eduportfolio.org\/fichiers\/download\/1281684\/1\">https:\/\/eduportfolio.org\/fichiers\/download\/1281684\/1<\/a><\/div>\n<div class=\"description\">\n<div id=\"document_3036295_fichier\" class=\"consulter\"><\/div>\n<\/div>\n<\/div>\n<\/div>\n<div id=\"document3036292_3036296\" class=\"document sousDocument\">\n<h4><a id=\"document3771740\"><\/a><span id=\"document_3036296_titre\" class=\"edit\">Modelos organizacionais e reformas da administra\u00e7\u00e3o p\u00fablica &#8211; Secchi<\/span><\/h4>\n<div class=\"contenu clearfix\">\n<div id=\"document_3036296_vignette\"><a href=\"https:\/\/eduportfolio.org\/fichiers\/download\/1281685\/1\">https:\/\/eduportfolio.org\/fichiers\/download\/1281685\/1<\/a><\/div>\n<div class=\"description\">\n<div id=\"document_3036296_fichier\" class=\"consulter\"><\/div>\n<\/div>\n<\/div>\n<\/div>\n<div id=\"document3036292_3036297\" class=\"document sousDocument\">\n<h4><a id=\"document3771741\"><\/a><span id=\"document_3036297_titre\" class=\"edit\">Administra\u00e7\u00e3o P\u00fablica Brasileira &#8211; Ana Paula<\/span><\/h4>\n<div class=\"contenu clearfix\">\n<div id=\"document_3036297_vignette\"><a href=\"https:\/\/eduportfolio.org\/fichiers\/download\/1281687\/1\">https:\/\/eduportfolio.org\/fichiers\/download\/1281687\/1<\/a><\/div>\n<div class=\"description\">\n<div id=\"document_3036297_fichier\" class=\"consulter\"><\/div>\n<\/div>\n<\/div>\n<\/div>\n<div id=\"document3036292_3047683\" class=\"document sousDocument\">\n<h4><a id=\"document3783916\"><\/a><span id=\"document_3047683_titre\" class=\"edit\">Estado e Governan\u00e7a (ingl\u00eas)<\/span><\/h4>\n<div class=\"contenu clearfix\">\n<div id=\"document_3047683_vignette\"><a href=\"https:\/\/eduportfolio.org\/fichiers\/download\/3783916\/1\">ball_governance.pdf<\/a>\u00a0(424.6 ko)<\/div>\n<div class=\"description\">\n<div id=\"document_3047683_fichier\" class=\"consulter\"><\/div>\n<\/div>\n<\/div>\n<\/div>\n<div id=\"document3036292_3047684\" class=\"document sousDocument\">\n<h4><a id=\"document3783918\"><\/a><span id=\"document_3047684_titre\" class=\"edit\">Estado e Governan\u00e7a (Portugu\u00eas)<\/span><\/h4>\n<div class=\"contenu clearfix\">\n<div id=\"document_3047684_vignette\"><a href=\"http:\/\/eduportfolio.org\/fichiers\/download\/3309513\/1\">http:\/\/eduportfolio.org\/fichiers\/download\/3309513\/1<\/a><\/div>\n<div class=\"description\">\n<div id=\"document_3047684_fichier\" class=\"consulter\"><\/div>\n<\/div>\n<\/div>\n<\/div>\n<div id=\"document3036292_3047685\" class=\"document sousDocument\">\n<h4><a id=\"document3783921\"><\/a><span id=\"document_3047685_titre\" class=\"edit\">Estado Gerencial<\/span><\/h4>\n<div class=\"contenu clearfix\">\n<div id=\"document_3047685_vignette\"><a href=\"http:\/\/eduportfolio.org\/fichiers\/download\/3539880\/1\">http:\/\/eduportfolio.org\/fichiers\/download\/3539880\/1<\/a><\/div>\n<div class=\"description\">\n<div id=\"document_3047685_fichier\" class=\"consulter\"><\/div>\n<\/div>\n<\/div>\n<\/div>\n<div id=\"document3036292_3056998\" class=\"document sousDocument\">\n<h4><a id=\"document3793795\"><\/a><span id=\"document_3056998_titre\" class=\"edit\">Gerencialismo e Pol\u00edtica Educacional em um contexto Global<\/span><\/h4>\n<div class=\"contenu clearfix\">\n<div id=\"document_3056998_vignette\"><a href=\"http:\/\/eduportfolio.org\/fichiers\/download\/1332314\/1\">http:\/\/eduportfolio.org\/fichiers\/download\/1332314\/1<\/a><\/div>\n<div class=\"description\">\n<div id=\"document_3056998_fichier\" class=\"consulter\"><\/div>\n<\/div>\n<\/div>\n<\/div>\n<div id=\"document3036292_3056999\" class=\"document sousDocument\">\n<h4><a id=\"document3793799\"><\/a><span id=\"document_3056999_titre\" class=\"edit\">Estado, Globaliza\u00e7ao e Po\u00edticas Educacionais<\/span><\/h4>\n<div class=\"contenu clearfix\">\n<div id=\"document_3056999_vignette\"><a href=\"https:\/\/eduportfolio.org\/fichiers\/download\/3793799\/1\">estado globaliza\u00e7\u00e3o e politicas educacionais.pdf<\/a>\u00a0(17.1 Mo)<\/div>\n<div class=\"description\">\n<div id=\"document_3056999_fichier\" class=\"consulter\"><\/div>\n<\/div>\n<\/div>\n<\/div>\n<div id=\"document3036292_3071360\" class=\"document sousDocument\">\n<h4><a id=\"document3809000\"><\/a><span id=\"document_3071360_titre\" class=\"edit\">Reestrutura\u00e7\u00e3o curricular e autointensifica\u00e7\u00e3o do trabalho docente<\/span><\/h4>\n<div class=\"contenu clearfix\">\n<div id=\"document_3071360_vignette\"><a href=\"https:\/\/eduportfolio.org\/fichiers\/download\/3809000\/1\">hypolito_vieira_pizzi.pdf<\/a>\u00a0(186.4 ko)<\/div>\n<div class=\"description\">\n<div id=\"document_3071360_fichier\" class=\"consulter\"><\/div>\n<\/div>\n<\/div>\n<\/div>\n<div id=\"document3036292_3076418\" class=\"document sousDocument\">\n<h4><a id=\"document3814348\"><\/a><span id=\"document_3076418_titre\" class=\"edit\">Docentes e Re-territoriza\u00e7\u00e3o<\/span><\/h4>\n<div class=\"contenu clearfix\">\n<div id=\"document_3076418_vignette\"><a href=\"https:\/\/eduportfolio.org\/fichiers\/download\/1332311\/1\">https:\/\/eduportfolio.org\/fichiers\/download\/1332311\/1<\/a><\/div>\n<div class=\"description\">\n<div id=\"document_3076418_fichier\" class=\"consulter\"><\/div>\n<\/div>\n<\/div>\n<\/div>\n<div id=\"document3036292_3076419\" class=\"document sousDocument\">\n<h4><a id=\"document3814345\"><\/a><span id=\"document_3076419_titre\" class=\"edit\">Os professores e a fabrica\u00e7\u00e3o de identidades<\/span><\/h4>\n<div class=\"contenu clearfix\">\n<div id=\"document_3076419_vignette\"><a href=\"https:\/\/eduportfolio.org\/fichiers\/download\/1332312\/1\">https:\/\/eduportfolio.org\/fichiers\/download\/1332312\/1<\/a><\/div>\n<div class=\"description\">\n<div id=\"document_3076419_fichier\" class=\"consulter\"><\/div>\n<\/div>\n<\/div>\n<\/div>\n<div id=\"document3036292_3076420\" class=\"document sousDocument\">\n<h4><a id=\"document3814344\"><\/a><span id=\"document_3076420_titre\" class=\"edit\">Fabrica\u00e7\u00e3o de Identidades Docentes<\/span><\/h4>\n<div class=\"contenu clearfix\">\n<div id=\"document_3076420_vignette\"><a href=\"https:\/\/eduportfolio.org\/fichiers\/download\/1332313\/1\">https:\/\/eduportfolio.org\/fichiers\/download\/1332313\/1<\/a><\/div>\n<\/div>\n<\/div>\n","protected":false},"excerpt":{"rendered":"<p>Plano da disciplina plano_disc\u00a0(99.3 ko) Estado de Bem-Estar Social &#8211; Fiori https:\/\/eduportfolio.org\/fichiers\/download\/1281683\/1 Conflito Social e Welfare State &#8211; Gomes https:\/\/eduportfolio.org\/fichiers\/download\/1281684\/1 Modelos organizacionais e reformas da administra\u00e7\u00e3o p\u00fablica &#8211; Secchi https:\/\/eduportfolio.org\/fichiers\/download\/1281685\/1 Administra\u00e7\u00e3o P\u00fablica Brasileira &#8211; Ana Paula https:\/\/eduportfolio.org\/fichiers\/download\/1281687\/1 Estado e Governan\u00e7a (ingl\u00eas) ball_governance.pdf\u00a0(424.6 ko) Estado e Governan\u00e7a (Portugu\u00eas) http:\/\/eduportfolio.org\/fichiers\/download\/3309513\/1 Estado Gerencial http:\/\/eduportfolio.org\/fichiers\/download\/3539880\/1 Gerencialismo e Pol\u00edtica Educacional [&hellip;]<\/p>\n","protected":false},"author":297,"featured_media":0,"parent":0,"menu_order":0,"comment_status":"closed","ping_status":"closed","template":"","meta":{"footnotes":""},"class_list":["post-184","page","type-page","status-publish","hentry"],"_links":{"self":[{"href":"https:\/\/wp.ufpel.edu.br\/hypolito\/wp-json\/wp\/v2\/pages\/184","targetHints":{"allow":["GET"]}}],"collection":[{"href":"https:\/\/wp.ufpel.edu.br\/hypolito\/wp-json\/wp\/v2\/pages"}],"about":[{"href":"https:\/\/wp.ufpel.edu.br\/hypolito\/wp-json\/wp\/v2\/types\/page"}],"author":[{"embeddable":true,"href":"https:\/\/wp.ufpel.edu.br\/hypolito\/wp-json\/wp\/v2\/users\/297"}],"replies":[{"embeddable":true,"href":"https:\/\/wp.ufpel.edu.br\/hypolito\/wp-json\/wp\/v2\/comments?post=184"}],"version-history":[{"count":3,"href":"https:\/\/wp.ufpel.edu.br\/hypolito\/wp-json\/wp\/v2\/pages\/184\/revisions"}],"predecessor-version":[{"id":187,"href":"https:\/\/wp.ufpel.edu.br\/hypolito\/wp-json\/wp\/v2\/pages\/184\/revisions\/187"}],"wp:attachment":[{"href":"https:\/\/wp.ufpel.edu.br\/hypolito\/wp-json\/wp\/v2\/media?parent=184"}],"curies":[{"name":"wp","href":"https:\/\/api.w.org\/{rel}","templated":true}]}}