{"id":174,"date":"2022-04-24T09:04:15","date_gmt":"2022-04-24T12:04:15","guid":{"rendered":"https:\/\/wp.ufpel.edu.br\/hypolito\/?page_id=174"},"modified":"2022-04-24T17:35:42","modified_gmt":"2022-04-24T20:35:42","slug":"textos","status":"publish","type":"page","link":"https:\/\/wp.ufpel.edu.br\/hypolito\/pagina-exemplo\/entrevistas\/textos\/","title":{"rendered":"Textos"},"content":{"rendered":"<div id=\"document1691406_1691410\" class=\"document\">\n<div class=\"contenu clearfix\">\n<div class=\"description\">\n<div id=\"document_1691410_fichier\" class=\"consulter\"><span style=\"font-size: 1.4em; font-weight: bold;\">Trabalho Docente e Desafios na atualidade: Entrevista com \u00c1lvaro Moreira Hypolito<\/span><\/div>\n<\/div>\n<\/div>\n<\/div>\n<div id=\"document1691406_3300135\" class=\"document\">\n<div class=\"contenu clearfix\">\n<div id=\"document_3300135_vignette\"><a href=\"http:\/\/dx.doi.org\/10.21879\/faeeba2358-0194.2019.v28.n55.p183-201\">http:\/\/dx.doi.org\/10.21879\/faeeba2358-0194.2019.v28.n55.p183-201<\/a><\/div>\n<div class=\"description\">\n<div id=\"document_3300135_fichier\" class=\"consulter\"><\/div>\n<\/div>\n<\/div>\n<\/div>\n<div id=\"document1691406_3300141\" class=\"document\">\n<h4><span id=\"document_3300141_titre\" class=\"edit\">Entrevista com \u00c1lvaro Moreira Hypolito:Teoria e Pesquisa do Curr\u00edculo<\/span><\/h4>\n<div class=\"contenu clearfix\">\n<div id=\"document_3300141_vignette\"><a href=\"https:\/\/eduportfolio.org\/fichiers\/download\/4047987\/1\">5292_30599_1_PB.pdf<\/a>\u00a0(354.2 ko)<\/div>\n<div class=\"description\">\n<div id=\"document_3300141_fichier\" class=\"consulter\"><\/div>\n<\/div>\n<\/div>\n<\/div>\n<div id=\"document1691406_3300142\" class=\"document\">\n<h4><span id=\"document_3300142_titre\" class=\"edit\">Trabalho Docente na Am\u00e9rica Latina: Desafios ao campo da pesquisa e \u00e0s pol\u00edticas educacionais<\/span><\/h4>\n<div class=\"contenu clearfix\">\n<div id=\"document_3300142_vignette\">Entrevista com Dalila Andrade Oliveira e \u00c1lvaro Moreira Hypolito<\/div>\n<div class=\"description\">\n<div id=\"document_3300142_fichier\" class=\"consulter\"><a href=\"http:\/\/www.seer.ufu.br\/index.php\/revistaeducaopoliticas\/article\/view\/21897\/12107\">http:\/\/www.seer.ufu.br\/index.php\/revistaeducaopoliticas\/article\/view\/21897\/12107<\/a><\/div>\n<\/div>\n<\/div>\n<\/div>\n","protected":false},"excerpt":{"rendered":"<p>Trabalho Docente e Desafios na atualidade: Entrevista com \u00c1lvaro Moreira Hypolito http:\/\/dx.doi.org\/10.21879\/faeeba2358-0194.2019.v28.n55.p183-201 Entrevista com \u00c1lvaro Moreira Hypolito:Teoria e Pesquisa do Curr\u00edculo 5292_30599_1_PB.pdf\u00a0(354.2 ko) Trabalho Docente na Am\u00e9rica Latina: Desafios ao campo da pesquisa e \u00e0s pol\u00edticas educacionais Entrevista com Dalila Andrade Oliveira e \u00c1lvaro Moreira Hypolito http:\/\/www.seer.ufu.br\/index.php\/revistaeducaopoliticas\/article\/view\/21897\/12107<\/p>\n","protected":false},"author":297,"featured_media":0,"parent":45,"menu_order":0,"comment_status":"closed","ping_status":"closed","template":"","meta":{"footnotes":""},"class_list":["post-174","page","type-page","status-publish","hentry"],"_links":{"self":[{"href":"https:\/\/wp.ufpel.edu.br\/hypolito\/wp-json\/wp\/v2\/pages\/174","targetHints":{"allow":["GET"]}}],"collection":[{"href":"https:\/\/wp.ufpel.edu.br\/hypolito\/wp-json\/wp\/v2\/pages"}],"about":[{"href":"https:\/\/wp.ufpel.edu.br\/hypolito\/wp-json\/wp\/v2\/types\/page"}],"author":[{"embeddable":true,"href":"https:\/\/wp.ufpel.edu.br\/hypolito\/wp-json\/wp\/v2\/users\/297"}],"replies":[{"embeddable":true,"href":"https:\/\/wp.ufpel.edu.br\/hypolito\/wp-json\/wp\/v2\/comments?post=174"}],"version-history":[{"count":2,"href":"https:\/\/wp.ufpel.edu.br\/hypolito\/wp-json\/wp\/v2\/pages\/174\/revisions"}],"predecessor-version":[{"id":181,"href":"https:\/\/wp.ufpel.edu.br\/hypolito\/wp-json\/wp\/v2\/pages\/174\/revisions\/181"}],"up":[{"embeddable":true,"href":"https:\/\/wp.ufpel.edu.br\/hypolito\/wp-json\/wp\/v2\/pages\/45"}],"wp:attachment":[{"href":"https:\/\/wp.ufpel.edu.br\/hypolito\/wp-json\/wp\/v2\/media?parent=174"}],"curies":[{"name":"wp","href":"https:\/\/api.w.org\/{rel}","templated":true}]}}