{"id":137,"date":"2022-03-14T11:30:35","date_gmt":"2022-03-14T14:30:35","guid":{"rendered":"https:\/\/wp.ufpel.edu.br\/hypolito\/?page_id=137"},"modified":"2022-04-23T10:35:51","modified_gmt":"2022-04-23T13:35:51","slug":"2022-1-estado-curriculo-e-reformas-educativas","status":"publish","type":"page","link":"https:\/\/wp.ufpel.edu.br\/hypolito\/pos-graduacao\/mestrado-doutorado\/2022-1-estado-curriculo-e-reformas-educativas\/","title":{"rendered":"2022\/1 &#8211; ESTADO, CURR\u00cdCULO E REFORMAS EDUCATIVAS"},"content":{"rendered":"<h3 id=\"yui_3_17_2_1_1647267372436_1457\">Leituras<\/h3>\n<h4><strong>Outras leituras que ser\u00e3o utilizadas no semestre podem ser encontradas no reposit\u00f3rio de textos\u00a0<\/strong><\/h4>\n<p>Reposit\u00f3rio ser\u00e1 informado oportunamente<\/p>\n<div id=\"document1770983_3526847\" class=\"document sousDocument\">\n<div class=\"contenu clearfix\">\n<div class=\"description\">\n<div id=\"document_3526847_fichier\" class=\"consulter\"><span id=\"document_1770985_titre\" class=\"edit\" style=\"font-size: 1.4em; font-weight: bold;\">Estado de Bem-estar Social &#8211; Fiori <\/span><span style=\"font-size: 1.4em; font-weight: bold;\">\u00a0<\/span><a style=\"font-size: 17px;\" href=\"http:\/\/eduportfolio.org\/fichiers\/download\/1281683\/1\">http:\/\/eduportfolio.org\/fichiers\/download\/1281683\/1<\/a><\/div>\n<\/div>\n<\/div>\n<\/div>\n<div id=\"document1770983_1770985\" class=\"document sousDocument\">\n<div class=\"contenu clearfix\">\n<div class=\"description\">\n<div><\/div>\n<div id=\"document_1770985_fichier\" class=\"consulter\"><span style=\"font-size: 1.4em; font-weight: bold;\">Conflito Social e Welfare State &#8211; Gomes<\/span><\/div>\n<\/div>\n<\/div>\n<\/div>\n<div id=\"document1770983_1771000\" class=\"document sousDocument\">\n<div class=\"contenu clearfix\">\n<div id=\"document_1771000_vignette\"><a href=\"http:\/\/eduportfolio.org\/fichiers\/download\/1281684\/1\">http:\/\/eduportfolio.org\/fichiers\/download\/1281684\/1<\/a><\/div>\n<div class=\"description\">\n<div><\/div>\n<div id=\"document_1771000_fichier\" class=\"consulter\"><span style=\"font-size: 1.4em; font-weight: bold;\">Boaventura Santos &#8211; Dilemas do nosso tempo: globaliza\u00e7\u00e3o, multiculturalismo e conhecimento<\/span><\/div>\n<\/div>\n<\/div>\n<\/div>\n<div id=\"document1770983_1816009\" class=\"document sousDocument\">\n<div class=\"contenu clearfix\">\n<div id=\"document_1816009_vignette\"><a href=\"http:\/\/www.curriculosemfronteiras.org\/vol3iss2articles\/boaventura.pdf\">http:\/\/www.curriculosemfronteiras.org\/vol3iss2articles\/boaventura.pdf<\/a><\/div>\n<div class=\"description\">\n<div><\/div>\n<div id=\"document_1816009_fichier\" class=\"consulter\"><span style=\"font-size: 1.4em; font-weight: bold;\">Marcos Hist\u00f3ricos na Reforma da Educa\u00e7\u00e3o<\/span><\/div>\n<\/div>\n<\/div>\n<\/div>\n<div id=\"document1770983_1816010\" class=\"document sousDocument\">\n<div class=\"contenu clearfix\">\n<div id=\"document_1816010_vignette\"><a href=\"https:\/\/eduportfolio.org\/fichiers\/download\/2510598\/1\">Nigel_Brooke.pdf<\/a> (3.1 Mo)<\/div>\n<div><\/div>\n<div><span style=\"font-size: 1.4em; font-weight: bold;\">Gerencialismo e Pol\u00edtica Educacional em um contexto Global<\/span><\/div>\n<\/div>\n<\/div>\n<div id=\"document1770983_1888705\" class=\"document sousDocument\">\n<div class=\"contenu clearfix\">\n<div id=\"document_1888705_vignette\"><a href=\"http:\/\/eduportfolio.org\/fichiers\/download\/1332314\/1\">http:\/\/eduportfolio.org\/fichiers\/download\/1332314\/1<\/a><\/div>\n<div class=\"description\">\n<div><\/div>\n<div id=\"document_1888705_fichier\" class=\"consulter\"><span style=\"font-size: 1.4em; font-weight: bold;\">Modelos organizacionais e reformas da administra\u00e7\u00e3o p\u00fablica &#8211; Secchi<\/span><\/div>\n<\/div>\n<\/div>\n<\/div>\n<div id=\"document1770983_1889331\" class=\"document sousDocument\">\n<div class=\"contenu clearfix\">\n<div id=\"document_1889331_vignette\"><a href=\"http:\/\/eduportfolio.org\/fichiers\/download\/1281685\/1\">http:\/\/eduportfolio.org\/fichiers\/download\/1281685\/1<\/a><\/div>\n<div class=\"description\">\n<div><\/div>\n<div id=\"document_1889331_fichier\" class=\"consulter\"><span style=\"font-size: 1.4em; font-weight: bold;\">Administra\u00e7\u00e3o P\u00fablica Brasileira &#8211; Ana Paula<\/span><\/div>\n<\/div>\n<\/div>\n<\/div>\n<div id=\"document1770983_1889332\" class=\"document sousDocument\">\n<div class=\"contenu clearfix\">\n<div id=\"document_1889332_vignette\"><a href=\"http:\/\/eduportfolio.org\/fichiers\/download\/1281687\/1\">http:\/\/eduportfolio.org\/fichiers\/download\/1281687\/1<\/a><\/div>\n<div class=\"description\">\n<div><\/div>\n<div id=\"document_1889332_fichier\" class=\"consulter\"><span style=\"font-size: 1.4em; font-weight: bold;\">Gerencialismo<\/span><\/div>\n<\/div>\n<\/div>\n<\/div>\n<div id=\"document1770983_1899732\" class=\"document sousDocument\">\n<div class=\"contenu clearfix\">\n<div id=\"document_1899732_vignette\"><a href=\"https:\/\/eduportfolio.org\/fichiers\/download\/2596127\/1\">gerencialismo.pdf<\/a>\u00a0(364.4 ko)<\/div>\n<div class=\"description\">\n<div><\/div>\n<div id=\"document_1899732_fichier\" class=\"consulter\"><span style=\"font-size: 1.4em; font-weight: bold;\">A Reforma do Estado nos anos 90 &#8211; Paulo Bresser-Pereira<\/span><\/div>\n<\/div>\n<\/div>\n<\/div>\n<div id=\"document1770983_1899735\" class=\"document sousDocument\">\n<div class=\"contenu clearfix\">\n<div id=\"document_1899735_vignette\"><a href=\"http:\/\/eduportfolio.org\/fichiers\/download\/1281691\/1\">http:\/\/eduportfolio.org\/fichiers\/download\/1281691\/1<\/a><\/div>\n<div class=\"description\">\n<div><\/div>\n<div id=\"document_1899735_fichier\" class=\"consulter\"><span style=\"font-size: 1.4em; font-weight: bold;\">A Reforma Educacional de NY<\/span><\/div>\n<\/div>\n<\/div>\n<\/div>\n<div id=\"document1770983_1930935\" class=\"document sousDocument\">\n<div class=\"contenu clearfix\">\n<div id=\"document_1930935_vignette\"><a href=\"https:\/\/eduportfolio.org\/fichiers\/download\/2628346\/1\">reforma_educacional_ny.pdf<\/a>\u00a0(2 Mo)<\/div>\n<div class=\"description\">\n<div><\/div>\n<div id=\"document_1930935_fichier\" class=\"consulter\"><span style=\"font-size: 1.4em; font-weight: bold;\">Relat\u00f3rio Banco Mundial &#8211; Professores<\/span><\/div>\n<\/div>\n<\/div>\n<\/div>\n<div id=\"document1770983_1930936\" class=\"document sousDocument\">\n<div class=\"contenu clearfix\">\n<div id=\"document_1930936_vignette\"><a href=\"https:\/\/eduportfolio.org\/fichiers\/download\/2628349\/1\">Great_Teachers_How_to_Raise_Student_Learning_Barbara_Bruns_Advance Edition.pdf<\/a>\u00a0(6.6 Mo)<\/div>\n<div class=\"description\">\n<div><\/div>\n<div id=\"document_1930936_fichier\" class=\"consulter\"><span style=\"font-size: 1.4em; font-weight: bold;\">Relat\u00f3rio Banco Mundial 2<\/span><\/div>\n<\/div>\n<\/div>\n<\/div>\n<div id=\"document1770983_1930937\" class=\"document sousDocument\">\n<div class=\"contenu clearfix\">\n<div id=\"document_1930937_vignette\"><a href=\"https:\/\/eduportfolio.org\/fichiers\/download\/2628351\/1\">WorldBank_World_Class.pdf<\/a>\u00a0(4.2 Mo)<\/div>\n<div class=\"description\">\n<div><\/div>\n<div id=\"document_1930937_fichier\" class=\"consulter\"><span style=\"font-size: 1.4em; font-weight: bold;\">Reforma Educacional como barb\u00e1rie social &#8211; Ball<\/span><\/div>\n<\/div>\n<\/div>\n<\/div>\n<div id=\"document1770983_1943999\" class=\"document sousDocument\">\n<div class=\"contenu clearfix\">\n<div id=\"document_1943999_vignette\"><a href=\"https:\/\/eduportfolio.org\/fichiers\/download\/2642025\/1\">ball_praxis.pdf<\/a>\u00a0(317.1 ko)<\/div>\n<div class=\"description\">\n<div><\/div>\n<div id=\"document_1943999_fichier\" class=\"consulter\"><span style=\"font-size: 1.4em; font-weight: bold;\">Reorganiza\u00e7\u00e3o Gerencialista da Escola e Trabalho Docente<\/span><\/div>\n<\/div>\n<\/div>\n<\/div>\n<div id=\"document1770983_1944000\" class=\"document sousDocument\">\n<div class=\"contenu clearfix\">\n<div id=\"document_1944000_vignette\"><a href=\"https:\/\/eduportfolio.org\/fichiers\/download\/2642027\/1\">hypolito_teor_prat.pdf<\/a> (262.1 ko)<\/div>\n<\/div>\n<\/div>\n","protected":false},"excerpt":{"rendered":"<p>Leituras Outras leituras que ser\u00e3o utilizadas no semestre podem ser encontradas no reposit\u00f3rio de textos\u00a0 Reposit\u00f3rio ser\u00e1 informado oportunamente Estado de Bem-estar Social &#8211; Fiori \u00a0http:\/\/eduportfolio.org\/fichiers\/download\/1281683\/1 Conflito Social e Welfare State &#8211; Gomes http:\/\/eduportfolio.org\/fichiers\/download\/1281684\/1 Boaventura Santos &#8211; Dilemas do nosso tempo: globaliza\u00e7\u00e3o, multiculturalismo e conhecimento http:\/\/www.curriculosemfronteiras.org\/vol3iss2articles\/boaventura.pdf Marcos Hist\u00f3ricos na Reforma da Educa\u00e7\u00e3o Nigel_Brooke.pdf (3.1 Mo) [&hellip;]<\/p>\n","protected":false},"author":297,"featured_media":0,"parent":89,"menu_order":1,"comment_status":"closed","ping_status":"closed","template":"","meta":{"footnotes":""},"class_list":["post-137","page","type-page","status-publish","hentry"],"_links":{"self":[{"href":"https:\/\/wp.ufpel.edu.br\/hypolito\/wp-json\/wp\/v2\/pages\/137","targetHints":{"allow":["GET"]}}],"collection":[{"href":"https:\/\/wp.ufpel.edu.br\/hypolito\/wp-json\/wp\/v2\/pages"}],"about":[{"href":"https:\/\/wp.ufpel.edu.br\/hypolito\/wp-json\/wp\/v2\/types\/page"}],"author":[{"embeddable":true,"href":"https:\/\/wp.ufpel.edu.br\/hypolito\/wp-json\/wp\/v2\/users\/297"}],"replies":[{"embeddable":true,"href":"https:\/\/wp.ufpel.edu.br\/hypolito\/wp-json\/wp\/v2\/comments?post=137"}],"version-history":[{"count":5,"href":"https:\/\/wp.ufpel.edu.br\/hypolito\/wp-json\/wp\/v2\/pages\/137\/revisions"}],"predecessor-version":[{"id":166,"href":"https:\/\/wp.ufpel.edu.br\/hypolito\/wp-json\/wp\/v2\/pages\/137\/revisions\/166"}],"up":[{"embeddable":true,"href":"https:\/\/wp.ufpel.edu.br\/hypolito\/wp-json\/wp\/v2\/pages\/89"}],"wp:attachment":[{"href":"https:\/\/wp.ufpel.edu.br\/hypolito\/wp-json\/wp\/v2\/media?parent=137"}],"curies":[{"name":"wp","href":"https:\/\/api.w.org\/{rel}","templated":true}]}}