{"id":883,"date":"2017-04-26T10:44:32","date_gmt":"2017-04-26T13:44:32","guid":{"rendered":"https:\/\/wp.ufpel.edu.br\/hugoguedes\/?page_id=883"},"modified":"2020-03-11T11:47:07","modified_gmt":"2020-03-11T14:47:07","slug":"planejamento-e-gestao-de-rh","status":"publish","type":"page","link":"https:\/\/wp.ufpel.edu.br\/hugoguedes\/ensino\/planejamento-e-gestao-de-rh\/","title":{"rendered":"Planejamento e Gest\u00e3o de RH"},"content":{"rendered":"<p><strong>Plano de Curso:<\/strong><\/p>\n<p><a href=\"https:\/\/wp.ufpel.edu.br\/hugoguedes\/files\/2020\/03\/plano_ensino_2020_1_15000389_T1.pdf\">plano_ensino_2020_1_15000389_T1<\/a><\/p>\n<p>&nbsp;<\/p>\n<p>&nbsp;<\/p>\n<p><strong>Apresenta\u00e7\u00f5es:<\/strong><\/p>\n<p><a href=\"https:\/\/wp.ufpel.edu.br\/hugoguedes\/files\/2019\/03\/Unidade-1.pdf\">Unidade 1<\/a><\/p>\n<p><a href=\"https:\/\/wp.ufpel.edu.br\/hugoguedes\/files\/2019\/03\/Unidade-2.pdf\">Unidade 2<\/a><\/p>\n<p><a href=\"https:\/\/wp.ufpel.edu.br\/hugoguedes\/files\/2019\/04\/Unidade-3.pdf\">Unidade 3<\/a><\/p>\n<p><a href=\"https:\/\/wp.ufpel.edu.br\/hugoguedes\/files\/2019\/04\/Unidade-4.pdf\">Unidade 4<\/a><\/p>\n<p><a href=\"https:\/\/wp.ufpel.edu.br\/hugoguedes\/files\/2019\/05\/Unidade-4_1.pdf\">Unidade 4_1<\/a><\/p>\n<p><a href=\"https:\/\/wp.ufpel.edu.br\/hugoguedes\/files\/2019\/06\/Unidade-5.pdf\">Unidade 5<\/a><\/p>\n<p><a href=\"https:\/\/wp.ufpel.edu.br\/hugoguedes\/files\/2019\/06\/Unidade-6.pdf\">Unidade 6<\/a><\/p>\n<p><a href=\"https:\/\/wp.ufpel.edu.br\/hugoguedes\/files\/2019\/06\/Unidade-7.pdf\">Unidade 7<\/a><\/p>\n<p><a href=\"https:\/\/wp.ufpel.edu.br\/hugoguedes\/files\/2019\/06\/Unidade-7_1.pdf\">Unidade 7_1<\/a><\/p>\n<p>&nbsp;<\/p>\n<p><strong>Links Interessantes:<\/strong><\/p>\n<p><strong>Ag\u00eancia Nacional de \u00c1guas &#8211; ANA<\/strong><\/p>\n<p>www.ana.gov.br<\/p>\n<p><strong>Funda\u00e7\u00e3o Estadual de Prote\u00e7\u00e3o Ambiental &#8211; FEPAM<\/strong><\/p>\n<p>www.fepam.rs.gov.br<\/p>\n<p><strong>Associa\u00e7\u00e3o Brasileira de Recursos H\u00eddricos &#8211; ABRH<\/strong><\/p>\n<p>www.abrh.org.br<\/p>\n<p>&nbsp;<\/p>\n<p>&nbsp;<\/p>\n<p>&nbsp;<\/p>\n<p>&nbsp;<\/p>\n","protected":false},"excerpt":{"rendered":"<p>Plano de Curso: plano_ensino_2020_1_15000389_T1 &nbsp; &nbsp; Apresenta\u00e7\u00f5es: Unidade 1 Unidade 2 Unidade 3 Unidade 4 Unidade 4_1 Unidade 5 Unidade 6 Unidade 7 Unidade 7_1 &nbsp; Links Interessantes: Ag\u00eancia Nacional de \u00c1guas &#8211; ANA www.ana.gov.br Funda\u00e7\u00e3o Estadual de Prote\u00e7\u00e3o Ambiental &#8211; FEPAM www.fepam.rs.gov.br Associa\u00e7\u00e3o Brasileira de Recursos H\u00eddricos &#8211; ABRH www.abrh.org.br &nbsp; &nbsp; &nbsp; &nbsp;<\/p>\n","protected":false},"author":271,"featured_media":0,"parent":7,"menu_order":7,"comment_status":"closed","ping_status":"closed","template":"","meta":{"footnotes":""},"class_list":["post-883","page","type-page","status-publish","hentry"],"_links":{"self":[{"href":"https:\/\/wp.ufpel.edu.br\/hugoguedes\/wp-json\/wp\/v2\/pages\/883","targetHints":{"allow":["GET"]}}],"collection":[{"href":"https:\/\/wp.ufpel.edu.br\/hugoguedes\/wp-json\/wp\/v2\/pages"}],"about":[{"href":"https:\/\/wp.ufpel.edu.br\/hugoguedes\/wp-json\/wp\/v2\/types\/page"}],"author":[{"embeddable":true,"href":"https:\/\/wp.ufpel.edu.br\/hugoguedes\/wp-json\/wp\/v2\/users\/271"}],"replies":[{"embeddable":true,"href":"https:\/\/wp.ufpel.edu.br\/hugoguedes\/wp-json\/wp\/v2\/comments?post=883"}],"version-history":[{"count":29,"href":"https:\/\/wp.ufpel.edu.br\/hugoguedes\/wp-json\/wp\/v2\/pages\/883\/revisions"}],"predecessor-version":[{"id":1372,"href":"https:\/\/wp.ufpel.edu.br\/hugoguedes\/wp-json\/wp\/v2\/pages\/883\/revisions\/1372"}],"up":[{"embeddable":true,"href":"https:\/\/wp.ufpel.edu.br\/hugoguedes\/wp-json\/wp\/v2\/pages\/7"}],"wp:attachment":[{"href":"https:\/\/wp.ufpel.edu.br\/hugoguedes\/wp-json\/wp\/v2\/media?parent=883"}],"curies":[{"name":"wp","href":"https:\/\/api.w.org\/{rel}","templated":true}]}}