{"id":34,"date":"2013-05-28T12:36:00","date_gmt":"2013-05-28T15:36:00","guid":{"rendered":"https:\/\/wp.ufpel.edu.br\/hugoguedes\/?page_id=34"},"modified":"2013-05-28T12:38:14","modified_gmt":"2013-05-28T15:38:14","slug":"producao-cientifica","status":"publish","type":"page","link":"https:\/\/wp.ufpel.edu.br\/hugoguedes\/producao-cientifica\/","title":{"rendered":"Produ\u00e7\u00e3o cient\u00edfica"},"content":{"rendered":"","protected":false},"excerpt":{"rendered":"","protected":false},"author":271,"featured_media":0,"parent":0,"menu_order":5,"comment_status":"closed","ping_status":"closed","template":"","meta":{"footnotes":""},"class_list":["post-34","page","type-page","status-publish","hentry"],"_links":{"self":[{"href":"https:\/\/wp.ufpel.edu.br\/hugoguedes\/wp-json\/wp\/v2\/pages\/34","targetHints":{"allow":["GET"]}}],"collection":[{"href":"https:\/\/wp.ufpel.edu.br\/hugoguedes\/wp-json\/wp\/v2\/pages"}],"about":[{"href":"https:\/\/wp.ufpel.edu.br\/hugoguedes\/wp-json\/wp\/v2\/types\/page"}],"author":[{"embeddable":true,"href":"https:\/\/wp.ufpel.edu.br\/hugoguedes\/wp-json\/wp\/v2\/users\/271"}],"replies":[{"embeddable":true,"href":"https:\/\/wp.ufpel.edu.br\/hugoguedes\/wp-json\/wp\/v2\/comments?post=34"}],"version-history":[{"count":1,"href":"https:\/\/wp.ufpel.edu.br\/hugoguedes\/wp-json\/wp\/v2\/pages\/34\/revisions"}],"predecessor-version":[{"id":43,"href":"https:\/\/wp.ufpel.edu.br\/hugoguedes\/wp-json\/wp\/v2\/pages\/34\/revisions\/43"}],"wp:attachment":[{"href":"https:\/\/wp.ufpel.edu.br\/hugoguedes\/wp-json\/wp\/v2\/media?parent=34"}],"curies":[{"name":"wp","href":"https:\/\/api.w.org\/{rel}","templated":true}]}}